{"id":2366,"date":"2012-01-26T14:43:27","date_gmt":"2012-01-26T14:43:27","guid":{"rendered":"http:\/\/fonasc-cbh.org.br\/?page_id=2366"},"modified":"2016-04-20T05:24:01","modified_gmt":"2016-04-20T05:24:01","slug":"os-rios-brasileiros-e-seu-povo","status":"publish","type":"page","link":"https:\/\/fonasc-cbh.org.br\/?page_id=2366","title":{"rendered":"RIOS BRASILEIROS E SEUS POVOS"},"content":{"rendered":"<p>&nbsp;<\/p>\n<p style=\"text-align: justify;\"><strong>INICIATIVAS DESENVOLVIDAS POR CIDAD\u00c3OS\u00a0 MOVIMENTOS E ORGANIZA\u00c7\u00d5ES\u00a0 EM PROL DA SUSTENTABILIDADE DOS RIOS BRASILEIROS\u00a0APOIADAS INCENTIVADAS OU DIVULGADAS\u00a0 OU EXECUTADAS PELO FONASC\u00a0\u00a0<\/strong><\/p>\n<p style=\"text-align: justify;\"><strong>* Partimos do princ\u00edpio que o Rio \u00e9 o maior indicador geogr\u00e1fico e vivo das condi\u00e7\u00f5es de desenvolvimento humano e pol\u00edtico de uma comunidade. Onde os rios est\u00e3o sendo mal gerenciados e mal cuidados\u00a0 as pessoas tamb\u00e9m est\u00e3o, mostrando um ciclo vicioso que necessita ser enfrentado\u00a0no \u00e2mbito das pol\u00edtcas p\u00fablicas,\u00a0\u00a0\u00a0sendo a pr\u00f3pria raz\u00e3o de ser do FONASC enquanto experi\u00eancia pol\u00edtica e humana de interesse social. <\/strong><\/p>\n<ul>\n<li><a title=\"regi\u00f5es hidrogr\u00e1ficas \" href=\"http:\/\/www.google.com.br\/search?q=REGI%C3%95ES+HIDROGFR%C3%81FICAS+BRASILEIRAS&amp;rls=com.microsoft:pt-br:IE-SearchBox&amp;ie=UTF-8&amp;oe=UTF-8&amp;sourceid=ie7&amp;rlz=1I7ADSA_pt-BR&amp;redir_esc=&amp;ei=qIYIT-mlNcqEtgfvp9nSDQ\">*Veja as regi\u00f5es hidrogr\u00e1ficas brasileiras onde se situam esses rios\u00a0 <\/a><\/li>\n<li><strong><\/strong>(P\u00e1ginas em Constru\u00e7\u00e3o)<\/li>\n<li><a title=\"SW\" href=\"http:\/\/sosriosdobrasil.blogspot.com.br\/2012\/12\/acoes-pelos-rios-do-br-na-semana-foram.html\" target=\"_blank\">VEJA BLOG SOBRE A\u00c7\u00d5ES PRO ATIVAS PELOS RIOS DO BRASIL <\/a><\/li>\n<\/ul>\n<p>&nbsp;<\/p>\n<p style=\"text-align: center;\"><strong>REGI\u00d5ES\u00a0 HIDROGR\u00c1FICAS\u00a0 BRASILEIRAS <\/strong><\/p>\n<p>&nbsp;<\/p>\n<p><strong>NORTE &#8211;<\/strong>\u00a0RIO AMAZONAS,\u00a0<a title=\"taajos\" href=\"http:\/\/www.movimentotapajosvivo.com.br\/site\/\" target=\"_blank\">Rio Tapajos<\/a>, <a title=\"ASD\" href=\"https:\/\/fonasc-cbh.org.br\/?s=tapajos\">RIO TAPAJO<\/a>S ,Rio\u00a0Acre, Bacias Insulares da Ilha de Maraj\u00f3- RIO BRANCO,RIO ROLIM DE MOURA, RIO MUQUI E RIO S\u00c3O MIGUEL\u201d, (RO) <a title=\"faor\" href=\"http:\/\/www.faor.org.br\/\" target=\"_blank\">Regi\u00e3o Amaz\u00f4nia Oriental <\/a>&#8211; <a title=\"rio da amazonia \" href=\"http:\/\/telmadmonteiro.blogspot.com.br\/\" target=\"_blank\">Empreendimentos impactantes nos Rios da Amazonia <\/a><\/p>\n<p><strong>NORDESTE ORIENTAL<\/strong>&#8211;\u00a0<a title=\"rp\" href=\"https:\/\/fonasc-cbh.org.br\/?page_id=3419\" target=\"_blank\">Rio Parnaiba\u00a0, RP \u00a0RP, RIO PARNAIBA <\/a>&#8211; Corearu (CE), Acara\u00fa (CE) <a title=\"banabuiu\" href=\"http:\/\/www.youtube.com\/watch?v=nb1oTGH6wnM&amp;feature=youtu.be\" target=\"_blank\">Banabui\u00fa (CE)<\/a><\/p>\n<p><strong>NORDESTE OCIDENTAL<\/strong>&#8211; (MA)( Bacias Insulares da Ilha de S\u00c3O luiz &#8211; MA\u00a0( Rio Anil, <a title=\"rio jequyiparana \" href=\"http:\/\/www.youtube.com\/watch?v=Cy4ECk8Ag-8&amp;feature=player_embedded\" target=\"_blank\">Jequiparana<\/a>.)\u00a0\u00a0Rio Itapecuru (MA) Rio Mearim,( MA) Rio Turiacu (MA) Rio Balsas ( MA)<\/p>\n<p><strong>ATL\u00c3NTICO LESTE\u00a0<\/strong>&#8211;<a title=\"rio una\" href=\"http:\/\/www.google.com.br\/search?q=rio+ipojuca&amp;hl=pt-BR&amp;rls=com.microsoft:pt-br:IE-SearchBox&amp;rlz=1I7ADSA_pt-BR&amp;prmd=imvns&amp;source=lnms&amp;tbm=isch&amp;ei=TCoHT7W0N8W3twf0k9nQBg&amp;sa=X&amp;oi=mode_link&amp;ct=mode&amp;cd=2&amp;ved=0CBkQ_AUoAQ&amp;biw=1280&amp;bih=795#hl=pt-BR&amp;rls=com.microsoft:pt-br%3AIE-SearchBox&amp;rlz=1I7ADSA_pt-BR&amp;tbm=isch&amp;sa=1&amp;q=rio+una+pernambuco&amp;oq=rio+una+pe&amp;aq=1&amp;aqi=g2g-S1&amp;aql=&amp;gs_sm=c&amp;gs_upl=35320l36419l0l37974l3l3l0l1l1l0l347l649l3-2l2l0&amp;bav=on.2,or.r_gc.r_pw.,cf.osb&amp;fp=8387e1e01db84f9b&amp;biw=1280&amp;bih=705\" target=\"_blank\">\u00a0Rio Una (PE)<\/a>,<a title=\"RIO BEBERIBE \" href=\"https:\/\/fonasc-cbh.org.br\/?page_id=1394\" target=\"_blank\">\u00a0RIO BEBERIBE (PE)\u00a0<\/a>,<a title=\"RIO IPOJUCA\" href=\"https:\/\/fonasc-cbh.org.br\/?page_id=1571\" target=\"_blank\">\u00a0RIO IPOJUCA* <strong><\/strong><\/a>,Rio <a title=\"entrevista \" href=\"https:\/\/docs.google.com\/open?id=0B66TtT_YnoXvUlBnSUQydVVOUU0\" target=\"_blank\">Ipojuca<\/a> \u00a0<a title=\"rio capibaribe \" href=\"https:\/\/fonasc-cbh.org.br\/?page_id=2295\" target=\"_blank\">Rio Capibaribe &#8211; Pernambuco<\/a>,\u00a0<a title=\"MUNDAU- AL \" href=\"https:\/\/fonasc-cbh.org.br\/?p=2030\" target=\"_blank\">COMPLEXO ESTUARINO DOS RIOS E \u00a0DA LAGOA MUNDAU\u00a0\u00a0<\/a>, Rio Pimtibu, Rios estuarinos do litoral sul da Paraiba<\/p>\n<p><strong>ATL\u00c3NTICO SUDESTE<\/strong> &#8211;<a title=\"asdf\" href=\"https:\/\/fonasc-cbh.org.br\/?page_id=289\" target=\"_blank\">Rio Maca\u00e9<\/a>,COMPLEXO ESTUARINO DA BAIXADA SANTISTA\u00a0,\u00a0RIO S\u00c3O <a title=\"MUNDAU- AL \" href=\"https:\/\/fonasc-cbh.org.br\/?p=2030\" target=\"_blank\">MATEUS (ES)<\/a>,\u00a0Rio <a title=\"atua\u00e7\u00e3o do fonasc na BACIA DO RIO DOCE  \" href=\"https:\/\/fonasc-cbh.org.br\/?p=1288\" target=\"_blank\">Doce<\/a>\u00a0(<a title=\"plano rio doce \" href=\"https:\/\/docs.google.com\/a\/fonasc-cbh.org.br\/file\/d\/0B66TtT_YnoXvMVhBR3drQXJRei1QUlVQVXJqZHVjUQ\/edit\" target=\"_blank\"> Rio Doce parecer sobre o Plano de Bacias <\/a>),\u00a0RIO\u00a0 Santo Antonio- BACIA R DOCE* Rio Paraiba do Sul\u00a0,<\/p>\n<p><strong>SUL &#8211; cartilha &#8211; bacias do Pantanal Mato Grosso &#8211; Rio Uruguai \u00a0<a title=\"manual \" href=\"https:\/\/docs.google.com\/open?id=0B66TtT_YnoXvYjBiMmE1YzctMTEyNy00YTIzLWJiYTMtZjAxMTM1NjQ0NTk1\" target=\"_blank\">manual dos movimentos sociais <\/a><\/strong><\/p>\n<p><strong>\u00a0RIO S\u00c3O FRANCISCO<\/strong> &#8211; Alto\u00a0 &#8211; <a title=\"entidade  parceira que atua no Baixo S\u00e3o Francisco \" href=\"http:\/\/canoadetolda.org.br\/\" target=\"_blank\">M\u00e9dio<\/a> &#8211; \u00a0Baixo,\u00a0CBH nascentes SF -, <a title=\"rio paracatu \" href=\"http:\/\/www.movimentoverdedeparacatu.blogspot.com\/\" target=\"_blank\">SF 1(nascentes), Rio\u00a0PARACATU<\/a>,\u00a0Rio Paje\u00fa (PE) ,\u00a0<a title=\"rio das VelhAS \" href=\"https:\/\/fonasc-cbh.org.br\/?page_id=1451\" target=\"_blank\">RIO DAS VELHAS (MG)<\/a>, <a title=\"ASD\" href=\"https:\/\/fonasc-cbh.org.br\/?p=6615\" target=\"_blank\">rio das velhas<\/a> \u00a0<a title=\"rio salitre\" href=\"https:\/\/fonasc-cbh.org.br\/?p=1827 \" target=\"_blank\">RIO SALITRE (BA),<\/a>\u00a0\u00a0<a title=\"fonasc\" href=\"https:\/\/docs.google.com\/a\/fonasc-cbh.org.br\/viewer?a=v&amp;pid=explorer&amp;chrome=true&amp;srcid=0B66TtT_YnoXvM2MxYmFmODktYzZlMy00NzgxLWI5NmMtMDgyMTVkNmI4OGVl&amp;hl=pt_BR\" target=\"_blank\">RIO PARAOPEBA (MG)<\/a>, <a title=\"RIO PARAOPEBA \" href=\"https:\/\/fonasc-cbh.org.br\/?wpfb_dl=204\" target=\"_blank\">RIO PARAOPEBA<\/a>; Rio S\u00e3o Francisco<\/p>\n<p><strong>BACIAS DO RIO PARANA<\/strong> &#8211;\u00a0<a title=\"PARANAIBA\" href=\"https:\/\/fonasc-cbh.org.br\/?page_id=982\" target=\"_blank\">Rio Parana\u00edba<\/a>,( <a title=\"rio batgagem \" href=\"https:\/\/mail-attachment.googleusercontent.com\/attachment\/u\/0\/?ui=2&amp;ik=1308a59ca2&amp;view=att&amp;th=137b7899bbee074f&amp;attid=0.1&amp;disp=inline&amp;realattid=f_h31isqzg0&amp;safe=1&amp;zw&amp;saduie=AG9B_P_txVDJe3g74QaqBrd6J8op&amp;sadet=1339089108778&amp;sads=A1uNDON0UlYjOo9xvc2-b8zmZKg\" target=\"_blank\">Rio Bagagem &#8211; afluentes do Paranaiba<\/a>) RIO \u00a0R SANTO ANTONIO PN1 ( BACIA DO PARANAIBA)cbh pn1,\u00a0RIO\u00a0 Araguari, <a title=\"ASS\" href=\"http:\/\/www.youtube.com\/channel\/UCm73rg2mAnqBVQaWetyOsQA?feature=watch.\" target=\"_blank\">VIDEO COM A PARTICIPA\u00c7\u00c3O DO FONASC<\/a><\/p>\n<p><strong>\u00a0RIO\u00a0 GRANDE, <a title=\"RIO TIBAJI \" href=\"https:\/\/fonasc-cbh.org.br\/?page_id=2452 \" target=\"_blank\">RIO TIBAJI (PR)<\/a>, <a title=\"rio iguacu \" href=\"https:\/\/groups.google.com\/group\/forumongs\/browse_thread\/thread\/5a8439cf6e8edbb6?hl=pt\" target=\"_blank\">Rio Igua\u00e7u <\/a>, <a title=\"fonasc-cbh\" href=\"Nosso Blog: http:\/\/agenda21taguatinga-df.blogspot.com\/2011\/01\/noticias.html \" target=\"_blank\">Rio Descoberto &#8211; DF <\/a><\/strong><\/p>\n<p><strong><a title=\"fonasc\" href=\"https:\/\/fonasc-cbh.org.br\/?p=4792\" target=\"_blank\">PCJ- PIRACICABA CAPIVARI JUNDIAI<\/a>\u00a0&#8211;<a title=\"de\" href=\"https:\/\/docs.google.com\/folder\/d\/0B_-yyLekWKMmQkp4T1RNNndBc0U\/edit?usp=sharing\" target=\"_blank\">pcj<\/a><\/strong><\/p>\n<p><strong>BACIAS DO ATL\u00c2NTICO SUL &#8211;\u00a0Bacias Insulares da Ilha de Florion\u00f3p\u00f3lis<\/strong><\/p>\n<p><strong>\u00a0<a title=\"araguaia tocatins \" href=\"https:\/\/fonasc-cbh.org.br\/?wpfb_dl=17\" target=\"_blank\">BACIAS RIO ARAGUAIA\u00a0 TOCANTINS<\/a><\/strong><a title=\"araguaia tocatins \" href=\"https:\/\/fonasc-cbh.org.br\/?wpfb_dl=17\" target=\"_blank\">-Rio Tocantins e\u00a0Aragu\u00e1ia<\/a><\/p>\n<p><strong>RIO URUGUAI<\/strong> &#8211; Rio Pratinin,<\/p>\n<p><strong>RIO PARAGUAI \u00a0&#8211; <a title=\"rio do Pantanal \" href=\"http:\/\/www.riosvivos.org.br\/Canal\/Ecoa\/37\" target=\"_blank\">Rios do Pantanal Matogrossense\u00a0<\/a>, <a title=\"atua\u00e7\u00e3o da Dra D\u00e9bora Calheiros \" href=\"http:\/\/www.google.com.br\/search?q=DEBORA+CALHEIROS+&amp;rls=com.microsoft:pt-br:IE-SearchBox&amp;ie=UTF-8&amp;oe=UTF-8&amp;sourceid=ie7&amp;rlz=1I7ADSA_pt-BR&amp;redir_esc=&amp;ei=-aUlT4WPOIyEtgf9yIDTCw\" target=\"_blank\">ATUA\u00c7\u00c3O NA CTAP -CNRH (DEBORA CALHEIROS )<\/a> <a title=\"movimento pantanal \" href=\"https:\/\/docs.google.com\/open?id=0B66TtT_YnoXvMHdwVjQxNWtTaHlkVG5PWmkwOHczQQ\" target=\"_blank\">Pantanal Movimento<\/a><\/strong><\/p>\n<p><strong><a title=\"FONASC\" href=\"https:\/\/fonasc-cbh.org.br\/?p=5945\" target=\"_blank\">DIA DO RIO PARAGUAI &#8211; FOTOS<\/a><\/strong><\/p>\n<p><strong><a title=\"rios costeiros \" href=\"https:\/\/fonasc-cbh.org.br\/?p=2030 \" target=\"_blank\">RIOS COSTEIROS E ESTUARINOS <\/a><\/strong><\/p>\n<p><strong>\u00a0<\/strong><\/p>\n<p>&nbsp;<\/p>\n<p>&nbsp;<\/p>\n","protected":false},"excerpt":{"rendered":"<p>&nbsp; INICIATIVAS DESENVOLVIDAS POR CIDAD\u00c3OS\u00a0 MOVIMENTOS E ORGANIZA\u00c7\u00d5ES\u00a0 EM PROL DA SUSTENTABILIDADE DOS RIOS BRASILEIROS\u00a0APOIADAS INCENTIVADAS OU DIVULGADAS\u00a0 OU EXECUTADAS&#8230;<\/p>\n","protected":false},"author":3,"featured_media":0,"parent":3003,"menu_order":0,"comment_status":"open","ping_status":"open","template":"","meta":{"footnotes":""},"_links":{"self":[{"href":"https:\/\/fonasc-cbh.org.br\/index.php?rest_route=\/wp\/v2\/pages\/2366"}],"collection":[{"href":"https:\/\/fonasc-cbh.org.br\/index.php?rest_route=\/wp\/v2\/pages"}],"about":[{"href":"https:\/\/fonasc-cbh.org.br\/index.php?rest_route=\/wp\/v2\/types\/page"}],"author":[{"embeddable":true,"href":"https:\/\/fonasc-cbh.org.br\/index.php?rest_route=\/wp\/v2\/users\/3"}],"replies":[{"embeddable":true,"href":"https:\/\/fonasc-cbh.org.br\/index.php?rest_route=%2Fwp%2Fv2%2Fcomments&post=2366"}],"version-history":[{"count":86,"href":"https:\/\/fonasc-cbh.org.br\/index.php?rest_route=\/wp\/v2\/pages\/2366\/revisions"}],"predecessor-version":[{"id":2376,"href":"https:\/\/fonasc-cbh.org.br\/index.php?rest_route=\/wp\/v2\/pages\/2366\/revisions\/2376"}],"up":[{"embeddable":true,"href":"https:\/\/fonasc-cbh.org.br\/index.php?rest_route=\/wp\/v2\/pages\/3003"}],"wp:attachment":[{"href":"https:\/\/fonasc-cbh.org.br\/index.php?rest_route=%2Fwp%2Fv2%2Fmedia&parent=2366"}],"curies":[{"name":"wp","href":"https:\/\/api.w.org\/{rel}","templated":true}]}}