{"id":2219,"date":"2012-01-22T17:42:16","date_gmt":"2012-01-22T17:42:16","guid":{"rendered":"http:\/\/fonasc-cbh.org.br\/?page_id=2219"},"modified":"2015-03-24T01:44:23","modified_gmt":"2015-03-24T01:44:23","slug":"instrumentos-de-gestao-das-aguas-atuacao","status":"publish","type":"page","link":"https:\/\/fonasc-cbh.org.br\/?page_id=2219","title":{"rendered":"RIOS INSTRUMENTOS DE GEST\u00c3O"},"content":{"rendered":"<p>&nbsp;<\/p>\n<p style=\"text-align: justify;\"><strong>Para\u00a0 que a gest\u00e3o dos rios\u00a0BRASILEIROS \u00a0no pa\u00eds ocorra de forma descentralizada, integrada e participativa, de acordo com a Pol\u00edtica Nacional institu\u00edda a partir de Lei 9.433\/97, o Sistema Nacional de Gerenciamento de Recursos H\u00eddricos constitu\u00eddo de um conjunto de mecanismos jur\u00eddico-administrativos, composto por leis e institui\u00e7\u00f5es, de um <a href=\"http:\/\/www.cnrh-srh.gov.br\">Conselho Nacional de Recursos H\u00eddricos<\/a>; de <a href=\"http:\/\/www.sigrh.sp.gov.br\/cgi-bin\/sigrh_cgi.exe\/HPComites?Comite=CRH\">Conselhos Estaduais<\/a> e do Distrito Federal e dos <a href=\"..\/comite\/comite_01.asp\">Comit\u00eas de Bacias Hidrogr\u00e1ficas<\/a>,.\u00a0 conta com instrumentos de gest\u00e3o.\u00a0 O mesmo o.orre com os Sistemas Estaduais. A fun\u00e7\u00e3o principal desses instrumentos ou ferramentas de gest\u00e3o \u00e9 possibilitar a implementa\u00e7\u00e3o da Pol\u00edtica Nacional e das Pol\u00edticas Estaduais de Recursos H\u00eddricos. A Lei 9.433\/97 estabelece os seguintes instrumentos de gest\u00e3o: Planos de Recursos H\u00eddricos e Plano de Bacias;Outorga ,do direito de uso dos recursos h\u00eddricos.Enquadramento dos corpos d\u2019\u00e1gua;Sistema de Informa\u00e7\u00f5es. Cobran\u00e7a pelo uso da \u00e1gua.(vide tamb\u00e9m www;rede das \u00e1guas .org.br) <\/strong><\/p>\n<p style=\"text-align: justify;\"><strong>ATUALMENTE O FONASC TEM RESISTIDO E ENFRENTADO UMA \u00a0GRANDE OFENSIVA NO SENTIDO DE N\u00c3O \u00a0ADOTAR-SE ESTES INSTRUMENTOS OU ADOTA-lOS\u00a0\u00a0\u00a0DE FORMA DESVIRTUADA DERRESPEITANDO OS PRINCIPIOS DE PARTICIPA\u00c7\u00c3O\u00a0 E CONTROLE SOCIAL. vide eles \u00a0 <\/strong><\/p>\n<p><strong><a title=\"COBRAN\u00c7A\" href=\"https:\/\/fonasc-cbh.org.br\/?page_id=1048\" target=\"_blank\">COBRAN\u00c7A<\/a><\/strong><\/p>\n<p><strong><a title=\"outorgas de \u00e1guas \" href=\"https:\/\/fonasc-cbh.org.br\/?page_id=2241\" target=\"_blank\">OUTORGAS <\/a><\/strong><\/p>\n<p><strong><a title=\"planos \" href=\"https:\/\/fonasc-cbh.org.br\/?page_id=2407\" target=\"_blank\">PLANO DE RECURSOS H\u00cdDRICOS <\/a>&#8211; <a title=\"ultuima vers\u00e3o \" href=\"https:\/\/fonasc-cbh.org.br\/?wpfb_dl=82\" target=\"_blank\">VEJA ultima vers\u00e3o \u00a0<\/a><\/strong><\/p>\n<p><strong><a title=\"SISTEMA DE INFORMA\u00c7\u00d5ES \" href=\"https:\/\/fonasc-cbh.org.br\/?page_id=2584 \" target=\"_blank\">SISTEMA DE INFORMA\u00c7\u00d5ES<\/a>\u00a0e <a title=\"SNIRH\" href=\"http:\/\/portalsnirh.ana.gov.br\/\" target=\"_blank\">SNIRH<\/a><\/strong><\/p>\n<p><strong><a title=\"enquadramento \" href=\"https:\/\/fonasc-cbh.org.br\/?page_id=2428\">ENQUADRAMENTO<\/a>\u00a0<\/strong><\/p>\n<p>&nbsp;<\/p>\n<p>veja mais em<\/p>\n<p>Instrumentos de Gest\u00e3o<\/p>\n<div><a href=\"http:\/\/www2.ana.gov.br\/Paginas\/servicos\/planejamento\/planoderecursos\/PlanosdeRecursos.aspx\">\u00bb Planos de recursos h\u00eddricos<\/a>\u00a0\u00a0<a href=\"http:\/\/www2.ana.gov.br\/Paginas\/servicos\/planejamento\/PlanejamentoRH_enquadramento.aspx\">\u00bb<\/a><\/div>\n<div><a href=\"http:\/\/www2.ana.gov.br\/Paginas\/servicos\/planejamento\/PlanejamentoRH_enquadramento.aspx\"> Enquadramento\u00a0<\/a><\/div>\n<div>\u00a0<a href=\"http:\/\/www2.ana.gov.br\/Paginas\/institucional\/SobreaAna\/uorgs\/sof\/geout.aspx\">\u00bb Outorga\u00a0<\/a><\/div>\n<div>\u00a0<a href=\"http:\/\/www2.ana.gov.br\/Paginas\/servicos\/cobrancaearrecadacao\/cobrancaearrecadacao.aspx\">\u00bb Cobran\u00e7a\u00a0<\/a><\/div>\n<div>\u00a0<a href=\"http:\/\/www.snirh.gov.br\/\">\u00bb SNIRH<\/a><\/div>\n<p>&nbsp;<\/p>\n","protected":false},"excerpt":{"rendered":"<p>&nbsp; Para\u00a0 que a gest\u00e3o dos rios\u00a0BRASILEIROS \u00a0no pa\u00eds ocorra de forma descentralizada, integrada e participativa, de acordo com a&#8230;<\/p>\n","protected":false},"author":3,"featured_media":0,"parent":2623,"menu_order":0,"comment_status":"closed","ping_status":"open","template":"","meta":{"footnotes":""},"_links":{"self":[{"href":"https:\/\/fonasc-cbh.org.br\/index.php?rest_route=\/wp\/v2\/pages\/2219"}],"collection":[{"href":"https:\/\/fonasc-cbh.org.br\/index.php?rest_route=\/wp\/v2\/pages"}],"about":[{"href":"https:\/\/fonasc-cbh.org.br\/index.php?rest_route=\/wp\/v2\/types\/page"}],"author":[{"embeddable":true,"href":"https:\/\/fonasc-cbh.org.br\/index.php?rest_route=\/wp\/v2\/users\/3"}],"replies":[{"embeddable":true,"href":"https:\/\/fonasc-cbh.org.br\/index.php?rest_route=%2Fwp%2Fv2%2Fcomments&post=2219"}],"version-history":[{"count":28,"href":"https:\/\/fonasc-cbh.org.br\/index.php?rest_route=\/wp\/v2\/pages\/2219\/revisions"}],"predecessor-version":[{"id":2225,"href":"https:\/\/fonasc-cbh.org.br\/index.php?rest_route=\/wp\/v2\/pages\/2219\/revisions\/2225"}],"up":[{"embeddable":true,"href":"https:\/\/fonasc-cbh.org.br\/index.php?rest_route=\/wp\/v2\/pages\/2623"}],"wp:attachment":[{"href":"https:\/\/fonasc-cbh.org.br\/index.php?rest_route=%2Fwp%2Fv2%2Fmedia&parent=2219"}],"curies":[{"name":"wp","href":"https:\/\/api.w.org\/{rel}","templated":true}]}}