{"id":20306,"date":"2018-12-11T01:17:16","date_gmt":"2018-12-11T01:17:16","guid":{"rendered":"http:\/\/fonasc-cbh.org.br\/?page_id=20306"},"modified":"2019-04-19T12:45:04","modified_gmt":"2019-04-19T12:45:04","slug":"rio-doce","status":"publish","type":"page","link":"https:\/\/fonasc-cbh.org.br\/?page_id=20306","title":{"rendered":"RIO DOCE"},"content":{"rendered":"<div>A PARTIR DE 2017 O FONASC PASSOU A SER MEMBRO DA REPRESENTA\u00c7\u00c3O A SOC CIVIL NO CBH DOCE<\/div>\n<div><span style=\"font-family: 'trebuchet ms', sans-serif;\">Segue anexa lista de presen\u00e7a e link para acesso \u00e0s apresenta\u00e7\u00f5es realizadas durante a 25\u00aa Reuni\u00e3o Ordin\u00e1ria do CBH-Doce, ocorrida em <\/span><\/div>\n<div><span style=\"font-family: 'trebuchet ms', sans-serif;\">Governador Valadares no dia 06\/12\/2018.<\/span><\/div>\n<div><span style=\"font-family: 'trebuchet ms', sans-serif;\"><br \/>\n<\/span><\/div>\n<div><span style=\"font-family: 'trebuchet ms', sans-serif;\"><strong>Link para acesso \u00e0s apresenta\u00e7\u00f5es:\u00a0<\/strong><a title=\"ASD\" href=\"Segue anexa lista de presen\u00e7a e link para acesso \u00e0s apresenta\u00e7\u00f5es realizadas durante a 25\u00aa Reuni\u00e3o Ordin\u00e1ria do CBH-Doce, ocorrida em Governador Valadares no dia 06\/12\/2018.  Link para acesso \u00e0s apresenta\u00e7\u00f5es: https:\/\/drive.google.com\/drive\/folders\/13Sk9qGVGcpH2S-cb-0M-PwiF9jaIW6B4?usp=sharing  \" target=\"_blank\">https:\/\/drive.google.com\/drive\/folders\/13Sk9qGVGcpH2S-cb-0M-PwiF9jaIW6B4?usp=sharing\u00a0\u00a0<\/a><\/span><\/div>\n<p><strong><strong><a title=\"AS\" href=\"https:\/\/fonasc-cbh.org.br\/?s=rio+doce\" target=\"_blank\">VEJA AS DEMAIS NOTICIAS COM NOSSA ATUA\u00c7\u00c3O NESSA BACIA<\/a><\/strong><\/strong><\/p>\n","protected":false},"excerpt":{"rendered":"<p>A PARTIR DE 2017 O FONASC PASSOU A SER MEMBRO DA REPRESENTA\u00c7\u00c3O A SOC CIVIL NO CBH DOCE Segue anexa&#8230;<\/p>\n","protected":false},"author":2,"featured_media":0,"parent":3059,"menu_order":0,"comment_status":"closed","ping_status":"open","template":"","meta":{"footnotes":""},"_links":{"self":[{"href":"https:\/\/fonasc-cbh.org.br\/index.php?rest_route=\/wp\/v2\/pages\/20306"}],"collection":[{"href":"https:\/\/fonasc-cbh.org.br\/index.php?rest_route=\/wp\/v2\/pages"}],"about":[{"href":"https:\/\/fonasc-cbh.org.br\/index.php?rest_route=\/wp\/v2\/types\/page"}],"author":[{"embeddable":true,"href":"https:\/\/fonasc-cbh.org.br\/index.php?rest_route=\/wp\/v2\/users\/2"}],"replies":[{"embeddable":true,"href":"https:\/\/fonasc-cbh.org.br\/index.php?rest_route=%2Fwp%2Fv2%2Fcomments&post=20306"}],"version-history":[{"count":4,"href":"https:\/\/fonasc-cbh.org.br\/index.php?rest_route=\/wp\/v2\/pages\/20306\/revisions"}],"predecessor-version":[{"id":20308,"href":"https:\/\/fonasc-cbh.org.br\/index.php?rest_route=\/wp\/v2\/pages\/20306\/revisions\/20308"}],"up":[{"embeddable":true,"href":"https:\/\/fonasc-cbh.org.br\/index.php?rest_route=\/wp\/v2\/pages\/3059"}],"wp:attachment":[{"href":"https:\/\/fonasc-cbh.org.br\/index.php?rest_route=%2Fwp%2Fv2%2Fmedia&parent=20306"}],"curies":[{"name":"wp","href":"https:\/\/api.w.org\/{rel}","templated":true}]}}