{"id":15161,"date":"2016-02-21T21:51:32","date_gmt":"2016-02-21T21:51:32","guid":{"rendered":"http:\/\/fonasc-cbh.org.br\/?page_id=15161"},"modified":"2016-02-22T16:45:51","modified_gmt":"2016-02-22T16:45:51","slug":"boletim-fonasc-70","status":"publish","type":"page","link":"https:\/\/fonasc-cbh.org.br\/?page_id=15161","title":{"rendered":"BOLETIM FONASC #70"},"content":{"rendered":"<table width=\"100%\" border=\"0\" cellspacing=\"0\" cellpadding=\"0\" bgcolor=\"#f4f3eb\">\n<tbody>\n<tr>\n<td align=\"center\" valign=\"top\" width=\"100%\">\n<table width=\"100%\" border=\"0\" cellspacing=\"0\" cellpadding=\"0\">\n<tbody>\n<tr>\n<td>\n<table width=\"100%\" border=\"0\" cellspacing=\"0\" cellpadding=\"0\" align=\"center\">\n<tbody>\n<tr>\n<td align=\"center\" valign=\"top\" bgcolor=\"#b3e0df\" width=\"100%\">\n<div id=\"yiv9961962182dv_8\">\n<table width=\"600\" border=\"0\" cellspacing=\"0\" cellpadding=\"0\">\n<tbody>\n<tr>\n<td>\n<table width=\"100%\" border=\"0\" cellspacing=\"0\" cellpadding=\"0\">\n<tbody>\n<tr>\n<td align=\"center\" valign=\"top\">\n<table width=\"600\" border=\"0\" cellspacing=\"0\" cellpadding=\"0\" align=\"left\">\n<tbody>\n<tr>\n<td align=\"left\" valign=\"top\">\n<div>\n<div align=\"center\">\n<table border=\"0\" cellspacing=\"0\" cellpadding=\"0\" align=\"left\">\n<tbody>\n<tr>\n<td><img decoding=\"async\" src=\"https:\/\/images.benchmarkemail.com\/client569506\/image2660364.png\" alt=\"\" width=\"240\" border=\"0\" \/><\/td>\n<\/tr>\n<\/tbody>\n<\/table>\n<p>INFORMATIVO\u00a0#70<br \/>\n19 de fevereiro de 2016<\/p>\n<\/div>\n<\/div>\n<\/td>\n<\/tr>\n<\/tbody>\n<\/table>\n<\/td>\n<\/tr>\n<\/tbody>\n<\/table>\n<\/td>\n<\/tr>\n<\/tbody>\n<\/table>\n<\/div>\n<\/td>\n<\/tr>\n<tr>\n<td align=\"center\" valign=\"top\" width=\"100%\">\n<table width=\"100%\" border=\"0\" cellspacing=\"0\" cellpadding=\"0\" align=\"center\">\n<tbody>\n<tr>\n<td align=\"center\" valign=\"top\" bgcolor=\"#185b7e\" width=\"100%\">\n<div id=\"yiv9961962182dv_9\">\n<table width=\"600\" border=\"0\" cellspacing=\"0\" cellpadding=\"0\">\n<tbody>\n<tr>\n<td>\n<table width=\"100%\" border=\"0\" cellspacing=\"0\" cellpadding=\"0\">\n<tbody>\n<tr>\n<td align=\"center\" valign=\"top\">\n<table width=\"600\" border=\"0\" cellspacing=\"0\" cellpadding=\"0\" align=\"left\">\n<tbody>\n<tr>\n<td align=\"left\" valign=\"top\">\n<div><span style=\"color: #99cc00;\">Visite nosso site\u00a0<a href=\"http:\/\/benchemail.bmetrack.com\/c\/l?u=5ECC150&amp;e=8E3244&amp;c=8B0A2&amp;t=0&amp;l=236F4318&amp;email=7hzp27cFJmY%2Fx4C14HJfgE77cVeyyRkN&amp;seq=1\" rel=\"nofollow\" target=\"_blank\"><span style=\"color: #99cc00;\"><img decoding=\"async\" src=\"https:\/\/benchmarkemail.com\/images\/templates_n\/new_editor\/Templates\/Glasses\/Arrow.png\" alt=\"\" width=\"25\" border=\"0\" \/><\/span><\/a><\/span><\/div>\n<\/td>\n<\/tr>\n<\/tbody>\n<\/table>\n<\/td>\n<\/tr>\n<\/tbody>\n<\/table>\n<\/td>\n<\/tr>\n<\/tbody>\n<\/table>\n<\/div>\n<div id=\"yiv9961962182dv_2\">\n<table width=\"600\" border=\"0\" cellspacing=\"0\" cellpadding=\"0\">\n<tbody>\n<tr>\n<td>\n<table width=\"100%\" border=\"0\" cellspacing=\"0\" cellpadding=\"0\">\n<tbody>\n<tr>\n<td align=\"center\"><img decoding=\"async\" src=\"https:\/\/images.benchmarkemail.com\/client569506\/image2792914.jpg\" alt=\"\" width=\"560\" \/><\/td>\n<\/tr>\n<\/tbody>\n<\/table>\n<\/td>\n<\/tr>\n<\/tbody>\n<\/table>\n<\/div>\n<div id=\"yiv9961962182dv_6\">\n<table width=\"600\" border=\"0\" cellspacing=\"0\" cellpadding=\"0\">\n<tbody>\n<tr>\n<td>\n<table width=\"100%\" border=\"0\" cellspacing=\"0\" cellpadding=\"0\">\n<tbody>\n<tr>\n<td align=\"center\" valign=\"top\">\n<table width=\"600\" border=\"0\" cellspacing=\"0\" cellpadding=\"0\" align=\"left\">\n<tbody>\n<tr>\n<td align=\"left\" valign=\"top\">\n<div><span style=\"color: #ffffff;\">Rio Parana\u00edba &#8211; Fonasc.CBH participa da 35\u00aa Reuni\u00e3o da CTPI do Comit\u00ea de Bacia do Rio.<\/span>\u00a0<span style=\"color: #ff6600;\"><a href=\"http:\/\/benchemail.bmetrack.com\/c\/l?u=5ED7591&amp;e=8E3244&amp;c=8B0A2&amp;t=0&amp;l=236F4318&amp;email=7hzp27cFJmY%2Fx4C14HJfgE77cVeyyRkN&amp;seq=1\" rel=\"nofollow\" target=\"_blank\"><span style=\"color: #ff6600;\">Saiba mais<\/span><\/a><\/span><\/div>\n<\/td>\n<\/tr>\n<\/tbody>\n<\/table>\n<\/td>\n<\/tr>\n<\/tbody>\n<\/table>\n<\/td>\n<\/tr>\n<\/tbody>\n<\/table>\n<\/div>\n<div id=\"yiv9961962182dv_4\">\n<table width=\"600\" border=\"0\" cellspacing=\"0\" cellpadding=\"0\">\n<tbody>\n<tr>\n<td>\n<table width=\"100%\" border=\"0\" cellspacing=\"0\" cellpadding=\"0\">\n<tbody>\n<tr>\n<td><\/td>\n<\/tr>\n<\/tbody>\n<\/table>\n<\/td>\n<\/tr>\n<\/tbody>\n<\/table>\n<\/div>\n<div id=\"yiv9961962182dv_5\">\n<table width=\"600\" border=\"0\" cellspacing=\"0\" cellpadding=\"0\">\n<tbody>\n<tr>\n<td>\n<table width=\"100%\" cellspacing=\"0\" cellpadding=\"0\">\n<tbody>\n<tr>\n<td valign=\"top\">\n<table width=\"100%\" border=\"0\" cellspacing=\"0\" cellpadding=\"0\">\n<tbody>\n<tr>\n<td valign=\"top\">\n<table width=\"590\" border=\"0\" cellspacing=\"0\" cellpadding=\"0\" align=\"left\">\n<tbody>\n<tr>\n<td valign=\"top\">\n<table width=\"285\" border=\"0\" cellspacing=\"0\" cellpadding=\"0\" align=\"left\">\n<tbody>\n<tr>\n<td align=\"center\" valign=\"center\" width=\"295\" height=\"417\"><img decoding=\"async\" src=\"https:\/\/images.benchmarkemail.com\/client569506\/image2801409.jpg\" alt=\"\" width=\"285\" border=\"0\" \/><\/td>\n<\/tr>\n<\/tbody>\n<\/table>\n<table width=\"285\" border=\"0\" cellspacing=\"0\" cellpadding=\"0\" align=\"right\">\n<tbody>\n<tr>\n<td align=\"left\" valign=\"top\">\n<div>\n<div style=\"text-align: justify;\" align=\"center\"><strong><span style=\"color: #33cccc;\">CBH DO RIO PARNA\u00cdBA<\/span><\/strong><br \/>\n<span style=\"color: #ffffff;\">Todas as entidades que participam do processo de cria\u00e7\u00e3o do CBH do Rio Parna\u00edba conclu\u00edram na reuni\u00e3o desta ter\u00e7a-feira, dia 16, no audit\u00f3rio do Crea-PI, em Teresina, mais uma etapa dos trabalhos para a formaliza\u00e7\u00e3o do Comit\u00ea de Bacia do Parna\u00edba. Foi deliberada a cria\u00e7\u00e3o do Grupo de Trabalho com 4 membros \u2013 dentre eles o engenheiro Avelar Damasceno e o advogado M\u00e1rcio Freitas \u2013 para fazer a checagem final de toda a documenta\u00e7\u00e3o para o cumprimento da Resolu\u00e7\u00e3o n\u00ba 05\/2000 do CNRH (Conselho Nacional de Recursos H\u00eddricos). Participaram da reuni\u00e3o diversas entidades representantes dos tr\u00eas Estados em que o Rio Parana\u00edba percorre: MA \u2013 PI \u2013 CE.<\/span><\/div>\n<p style=\"text-align: justify;\"><a href=\"http:\/\/benchemail.bmetrack.com\/c\/l?u=5ED7593&amp;e=8E3244&amp;c=8B0A2&amp;t=0&amp;l=236F4318&amp;email=7hzp27cFJmY%2Fx4C14HJfgE77cVeyyRkN&amp;seq=1\" rel=\"nofollow\" target=\"_blank\"><span style=\"color: #ff6600;\">Continue lendo\u00a0<\/span><img decoding=\"async\" src=\"https:\/\/benchmarkemail.com\/images\/templates_n\/new_editor\/Templates\/Glasses\/Arrow.png\" alt=\"\" width=\"25\" border=\"0\" \/><\/a><\/p>\n<\/div>\n<\/td>\n<\/tr>\n<\/tbody>\n<\/table>\n<\/td>\n<\/tr>\n<\/tbody>\n<\/table>\n<\/td>\n<\/tr>\n<\/tbody>\n<\/table>\n<\/td>\n<\/tr>\n<\/tbody>\n<\/table>\n<\/td>\n<\/tr>\n<\/tbody>\n<\/table>\n<\/div>\n<div id=\"yiv9961962182dv_16\">\n<table width=\"600\" border=\"0\" cellspacing=\"0\" cellpadding=\"0\">\n<tbody>\n<tr>\n<td>\n<table width=\"100%\" cellspacing=\"0\" cellpadding=\"0\">\n<tbody>\n<tr>\n<td valign=\"top\">\n<table width=\"100%\" border=\"0\" cellspacing=\"0\" cellpadding=\"0\">\n<tbody>\n<tr>\n<td valign=\"top\">\n<table width=\"173\" border=\"0\" cellspacing=\"0\" cellpadding=\"0\" align=\"left\">\n<tbody>\n<tr>\n<td valign=\"top\">\n<table width=\"173\" border=\"0\" cellspacing=\"0\" cellpadding=\"0\">\n<tbody>\n<tr>\n<td align=\"center\" valign=\"bottom\" width=\"167\" height=\"136\"><img decoding=\"async\" src=\"https:\/\/images.benchmarkemail.com\/client569506\/image2801827.jpg\" alt=\"\" width=\"173\" border=\"0\" \/><\/td>\n<\/tr>\n<\/tbody>\n<\/table>\n<table width=\"173\" border=\"0\" cellspacing=\"0\" cellpadding=\"0\">\n<tbody>\n<tr>\n<td align=\"left\" valign=\"top\">\n<div>\n<div align=\"center\"><span style=\"color: #33cccc;\"><strong>Reuni\u00e3o<\/strong><\/span><\/div>\n<div style=\"text-align: justify;\"><span style=\"color: #ffffff;\">A representante do Fonasc.CBH no Conselho Estadual de Recursos H\u00eddricos, Thereza Christina Pereira Castro e o conselheiro Manoel Ara\u00fajo, do Clube de M\u00e3es Santa Luzia, estiveram reunidos na tarde desta quinta-feira, dia 18, com o secret\u00e1rio de Meio Ambiente, Marcelo Coelho, para tratar dos tramites do Plano e do Fundo Estadual de Recursos H\u00eddricos. Essa reuni\u00e3o \u00e9 uma demanda da sociedade civil em resposta aos questionamentos que evidenciam equ\u00edvocos nos encaminhamentos do Fundo e do Plano Estadual de Recursos H\u00eddricos.<\/span><\/div>\n<div style=\"text-align: justify;\"><a href=\"http:\/\/benchemail.bmetrack.com\/c\/l?u=5EE56F9&amp;e=8E3244&amp;c=8B0A2&amp;t=0&amp;l=236F4318&amp;email=7hzp27cFJmY%2Fx4C14HJfgE77cVeyyRkN&amp;seq=1\" rel=\"nofollow\" target=\"_blank\"><span style=\"color: #ff6600;\">Leia mais\u00a0<\/span><img decoding=\"async\" src=\"https:\/\/benchmarkemail.com\/images\/templates_n\/new_editor\/Templates\/Glasses\/SmallArrow.png\" alt=\"\" width=\"19\" border=\"0\" \/><\/a><\/div>\n<\/div>\n<\/td>\n<\/tr>\n<\/tbody>\n<\/table>\n<\/td>\n<\/tr>\n<\/tbody>\n<\/table>\n<\/td>\n<td align=\"center\" valign=\"top\">\n<table width=\"20\" border=\"0\" cellspacing=\"0\" cellpadding=\"0\">\n<tbody>\n<tr>\n<td><\/td>\n<\/tr>\n<\/tbody>\n<\/table>\n<\/td>\n<td valign=\"top\">\n<table width=\"174\" border=\"0\" cellspacing=\"0\" cellpadding=\"0\" align=\"right\">\n<tbody>\n<tr>\n<td valign=\"top\">\n<table width=\"174\" border=\"0\" cellspacing=\"0\" cellpadding=\"0\">\n<tbody>\n<tr>\n<td align=\"center\" valign=\"bottom\" width=\"167\" height=\"136\"><img decoding=\"async\" src=\"https:\/\/images.benchmarkemail.com\/client569506\/image2792931.jpg\" alt=\"\" width=\"174\" border=\"0\" \/><\/td>\n<\/tr>\n<\/tbody>\n<\/table>\n<table width=\"174\" border=\"0\" cellspacing=\"0\" cellpadding=\"0\">\n<tbody>\n<tr>\n<td align=\"left\" valign=\"top\">\n<div>\n<div align=\"center\"><strong><span style=\"color: #33cccc;\">Araguari<\/span><\/strong><\/div>\n<div style=\"text-align: justify;\"><span style=\"color: #ffffff;\">Durante a apresenta\u00e7\u00e3o e vota\u00e7\u00e3o do Parecer da CTOC, referente ao Processo de Outorga 01817\/2008 \u2013 IGAM, sobre Rebaixamento de N\u00edvel de \u00c1gua Subterr\u00e2nea para a VALE Fertilizantes, em Patroc\u00ednio, a representa\u00e7\u00e3o do Fonasc.CBH pediu vistas considerando aspectos processuais e t\u00e9cnicos do processo de outorga no empreendimento da VALE. Um dos aspectos real\u00e7ados pela nossa representa\u00e7\u00e3o no CBH Araguari foi a aus\u00eancia dos t\u00e9cnicos do IGAM-MG, que n\u00e3o pudera, explicar as d\u00favidas suscitadas pela sociedade civil.<\/span><\/div>\n<div style=\"text-align: justify;\"><a href=\"http:\/\/benchemail.bmetrack.com\/c\/l?u=5ED7594&amp;e=8E3244&amp;c=8B0A2&amp;t=0&amp;l=236F4318&amp;email=7hzp27cFJmY%2Fx4C14HJfgE77cVeyyRkN&amp;seq=1\" rel=\"nofollow\" target=\"_blank\"><span style=\"color: #ff6600;\">Leia mais<\/span>\u00a0<img decoding=\"async\" src=\"https:\/\/benchmarkemail.com\/images\/templates_n\/new_editor\/Templates\/Glasses\/SmallArrow.png\" alt=\"\" width=\"19\" border=\"0\" \/><\/a><\/div>\n<\/div>\n<\/td>\n<\/tr>\n<\/tbody>\n<\/table>\n<\/td>\n<\/tr>\n<\/tbody>\n<\/table>\n<\/td>\n<td align=\"center\" valign=\"top\">\n<table width=\"20\" border=\"0\" cellspacing=\"0\" cellpadding=\"0\">\n<tbody>\n<tr>\n<td><\/td>\n<\/tr>\n<\/tbody>\n<\/table>\n<\/td>\n<td valign=\"top\">\n<table width=\"173\" border=\"0\" cellspacing=\"0\" cellpadding=\"0\" align=\"right\">\n<tbody>\n<tr>\n<td valign=\"top\">\n<table width=\"173\" border=\"0\" cellspacing=\"0\" cellpadding=\"0\">\n<tbody>\n<tr>\n<td align=\"center\" valign=\"bottom\" width=\"167\" height=\"136\"><img decoding=\"async\" src=\"https:\/\/images.benchmarkemail.com\/client569506\/image2801441.jpg\" alt=\"\" width=\"173\" border=\"0\" \/><\/td>\n<\/tr>\n<\/tbody>\n<\/table>\n<table width=\"173\" border=\"0\" cellspacing=\"0\" cellpadding=\"0\">\n<tbody>\n<tr>\n<td align=\"left\" valign=\"top\">\n<div>\n<div align=\"center\"><strong><span style=\"color: #33cccc;\">CEHIDRO<\/span><\/strong><\/div>\n<div style=\"text-align: justify;\"><span style=\"color: #ffffff;\">Recorrendo ao apoio do Minist\u00e9rio P\u00fablico Estadual do Mato Grosso, a representa\u00e7\u00e3o conseguiu o adiamento do processo eleitoral do Conselho Estadual de Recursos H\u00eddricos (CEHIDRO) conforme publica\u00e7\u00e3o no Di\u00e1rio Oficial. A secretaria executiva do conselho assegurou que as inscri\u00e7\u00f5es que foram entregues at\u00e9 o dia 08 de dezembro de 2015 est\u00e3o automaticamente inscritas no Processo que ser\u00e1 aberto pelo novo edital. O processo est\u00e1 suspenso por 60 dias a partir da publica\u00e7\u00e3o do edital de suspens\u00e3o no Di\u00e1rio Oficial.<\/span><br \/>\n<span style=\"color: #ff6600;\"><a href=\"http:\/\/benchemail.bmetrack.com\/c\/l?u=5ED7595&amp;e=8E3244&amp;c=8B0A2&amp;t=0&amp;l=236F4318&amp;email=7hzp27cFJmY%2Fx4C14HJfgE77cVeyyRkN&amp;seq=1\" rel=\"nofollow\" target=\"_blank\"><span style=\"color: #ff6600;\">Leia mais<\/span><\/a><\/span>\u00a0<a href=\"http:\/\/benchemail.bmetrack.com\/c\/l?u=5ECC154&amp;e=8E3244&amp;c=8B0A2&amp;t=0&amp;l=236F4318&amp;email=7hzp27cFJmY%2Fx4C14HJfgE77cVeyyRkN&amp;seq=1\" rel=\"nofollow\" target=\"_blank\"><img decoding=\"async\" src=\"https:\/\/benchmarkemail.com\/images\/templates_n\/new_editor\/Templates\/Glasses\/SmallArrow.png\" alt=\"\" width=\"19\" border=\"0\" \/><\/a><\/div>\n<\/div>\n<\/td>\n<\/tr>\n<\/tbody>\n<\/table>\n<\/td>\n<\/tr>\n<\/tbody>\n<\/table>\n<\/td>\n<\/tr>\n<\/tbody>\n<\/table>\n<\/td>\n<\/tr>\n<\/tbody>\n<\/table>\n<\/td>\n<\/tr>\n<\/tbody>\n<\/table>\n<\/div>\n<div id=\"yiv9961962182dv_11\">\n<table width=\"600\" border=\"0\" cellspacing=\"0\" cellpadding=\"0\">\n<tbody>\n<tr>\n<td>\n<table width=\"100%\" border=\"0\" cellspacing=\"0\" cellpadding=\"0\">\n<tbody>\n<tr>\n<td align=\"center\" valign=\"top\">\n<table width=\"600\" border=\"0\" cellspacing=\"0\" cellpadding=\"0\" align=\"left\">\n<tbody>\n<tr>\n<td align=\"left\" valign=\"top\">\n<div>\n<div><\/div>\n<div><\/div>\n<div><strong><span style=\"color: #33cccc;\">Aconteceu&#8230;<\/span><\/strong><span style=\"color: #ffffff;\">Parece que n\u00e3o \u00e9 de hoje, que a composi\u00e7\u00e3o do Conselho Estadual de Recursos H\u00eddricos do Mato Grosso (CEHIDRO) vem causando problemas. Exatamente um ano atr\u00e1s, a sociedade civil e a representante do Fonasc Pantanal, D\u00e9bora Calheiros solicitava a avalia\u00e7\u00e3o de poss\u00edveis irregularidades na composi\u00e7\u00e3o do Conselho. Um dos problemas era que representantes do segmento da sociedade civil eram funcion\u00e1rias da Secretaria de Meio Ambiente, implicando conflito de interesses.<\/span><\/div>\n<\/div>\n<\/td>\n<\/tr>\n<\/tbody>\n<\/table>\n<\/td>\n<\/tr>\n<\/tbody>\n<\/table>\n<\/td>\n<\/tr>\n<\/tbody>\n<\/table>\n<\/div>\n<div id=\"yiv9961962182dv_12\">\n<table width=\"600\" border=\"0\" cellspacing=\"0\" cellpadding=\"0\">\n<tbody>\n<tr>\n<td width=\"25\"><\/td>\n<td align=\"center\">\n<table width=\"100%\" border=\"0\" cellspacing=\"0\" cellpadding=\"0\">\n<tbody>\n<tr>\n<td height=\"5\"><\/td>\n<\/tr>\n<tr>\n<td align=\"right\">\n<table border=\"0\" cellspacing=\"0\" cellpadding=\"0\" align=\"right\">\n<tbody>\n<tr>\n<td><span style=\"color: #ff6600;\"><a href=\"http:\/\/benchemail.bmetrack.com\/c\/l?u=5EE518B&amp;e=8E3244&amp;c=8B0A2&amp;t=0&amp;l=236F4318&amp;email=7hzp27cFJmY%2Fx4C14HJfgE77cVeyyRkN&amp;seq=1\" rel=\"nofollow\" target=\"_blank\"><span style=\"color: #ff6600;\">Flashback Fonasc.CBH<\/span><\/a><\/span><\/td>\n<\/tr>\n<\/tbody>\n<\/table>\n<\/td>\n<\/tr>\n<tr>\n<td height=\"5\"><\/td>\n<\/tr>\n<\/tbody>\n<\/table>\n<\/td>\n<td width=\"25\"><\/td>\n<\/tr>\n<\/tbody>\n<\/table>\n<\/div>\n<\/td>\n<\/tr>\n<tr>\n<td align=\"center\" valign=\"top\" bgcolor=\"#0f394f\" width=\"100%\">\n<div id=\"yiv9961962182dv_10\">\n<table width=\"600\" border=\"0\" cellspacing=\"0\" cellpadding=\"0\">\n<tbody>\n<tr>\n<td>\n<table width=\"100%\" border=\"0\" cellspacing=\"0\" cellpadding=\"0\">\n<tbody>\n<tr>\n<td align=\"left\" valign=\"top\">\n<table width=\"100%\" border=\"0\" cellspacing=\"0\" cellpadding=\"0\" align=\"left\">\n<tbody>\n<tr>\n<td align=\"center\" valign=\"center\" width=\"99%\">\n<table border=\"0\" cellspacing=\"0\" cellpadding=\"0\" align=\"center\">\n<tbody>\n<tr>\n<td valign=\"top\">\n<table border=\"0\" cellspacing=\"0\" cellpadding=\"0\" align=\"left\">\n<tbody>\n<tr>\n<td align=\"left\" valign=\"center\" height=\"17\"><span style=\"color: #ff6600;\"><a href=\"http:\/\/benchemail.bmetrack.com\/c\/l?u=5ECC156&amp;e=8E3244&amp;c=8B0A2&amp;t=0&amp;l=236F4318&amp;email=7hzp27cFJmY%2Fx4C14HJfgE77cVeyyRkN&amp;seq=1\" rel=\"nofollow\" target=\"_blank\"><span style=\"color: #ff6600;\">Mais not\u00edcias<\/span><\/a><\/span><\/td>\n<\/tr>\n<\/tbody>\n<\/table>\n<table border=\"0\" cellspacing=\"0\" cellpadding=\"0\" align=\"left\">\n<tbody>\n<tr>\n<td align=\"left\" valign=\"center\" height=\"17\"><span style=\"color: #ff6600;\"><a href=\"http:\/\/benchemail.bmetrack.com\/c\/l?u=5ECC157&amp;e=8E3244&amp;c=8B0A2&amp;t=0&amp;l=236F4318&amp;email=7hzp27cFJmY%2Fx4C14HJfgE77cVeyyRkN&amp;seq=1\" rel=\"nofollow\" target=\"_blank\"><span style=\"color: #ff6600;\">Agenda<\/span><\/a><\/span><\/td>\n<\/tr>\n<\/tbody>\n<\/table>\n<table border=\"0\" cellspacing=\"0\" cellpadding=\"0\" align=\"left\">\n<tbody>\n<tr>\n<td align=\"left\" valign=\"center\" height=\"17\"><span style=\"color: #ff6600;\"><a href=\"http:\/\/benchemail.bmetrack.com\/c\/l?u=5ECC158&amp;e=8E3244&amp;c=8B0A2&amp;t=0&amp;l=236F4318&amp;email=7hzp27cFJmY%2Fx4C14HJfgE77cVeyyRkN&amp;seq=1\" rel=\"nofollow\" target=\"_blank\"><span style=\"color: #ff6600;\">Localiza\u00e7\u00e3o<\/span><\/a><\/span><\/td>\n<\/tr>\n<\/tbody>\n<\/table>\n<table border=\"0\" cellspacing=\"0\" cellpadding=\"0\" align=\"left\">\n<tbody>\n<tr>\n<td align=\"left\" valign=\"center\" height=\"17\"><a href=\"http:\/\/benchemail.bmetrack.com\/c\/l?u=5ECC159&amp;e=8E3244&amp;c=8B0A2&amp;t=0&amp;l=236F4318&amp;email=7hzp27cFJmY%2Fx4C14HJfgE77cVeyyRkN&amp;seq=1\" rel=\"nofollow\" target=\"_blank\"><span style=\"color: #ff6600;\">Contato<\/span>s<\/a><\/td>\n<\/tr>\n<\/tbody>\n<\/table>\n<\/td>\n<\/tr>\n<\/tbody>\n<\/table>\n<\/td>\n<td align=\"center\" valign=\"center\" width=\"1%\">\n<table border=\"0\" cellspacing=\"0\" cellpadding=\"0\" align=\"right\">\n<tbody>\n<tr>\n<td valign=\"top\"><\/td>\n<\/tr>\n<\/tbody>\n<\/table>\n<\/td>\n<\/tr>\n<\/tbody>\n<\/table>\n<\/td>\n<\/tr>\n<\/tbody>\n<\/table>\n<\/td>\n<\/tr>\n<\/tbody>\n<\/table>\n<\/div>\n<\/td>\n<\/tr>\n<tr>\n<td align=\"center\" valign=\"top\" bgcolor=\"#0f394f\" width=\"100%\">\n<div id=\"yiv9961962182dv_7\">\n<table width=\"600\" border=\"0\" cellspacing=\"0\" cellpadding=\"0\">\n<tbody>\n<tr>\n<td align=\"center\">\n<table border=\"0\" cellspacing=\"0\" cellpadding=\"0\" align=\"center\">\n<tbody>\n<tr>\n<td>\n<table border=\"0\" cellspacing=\"0\" cellpadding=\"0\">\n<tbody>\n<tr>\n<td valign=\"top\">\n<table border=\"0\" cellspacing=\"0\" cellpadding=\"0\" align=\"left\">\n<tbody>\n<tr>\n<td align=\"left\" width=\"24\"><a href=\"http:\/\/benchemail.bmetrack.com\/c\/l?u=5ECC15A&amp;e=8E3244&amp;c=8B0A2&amp;t=0&amp;l=236F4318&amp;email=7hzp27cFJmY%2Fx4C14HJfgE77cVeyyRkN&amp;seq=1\" rel=\"nofollow\" target=\"_blank\"><img loading=\"lazy\" decoding=\"async\" src=\"https:\/\/ui.benchmarkemail.com\/images\/editor\/socialicons\/tw_btn.png\" alt=\"Twitter\" width=\"24\" height=\"24\" border=\"0\" \/><\/a><\/td>\n<\/tr>\n<\/tbody>\n<\/table>\n<table border=\"0\" cellspacing=\"0\" cellpadding=\"0\" align=\"left\">\n<tbody>\n<tr>\n<td align=\"left\" width=\"24\"><a href=\"http:\/\/benchemail.bmetrack.com\/c\/l?u=5ECC15B&amp;e=8E3244&amp;c=8B0A2&amp;t=0&amp;l=236F4318&amp;email=7hzp27cFJmY%2Fx4C14HJfgE77cVeyyRkN&amp;seq=1\" rel=\"nofollow\" target=\"_blank\"><img loading=\"lazy\" decoding=\"async\" src=\"https:\/\/ui.benchmarkemail.com\/images\/editor\/socialicons\/yt_btn.png\" alt=\"YouTube\" width=\"24\" height=\"24\" border=\"0\" \/><\/a><\/td>\n<\/tr>\n<\/tbody>\n<\/table>\n<table border=\"0\" cellspacing=\"0\" cellpadding=\"0\" align=\"left\">\n<tbody>\n<tr>\n<td align=\"left\" width=\"24\"><a href=\"http:\/\/benchemail.bmetrack.com\/c\/l?u=5ECC15C&amp;e=8E3244&amp;c=8B0A2&amp;t=0&amp;l=236F4318&amp;email=7hzp27cFJmY%2Fx4C14HJfgE77cVeyyRkN&amp;seq=1\" rel=\"nofollow\" target=\"_blank\"><img loading=\"lazy\" decoding=\"async\" src=\"https:\/\/ui.benchmarkemail.com\/images\/editor\/socialicons\/fb_btn.png\" alt=\"Facebook\" width=\"24\" height=\"24\" border=\"0\" \/><\/a><\/td>\n<\/tr>\n<\/tbody>\n<\/table>\n<table border=\"0\" cellspacing=\"0\" cellpadding=\"0\" align=\"left\">\n<tbody>\n<tr>\n<td align=\"left\" width=\"24\"><a href=\"http:\/\/benchemail.bmetrack.com\/c\/l?u=5ECC150&amp;e=8E3244&amp;c=8B0A2&amp;t=0&amp;l=236F4318&amp;email=7hzp27cFJmY%2Fx4C14HJfgE77cVeyyRkN&amp;seq=2\" rel=\"nofollow\" target=\"_blank\"><img loading=\"lazy\" decoding=\"async\" src=\"https:\/\/ui.benchmarkemail.com\/images\/editor\/socialicons\/wb_btn.png\" alt=\"Website\" width=\"24\" height=\"24\" border=\"0\" \/><\/a><\/td>\n<\/tr>\n<\/tbody>\n<\/table>\n<table border=\"0\" cellspacing=\"0\" cellpadding=\"0\" align=\"left\">\n<tbody>\n<tr>\n<td align=\"left\" width=\"24\"><a href=\"http:\/\/benchemail.bmetrack.com\/c\/l?u=5ECC15D&amp;e=8E3244&amp;c=8B0A2&amp;t=0&amp;l=236F4318&amp;email=7hzp27cFJmY%2Fx4C14HJfgE77cVeyyRkN&amp;seq=1\" rel=\"nofollow\" target=\"_blank\"><img loading=\"lazy\" decoding=\"async\" src=\"https:\/\/ui.benchmarkemail.com\/images\/editor\/socialicons\/flickr_btn.png\" alt=\"Flickr\" width=\"24\" height=\"24\" border=\"0\" \/><\/a><\/td>\n<\/tr>\n<\/tbody>\n<\/table>\n<table border=\"0\" cellspacing=\"0\" cellpadding=\"0\" align=\"left\">\n<tbody>\n<tr>\n<td align=\"left\" width=\"24\"><a href=\"http:\/\/benchemail.bmetrack.com\/c\/l?u=5ECC15E&amp;e=8E3244&amp;c=8B0A2&amp;t=0&amp;l=236F4318&amp;email=7hzp27cFJmY%2Fx4C14HJfgE77cVeyyRkN&amp;seq=1\" rel=\"nofollow\" target=\"_blank\"><img loading=\"lazy\" decoding=\"async\" src=\"https:\/\/ui.benchmarkemail.com\/images\/editor\/socialicons\/yt_btn.png\" alt=\"YouTube\" width=\"24\" height=\"24\" border=\"0\" \/><\/a><\/td>\n<\/tr>\n<\/tbody>\n<\/table>\n<table border=\"0\" cellspacing=\"0\" cellpadding=\"0\" align=\"left\">\n<tbody>\n<tr>\n<td align=\"left\" width=\"24\"><a href=\"http:\/\/benchemail.bmetrack.com\/c\/l?u=5ECC15F&amp;e=8E3244&amp;c=8B0A2&amp;t=0&amp;l=236F4318&amp;email=7hzp27cFJmY%2Fx4C14HJfgE77cVeyyRkN&amp;seq=1\" rel=\"nofollow\" target=\"_blank\"><img loading=\"lazy\" decoding=\"async\" src=\"https:\/\/ui.benchmarkemail.com\/images\/editor\/socialicons\/wb_btn.png\" alt=\"Website\" width=\"24\" height=\"24\" border=\"0\" \/><\/a><\/td>\n<\/tr>\n<\/tbody>\n<\/table>\n<table border=\"0\" cellspacing=\"0\" cellpadding=\"0\" align=\"left\">\n<tbody>\n<tr>\n<td align=\"left\" width=\"24\"><a href=\"http:\/\/benchemail.bmetrack.com\/c\/l?u=5ECC160&amp;e=8E3244&amp;c=8B0A2&amp;t=0&amp;l=236F4318&amp;email=7hzp27cFJmY%2Fx4C14HJfgE77cVeyyRkN&amp;seq=1\" rel=\"nofollow\" target=\"_blank\"><img loading=\"lazy\" decoding=\"async\" src=\"https:\/\/ui.benchmarkemail.com\/images\/editor\/socialicons\/gp_btn.png\" alt=\"Google Plus\" width=\"24\" height=\"24\" border=\"0\" \/><\/a><\/td>\n<\/tr>\n<\/tbody>\n<\/table>\n<\/td>\n<\/tr>\n<\/tbody>\n<\/table>\n<\/td>\n<\/tr>\n<\/tbody>\n<\/table>\n<\/td>\n<\/tr>\n<\/tbody>\n<\/table>\n<\/div>\n<\/td>\n<\/tr>\n<\/tbody>\n<\/table>\n<\/td>\n<\/tr>\n<\/tbody>\n<\/table>\n<\/td>\n<\/tr>\n<\/tbody>\n<\/table>\n<\/td>\n<\/tr>\n<\/tbody>\n<\/table>\n","protected":false},"excerpt":{"rendered":"<p>INFORMATIVO\u00a0#70 19 de fevereiro de 2016 Visite nosso site\u00a0 Rio Parana\u00edba &#8211; Fonasc.CBH participa da 35\u00aa Reuni\u00e3o da CTPI do&#8230;<\/p>\n","protected":false},"author":2,"featured_media":0,"parent":11437,"menu_order":0,"comment_status":"closed","ping_status":"open","template":"","meta":{"footnotes":""},"_links":{"self":[{"href":"https:\/\/fonasc-cbh.org.br\/index.php?rest_route=\/wp\/v2\/pages\/15161"}],"collection":[{"href":"https:\/\/fonasc-cbh.org.br\/index.php?rest_route=\/wp\/v2\/pages"}],"about":[{"href":"https:\/\/fonasc-cbh.org.br\/index.php?rest_route=\/wp\/v2\/types\/page"}],"author":[{"embeddable":true,"href":"https:\/\/fonasc-cbh.org.br\/index.php?rest_route=\/wp\/v2\/users\/2"}],"replies":[{"embeddable":true,"href":"https:\/\/fonasc-cbh.org.br\/index.php?rest_route=%2Fwp%2Fv2%2Fcomments&post=15161"}],"version-history":[{"count":17,"href":"https:\/\/fonasc-cbh.org.br\/index.php?rest_route=\/wp\/v2\/pages\/15161\/revisions"}],"predecessor-version":[{"id":15181,"href":"https:\/\/fonasc-cbh.org.br\/index.php?rest_route=\/wp\/v2\/pages\/15161\/revisions\/15181"}],"up":[{"embeddable":true,"href":"https:\/\/fonasc-cbh.org.br\/index.php?rest_route=\/wp\/v2\/pages\/11437"}],"wp:attachment":[{"href":"https:\/\/fonasc-cbh.org.br\/index.php?rest_route=%2Fwp%2Fv2%2Fmedia&parent=15161"}],"curies":[{"name":"wp","href":"https:\/\/api.w.org\/{rel}","templated":true}]}}