{"id":14998,"date":"2016-01-18T00:07:14","date_gmt":"2016-01-18T00:07:14","guid":{"rendered":"http:\/\/fonasc-cbh.org.br\/?page_id=14998"},"modified":"2016-01-18T00:17:07","modified_gmt":"2016-01-18T00:17:07","slug":"boletim-67","status":"publish","type":"page","link":"https:\/\/fonasc-cbh.org.br\/?page_id=14998","title":{"rendered":"boletim 67"},"content":{"rendered":"<table width=\"100%\" border=\"0\" cellspacing=\"0\" cellpadding=\"0\" align=\"center\">\n<tbody>\n<tr>\n<td align=\"center\" valign=\"top\" bgcolor=\"#a2dcea\" width=\"100%\">\n<div id=\"dv_8\">\n<table width=\"600\" border=\"0\" cellspacing=\"0\" cellpadding=\"0\">\n<tbody>\n<tr>\n<td>\n<table width=\"100%\" border=\"0\" cellspacing=\"0\" cellpadding=\"0\">\n<tbody>\n<tr>\n<td align=\"center\" valign=\"top\">\n<table width=\"600\" border=\"0\" cellspacing=\"0\" cellpadding=\"0\" align=\"left\">\n<tbody>\n<tr>\n<td align=\"left\" valign=\"top\">\n<div>\n<div align=\"center\">\n<table border=\"0\" cellspacing=\"0\" cellpadding=\"0\" align=\"left\">\n<tbody>\n<tr>\n<td><img decoding=\"async\" src=\"https:\/\/images.benchmarkemail.com\/client569506\/image2660364.png\" alt=\"\" width=\"240\" border=\"0\" \/><\/td>\n<\/tr>\n<\/tbody>\n<\/table>\n<p>INFORMATIVO\u00a0#67<br \/>\n08 de janeiro de 2016<\/p>\n<\/div>\n<\/div>\n<\/td>\n<\/tr>\n<\/tbody>\n<\/table>\n<\/td>\n<\/tr>\n<\/tbody>\n<\/table>\n<\/td>\n<\/tr>\n<\/tbody>\n<\/table>\n<\/div>\n<\/td>\n<\/tr>\n<tr>\n<td align=\"center\" valign=\"top\" width=\"100%\">\n<table width=\"100%\" border=\"0\" cellspacing=\"0\" cellpadding=\"0\" align=\"center\">\n<tbody>\n<tr>\n<td align=\"center\" valign=\"top\" bgcolor=\"#7dc8db\" width=\"100%\">\n<div id=\"dv_9\">\n<table width=\"600\" border=\"0\" cellspacing=\"0\" cellpadding=\"0\">\n<tbody>\n<tr>\n<td>\n<table width=\"100%\" border=\"0\" cellspacing=\"0\" cellpadding=\"0\">\n<tbody>\n<tr>\n<td align=\"center\" valign=\"top\">\n<table width=\"600\" border=\"0\" cellspacing=\"0\" cellpadding=\"0\" align=\"left\">\n<tbody>\n<tr>\n<td align=\"left\" valign=\"top\">\n<div><em>Visite nosso site\u00a0<a href=\"http:\/\/benchemail.bmetrack.com\/c\/l?u=5CFB528&amp;e=89F840&amp;c=8B0A2&amp;t=0&amp;email=F%2B0rAZqOMI8UWE%2BYa8MuVBA%2FMV%2BF7nA0Fq%2FQZ5ToD20%3D&amp;seq=1\" target=\"_blank\"><img decoding=\"async\" src=\"https:\/\/benchmarkemail.com\/images\/templates_n\/new_editor\/Templates\/Glasses\/Arrow.png\" alt=\"\" width=\"25\" border=\"0\" \/><\/a><\/em><\/div>\n<\/td>\n<\/tr>\n<\/tbody>\n<\/table>\n<\/td>\n<\/tr>\n<\/tbody>\n<\/table>\n<\/td>\n<\/tr>\n<\/tbody>\n<\/table>\n<\/div>\n<div id=\"dv_2\">\n<table width=\"600\" border=\"0\" cellspacing=\"0\" cellpadding=\"0\">\n<tbody>\n<tr>\n<td>\n<table width=\"100%\" border=\"0\" cellspacing=\"0\" cellpadding=\"0\">\n<tbody>\n<tr>\n<td align=\"center\"><img decoding=\"async\" src=\"https:\/\/images.benchmarkemail.com\/client569506\/image2660398.jpg\" alt=\"\" width=\"560\" border=\"0\" \/><\/td>\n<\/tr>\n<\/tbody>\n<\/table>\n<\/td>\n<\/tr>\n<\/tbody>\n<\/table>\n<\/div>\n<div id=\"dv_4\">\n<table width=\"600\" border=\"0\" cellspacing=\"0\" cellpadding=\"0\">\n<tbody>\n<tr>\n<td>\n<table width=\"100%\" border=\"0\" cellspacing=\"0\" cellpadding=\"0\">\n<tbody>\n<tr>\n<td><\/td>\n<\/tr>\n<\/tbody>\n<\/table>\n<\/td>\n<\/tr>\n<\/tbody>\n<\/table>\n<\/div>\n<div id=\"dv_5\">\n<table width=\"600\" border=\"0\" cellspacing=\"0\" cellpadding=\"0\">\n<tbody>\n<tr>\n<td>\n<table width=\"100%\" cellspacing=\"0\" cellpadding=\"0\">\n<tbody>\n<tr>\n<td valign=\"top\">\n<table width=\"100%\" border=\"0\" cellspacing=\"0\" cellpadding=\"0\">\n<tbody>\n<tr>\n<td valign=\"top\">\n<table width=\"590\" border=\"0\" cellspacing=\"0\" cellpadding=\"0\" align=\"left\">\n<tbody>\n<tr>\n<td valign=\"top\">\n<table width=\"187\" border=\"0\" cellspacing=\"0\" cellpadding=\"0\" align=\"left\">\n<tbody>\n<tr>\n<td align=\"center\" valign=\"center\" width=\"197\" height=\"345\"><img decoding=\"async\" src=\"https:\/\/images.benchmarkemail.com\/client569506\/image2660435.jpg\" alt=\"\" width=\"187\" border=\"0\" \/><\/td>\n<\/tr>\n<\/tbody>\n<\/table>\n<table width=\"383\" border=\"0\" cellspacing=\"0\" cellpadding=\"0\" align=\"right\">\n<tbody>\n<tr>\n<td align=\"left\" valign=\"top\">\n<div>\n<div align=\"center\"><strong>RETROSPECTIVA 2015<\/strong><br \/>\nMuitas \u00e1guas rolaram no ano que se passou. Infelizmente, muita lama e sujeira tamb\u00e9m apareceram em 2015. A luta incans\u00e1vel da sociedade civil em \u00f3rg\u00e3os colegiados por todo Brasil mostrou que a pol\u00edtica de recursos h\u00eddricos deve ser levada sempre com seriedade e responsabilidade. A trag\u00e9dia em Mariana revelou falhas graves na conduta da pol\u00edtica das \u00e1guas e que servir\u00e1 para balisar as a\u00e7\u00f5es de usu\u00e1rios, sociedade civil e poder p\u00fablico na gest\u00e3o dos recursos h\u00eddricos para os pr\u00f3ximos anos. Acompanhe as principais manchetes dos informativos do Fonasc, mostrando as suas a\u00e7\u00f5es, principalmente dentro dos \u00f3rg\u00e3os colegiados por todo Pa\u00eds.<\/div>\n<p><a href=\"http:\/\/benchemail.bmetrack.com\/c\/l?u=5CFB7BA&amp;e=89F840&amp;c=8B0A2&amp;t=0&amp;email=F%2B0rAZqOMI8UWE%2BYa8MuVBA%2FMV%2BF7nA0Fq%2FQZ5ToD20%3D&amp;seq=1\" target=\"_blank\"><strong><em>Retrospectiva m\u00eas a m\u00eas\u00a0<img decoding=\"async\" src=\"https:\/\/benchmarkemail.com\/images\/templates_n\/new_editor\/Templates\/Glasses\/Arrow.png\" alt=\"\" width=\"25\" border=\"0\" \/><\/em><\/strong><\/a><\/p>\n<\/div>\n<\/td>\n<\/tr>\n<\/tbody>\n<\/table>\n<\/td>\n<\/tr>\n<\/tbody>\n<\/table>\n<\/td>\n<\/tr>\n<\/tbody>\n<\/table>\n<\/td>\n<\/tr>\n<\/tbody>\n<\/table>\n<\/td>\n<\/tr>\n<\/tbody>\n<\/table>\n<\/div>\n<div id=\"dv_16\">\n<table width=\"600\" border=\"0\" cellspacing=\"0\" cellpadding=\"0\">\n<tbody>\n<tr>\n<td>\n<table width=\"100%\" cellspacing=\"0\" cellpadding=\"0\">\n<tbody>\n<tr>\n<td valign=\"top\">\n<table width=\"100%\" border=\"0\" cellspacing=\"0\" cellpadding=\"0\">\n<tbody>\n<tr>\n<td valign=\"top\">\n<table width=\"173\" border=\"0\" cellspacing=\"0\" cellpadding=\"0\" align=\"left\">\n<tbody>\n<tr>\n<td valign=\"top\">\n<table width=\"173\" border=\"0\" cellspacing=\"0\" cellpadding=\"0\">\n<tbody>\n<tr>\n<td align=\"center\" valign=\"top\" height=\"235\"><img decoding=\"async\" src=\"https:\/\/images.benchmarkemail.com\/client569506\/image2660499.jpg\" alt=\"\" width=\"173\" border=\"0\" \/><\/td>\n<\/tr>\n<\/tbody>\n<\/table>\n<table width=\"173\" border=\"0\" cellspacing=\"0\" cellpadding=\"0\">\n<tbody>\n<tr>\n<td align=\"left\" valign=\"top\">\n<div>\n<div align=\"center\"><strong>Maranh\u00e3o<\/strong><\/div>\n<div align=\"justify\">Ap\u00f3s a mat\u00e9ria (PL 207\/2014) que regulamenta o Fundo Estadual de Recursos H\u00eddricos ter sido deliberada no atropelo dentro do Plen\u00e1rio do CONERH, pela Secretaria Estadual de Meio Ambiente, a sociedade civil protocolou documento ao governador do Estado recomendando para que n\u00e3o se d\u00ea os prosseguimentos de praxe relacionados ao PL 207\/2014.<\/div>\n<div align=\"justify\"><a href=\"http:\/\/benchemail.bmetrack.com\/c\/l?u=5CFB52E&amp;e=89F840&amp;c=8B0A2&amp;t=0&amp;email=F%2B0rAZqOMI8UWE%2BYa8MuVBA%2FMV%2BF7nA0Fq%2FQZ5ToD20%3D&amp;seq=1\" target=\"_blank\"><strong><em>Leia mais\u00a0<img decoding=\"async\" src=\"https:\/\/benchmarkemail.com\/images\/templates_n\/new_editor\/Templates\/Glasses\/SmallArrow.png\" alt=\"\" width=\"19\" border=\"0\" \/><\/em><\/strong><\/a><\/div>\n<\/div>\n<\/td>\n<\/tr>\n<\/tbody>\n<\/table>\n<\/td>\n<\/tr>\n<\/tbody>\n<\/table>\n<\/td>\n<td align=\"center\" valign=\"top\">\n<table width=\"20\" border=\"0\" cellspacing=\"0\" cellpadding=\"0\">\n<tbody>\n<tr>\n<td><\/td>\n<\/tr>\n<\/tbody>\n<\/table>\n<\/td>\n<td valign=\"top\">\n<table width=\"174\" border=\"0\" cellspacing=\"0\" cellpadding=\"0\" align=\"right\">\n<tbody>\n<tr>\n<td valign=\"top\">\n<table width=\"174\" border=\"0\" cellspacing=\"0\" cellpadding=\"0\">\n<tbody>\n<tr>\n<td align=\"center\" valign=\"top\" height=\"235\"><img decoding=\"async\" src=\"https:\/\/images.benchmarkemail.com\/client569506\/image2660495.jpg\" alt=\"\" width=\"174\" border=\"0\" \/><\/td>\n<\/tr>\n<\/tbody>\n<\/table>\n<table width=\"174\" border=\"0\" cellspacing=\"0\" cellpadding=\"0\">\n<tbody>\n<tr>\n<td align=\"left\" valign=\"top\">\n<div>\n<div align=\"center\"><strong>Aprovados<\/strong><\/div>\n<div align=\"justify\">O Fonasc.CBH, em nome de seus coordenadores e de toda equipe, parabeniza todos os membros do Comit\u00ea Infanto Juvenil da Bacia Hidrogr\u00e1fica do Rio Jeniparana que obtiveram aprova\u00e7\u00e3o no seletivo do Instituto Federal de Educa\u00e7\u00e3o, Ci\u00eancia e Tecnologia do Maranh\u00e3o (IFMA). O vice presidente de honra do Comit\u00ea, Jo\u00e3o Lucas Oliveira foi aprovado para o curso t\u00e9cnico em Meio Ambiente.<\/div>\n<div align=\"justify\"><a href=\"http:\/\/benchemail.bmetrack.com\/c\/l?u=5CFB530&amp;e=89F840&amp;c=8B0A2&amp;t=0&amp;email=F%2B0rAZqOMI8UWE%2BYa8MuVBA%2FMV%2BF7nA0Fq%2FQZ5ToD20%3D&amp;seq=1\" target=\"_blank\"><strong><em>Leia mais\u00a0<img decoding=\"async\" src=\"https:\/\/benchmarkemail.com\/images\/templates_n\/new_editor\/Templates\/Glasses\/SmallArrow.png\" alt=\"\" width=\"19\" border=\"0\" \/><\/em><\/strong><\/a><\/div>\n<\/div>\n<\/td>\n<\/tr>\n<\/tbody>\n<\/table>\n<\/td>\n<\/tr>\n<\/tbody>\n<\/table>\n<\/td>\n<td align=\"center\" valign=\"top\">\n<table width=\"20\" border=\"0\" cellspacing=\"0\" cellpadding=\"0\">\n<tbody>\n<tr>\n<td><\/td>\n<\/tr>\n<\/tbody>\n<\/table>\n<\/td>\n<td valign=\"top\">\n<table width=\"173\" border=\"0\" cellspacing=\"0\" cellpadding=\"0\" align=\"right\">\n<tbody>\n<tr>\n<td valign=\"top\">\n<table width=\"173\" border=\"0\" cellspacing=\"0\" cellpadding=\"0\">\n<tbody>\n<tr>\n<td align=\"center\" valign=\"top\" height=\"235\"><img decoding=\"async\" src=\"https:\/\/images.benchmarkemail.com\/client569506\/image2664405.jpg\" alt=\"\" width=\"173\" \/><\/td>\n<\/tr>\n<\/tbody>\n<\/table>\n<table width=\"173\" border=\"0\" cellspacing=\"0\" cellpadding=\"0\">\n<tbody>\n<tr>\n<td align=\"left\" valign=\"top\">\n<div>\n<div align=\"center\"><strong>Mineroduto<\/strong><\/div>\n<div align=\"justify\">A trag\u00e9dia com a barragem de rejeito da Samarco, em Mariana, traz \u00e0 tona a discuss\u00e3o sobre os impactos ambientais do uso de minerodutos para o transporte de min\u00e9rios no Pa\u00eds. Acompanhe a entrevista com os representantes do Fonasc.CBH em Minas Gerais, Gustavo Gazzinelli e Patr\u00edcia Generoso e do Gabriel Ribeiro &#8211; membro do Grupo de Estudos em Tem\u00e1ticas Ambientais da UFMG.<\/div>\n<p><a href=\"http:\/\/benchemail.bmetrack.com\/c\/l?u=5CFB7BB&amp;e=89F840&amp;c=8B0A2&amp;t=0&amp;email=F%2B0rAZqOMI8UWE%2BYa8MuVBA%2FMV%2BF7nA0Fq%2FQZ5ToD20%3D&amp;seq=1\" target=\"_blank\"><strong><em>Leia mais\u00a0<img decoding=\"async\" src=\"https:\/\/benchmarkemail.com\/images\/templates_n\/new_editor\/Templates\/Glasses\/SmallArrow.png\" alt=\"\" width=\"19\" border=\"0\" \/><\/em><\/strong><\/a><\/p>\n<\/div>\n<\/td>\n<\/tr>\n<\/tbody>\n<\/table>\n<\/td>\n<\/tr>\n<\/tbody>\n<\/table>\n<\/td>\n<\/tr>\n<\/tbody>\n<\/table>\n<\/td>\n<\/tr>\n<\/tbody>\n<\/table>\n<\/td>\n<\/tr>\n<\/tbody>\n<\/table>\n<\/div>\n<div id=\"dv_12\">\n<table width=\"600\" border=\"0\" cellspacing=\"0\" cellpadding=\"0\">\n<tbody>\n<tr>\n<td>\n<table width=\"100%\" border=\"0\" cellspacing=\"0\" cellpadding=\"0\">\n<tbody>\n<tr>\n<td>\u00a0 \u00a0 \u00a0 \u00a0 \u00a0 \u00a0 \u00a0 \u00a0 \u00a0 \u00a0 \u00a0 \u00a0 \u00a0 \u00a0 \u00a0 \u00a0 \u00a0 \u00a0 \u00a0 \u00a0 \u00a0 \u00a0 \u00a0 \u00a0 \u00a0 \u00a0 \u00a0<a title=\"asd\" href=\"https:\/\/fonasc-cbh.org.br\/?page_id=11437\" target=\"_blank\"> \u00a0n\u00fameros anteriores<\/a><\/td>\n<\/tr>\n<\/tbody>\n<\/table>\n<\/td>\n<\/tr>\n<\/tbody>\n<\/table>\n<\/div>\n<\/td>\n<\/tr>\n<tr>\n<td align=\"center\" valign=\"top\" bgcolor=\"#48a5bc\" width=\"100%\">\n<div id=\"dv_10\">\n<table width=\"600\" border=\"0\" cellspacing=\"0\" cellpadding=\"0\">\n<tbody>\n<tr>\n<td>\n<table width=\"100%\" border=\"0\" cellspacing=\"0\" cellpadding=\"0\">\n<tbody>\n<tr>\n<td align=\"left\" valign=\"top\">\n<table width=\"100%\" border=\"0\" cellspacing=\"0\" cellpadding=\"0\" align=\"left\">\n<tbody>\n<tr>\n<td align=\"center\" valign=\"center\" width=\"99%\">\n<table border=\"0\" cellspacing=\"0\" cellpadding=\"0\" align=\"center\">\n<tbody>\n<tr>\n<td valign=\"top\">\n<table border=\"0\" cellspacing=\"0\" cellpadding=\"0\" align=\"left\">\n<tbody>\n<tr>\n<td align=\"left\" valign=\"center\" height=\"17\"><a href=\"http:\/\/benchemail.bmetrack.com\/c\/l?u=5CFB532&amp;e=89F840&amp;c=8B0A2&amp;t=0&amp;email=F%2B0rAZqOMI8UWE%2BYa8MuVBA%2FMV%2BF7nA0Fq%2FQZ5ToD20%3D&amp;seq=1\" target=\"_blank\">Mais not\u00edcias<\/a><\/td>\n<\/tr>\n<\/tbody>\n<\/table>\n<table border=\"0\" cellspacing=\"0\" cellpadding=\"0\" align=\"left\">\n<tbody>\n<tr>\n<td align=\"left\" valign=\"center\" height=\"17\"><a href=\"http:\/\/benchemail.bmetrack.com\/c\/l?u=5CFB535&amp;e=89F840&amp;c=8B0A2&amp;t=0&amp;email=F%2B0rAZqOMI8UWE%2BYa8MuVBA%2FMV%2BF7nA0Fq%2FQZ5ToD20%3D&amp;seq=1\" target=\"_blank\">Agenda<\/a><\/td>\n<\/tr>\n<\/tbody>\n<\/table>\n<table border=\"0\" cellspacing=\"0\" cellpadding=\"0\" align=\"left\">\n<tbody>\n<tr>\n<td align=\"left\" valign=\"center\" height=\"17\"><a href=\"http:\/\/benchemail.bmetrack.com\/c\/l?u=5CFB537&amp;e=89F840&amp;c=8B0A2&amp;t=0&amp;email=F%2B0rAZqOMI8UWE%2BYa8MuVBA%2FMV%2BF7nA0Fq%2FQZ5ToD20%3D&amp;seq=1\" target=\"_blank\">Localiza\u00e7\u00e3o<\/a><\/td>\n<\/tr>\n<\/tbody>\n<\/table>\n<table border=\"0\" cellspacing=\"0\" cellpadding=\"0\" align=\"left\">\n<tbody>\n<tr>\n<td align=\"left\" valign=\"center\" height=\"17\"><a href=\"http:\/\/benchemail.bmetrack.com\/c\/l?u=5CFB538&amp;e=89F840&amp;c=8B0A2&amp;t=0&amp;email=F%2B0rAZqOMI8UWE%2BYa8MuVBA%2FMV%2BF7nA0Fq%2FQZ5ToD20%3D&amp;seq=1\" target=\"_blank\">Contatos<\/a><\/td>\n<\/tr>\n<\/tbody>\n<\/table>\n<\/td>\n<\/tr>\n<\/tbody>\n<\/table>\n<\/td>\n<td align=\"center\" valign=\"center\" width=\"1%\">\n<table border=\"0\" cellspacing=\"0\" cellpadding=\"0\" align=\"right\">\n<tbody>\n<tr>\n<td valign=\"top\"><\/td>\n<\/tr>\n<\/tbody>\n<\/table>\n<\/td>\n<\/tr>\n<\/tbody>\n<\/table>\n<\/td>\n<\/tr>\n<\/tbody>\n<\/table>\n<\/td>\n<\/tr>\n<\/tbody>\n<\/table>\n<\/div>\n<\/td>\n<\/tr>\n<tr>\n<td align=\"center\" valign=\"top\" bgcolor=\"#48a5bc\" width=\"100%\">\n<div id=\"dv_7\">\n<table width=\"600\" border=\"0\" cellspacing=\"0\" cellpadding=\"0\">\n<tbody>\n<tr>\n<td align=\"center\">\n<table border=\"0\" cellspacing=\"0\" cellpadding=\"0\" align=\"center\">\n<tbody>\n<tr>\n<td>\n<table border=\"0\" cellspacing=\"0\" cellpadding=\"0\">\n<tbody>\n<tr>\n<td valign=\"top\">\n<table border=\"0\" cellspacing=\"0\" cellpadding=\"0\" align=\"left\">\n<tbody>\n<tr>\n<td align=\"left\" width=\"24\"><a href=\"http:\/\/benchemail.bmetrack.com\/c\/l?u=5CFB539&amp;e=89F840&amp;c=8B0A2&amp;t=0&amp;email=F%2B0rAZqOMI8UWE%2BYa8MuVBA%2FMV%2BF7nA0Fq%2FQZ5ToD20%3D&amp;seq=1\" target=\"_blank\"><img loading=\"lazy\" decoding=\"async\" src=\"https:\/\/ui.benchmarkemail.com\/images\/editor\/socialicons\/tw_btn.png\" alt=\"Twitter\" width=\"24\" height=\"24\" border=\"0\" \/><\/a><\/td>\n<\/tr>\n<\/tbody>\n<\/table>\n<table border=\"0\" cellspacing=\"0\" cellpadding=\"0\" align=\"left\">\n<tbody>\n<tr>\n<td align=\"left\" width=\"24\"><a href=\"http:\/\/benchemail.bmetrack.com\/c\/l?u=5CFB53A&amp;e=89F840&amp;c=8B0A2&amp;t=0&amp;email=F%2B0rAZqOMI8UWE%2BYa8MuVBA%2FMV%2BF7nA0Fq%2FQZ5ToD20%3D&amp;seq=1\" target=\"_blank\"><img loading=\"lazy\" decoding=\"async\" src=\"https:\/\/ui.benchmarkemail.com\/images\/editor\/socialicons\/yt_btn.png\" alt=\"YouTube\" width=\"24\" height=\"24\" border=\"0\" \/><\/a><\/td>\n<\/tr>\n<\/tbody>\n<\/table>\n<table border=\"0\" cellspacing=\"0\" cellpadding=\"0\" align=\"left\">\n<tbody>\n<tr>\n<td align=\"left\" width=\"24\"><a href=\"http:\/\/benchemail.bmetrack.com\/c\/l?u=5CFB53B&amp;e=89F840&amp;c=8B0A2&amp;t=0&amp;email=F%2B0rAZqOMI8UWE%2BYa8MuVBA%2FMV%2BF7nA0Fq%2FQZ5ToD20%3D&amp;seq=1\" target=\"_blank\"><img loading=\"lazy\" decoding=\"async\" src=\"https:\/\/ui.benchmarkemail.com\/images\/editor\/socialicons\/fb_btn.png\" alt=\"Facebook\" width=\"24\" height=\"24\" border=\"0\" \/><\/a><\/td>\n<\/tr>\n<\/tbody>\n<\/table>\n<table border=\"0\" cellspacing=\"0\" cellpadding=\"0\" align=\"left\">\n<tbody>\n<tr>\n<td align=\"left\" width=\"24\"><a href=\"http:\/\/benchemail.bmetrack.com\/c\/l?u=5CFB528&amp;e=89F840&amp;c=8B0A2&amp;t=0&amp;email=F%2B0rAZqOMI8UWE%2BYa8MuVBA%2FMV%2BF7nA0Fq%2FQZ5ToD20%3D&amp;seq=2\" target=\"_blank\"><img loading=\"lazy\" decoding=\"async\" src=\"https:\/\/ui.benchmarkemail.com\/images\/editor\/socialicons\/wb_btn.png\" alt=\"Website\" width=\"24\" height=\"24\" border=\"0\" \/><\/a><\/td>\n<\/tr>\n<\/tbody>\n<\/table>\n<table border=\"0\" cellspacing=\"0\" cellpadding=\"0\" align=\"left\">\n<tbody>\n<tr>\n<td align=\"left\" width=\"24\"><a href=\"http:\/\/benchemail.bmetrack.com\/c\/l?u=5CFB53C&amp;e=89F840&amp;c=8B0A2&amp;t=0&amp;email=F%2B0rAZqOMI8UWE%2BYa8MuVBA%2FMV%2BF7nA0Fq%2FQZ5ToD20%3D&amp;seq=1\" target=\"_blank\"><img loading=\"lazy\" decoding=\"async\" src=\"https:\/\/ui.benchmarkemail.com\/images\/editor\/socialicons\/flickr_btn.png\" alt=\"Flickr\" width=\"24\" height=\"24\" border=\"0\" \/><\/a><\/td>\n<\/tr>\n<\/tbody>\n<\/table>\n<table border=\"0\" cellspacing=\"0\" cellpadding=\"0\" align=\"left\">\n<tbody>\n<tr>\n<td align=\"left\" width=\"24\"><a href=\"http:\/\/benchemail.bmetrack.com\/c\/l?u=5CFB53D&amp;e=89F840&amp;c=8B0A2&amp;t=0&amp;email=F%2B0rAZqOMI8UWE%2BYa8MuVBA%2FMV%2BF7nA0Fq%2FQZ5ToD20%3D&amp;seq=1\" target=\"_blank\"><img loading=\"lazy\" decoding=\"async\" src=\"https:\/\/ui.benchmarkemail.com\/images\/editor\/socialicons\/yt_btn.png\" alt=\"YouTube\" width=\"24\" height=\"24\" border=\"0\" \/><\/a><\/td>\n<\/tr>\n<\/tbody>\n<\/table>\n<table border=\"0\" cellspacing=\"0\" cellpadding=\"0\" align=\"left\">\n<tbody>\n<tr>\n<td align=\"left\" width=\"24\"><a href=\"http:\/\/benchemail.bmetrack.com\/c\/l?u=5CFB53E&amp;e=89F840&amp;c=8B0A2&amp;t=0&amp;email=F%2B0rAZqOMI8UWE%2BYa8MuVBA%2FMV%2BF7nA0Fq%2FQZ5ToD20%3D&amp;seq=1\" target=\"_blank\"><img loading=\"lazy\" decoding=\"async\" src=\"https:\/\/ui.benchmarkemail.com\/images\/editor\/socialicons\/wb_btn.png\" alt=\"Website\" width=\"24\" height=\"24\" border=\"0\" \/><\/a><\/td>\n<\/tr>\n<\/tbody>\n<\/table>\n<table border=\"0\" cellspacing=\"0\" cellpadding=\"0\" align=\"left\">\n<tbody>\n<tr>\n<td align=\"left\" width=\"24\"><a href=\"http:\/\/benchemail.bmetrack.com\/c\/l?u=5CFB53F&amp;e=89F840&amp;c=8B0A2&amp;t=0&amp;email=F%2B0rAZqOMI8UWE%2BYa8MuVBA%2FMV%2BF7nA0Fq%2FQZ5ToD20%3D&amp;seq=1\" target=\"_blank\"><img loading=\"lazy\" decoding=\"async\" src=\"https:\/\/ui.benchmarkemail.com\/images\/editor\/socialicons\/gp_btn.png\" alt=\"Google Plus\" width=\"24\" height=\"24\" border=\"0\" \/><\/a><\/td>\n<\/tr>\n<\/tbody>\n<\/table>\n<\/td>\n<\/tr>\n<\/tbody>\n<\/table>\n<\/td>\n<\/tr>\n<\/tbody>\n<\/table>\n<\/td>\n<\/tr>\n<\/tbody>\n<\/table>\n<\/div>\n<\/td>\n<\/tr>\n<\/tbody>\n<\/table>\n<\/td>\n<\/tr>\n<\/tbody>\n<\/table>\n","protected":false},"excerpt":{"rendered":"<p>INFORMATIVO\u00a0#67 08 de janeiro de 2016 Visite nosso site\u00a0 RETROSPECTIVA 2015 Muitas \u00e1guas rolaram no ano que se passou. Infelizmente,&#8230;<\/p>\n","protected":false},"author":2,"featured_media":0,"parent":11437,"menu_order":0,"comment_status":"closed","ping_status":"open","template":"","meta":{"footnotes":""},"_links":{"self":[{"href":"https:\/\/fonasc-cbh.org.br\/index.php?rest_route=\/wp\/v2\/pages\/14998"}],"collection":[{"href":"https:\/\/fonasc-cbh.org.br\/index.php?rest_route=\/wp\/v2\/pages"}],"about":[{"href":"https:\/\/fonasc-cbh.org.br\/index.php?rest_route=\/wp\/v2\/types\/page"}],"author":[{"embeddable":true,"href":"https:\/\/fonasc-cbh.org.br\/index.php?rest_route=\/wp\/v2\/users\/2"}],"replies":[{"embeddable":true,"href":"https:\/\/fonasc-cbh.org.br\/index.php?rest_route=%2Fwp%2Fv2%2Fcomments&post=14998"}],"version-history":[{"count":6,"href":"https:\/\/fonasc-cbh.org.br\/index.php?rest_route=\/wp\/v2\/pages\/14998\/revisions"}],"predecessor-version":[{"id":15002,"href":"https:\/\/fonasc-cbh.org.br\/index.php?rest_route=\/wp\/v2\/pages\/14998\/revisions\/15002"}],"up":[{"embeddable":true,"href":"https:\/\/fonasc-cbh.org.br\/index.php?rest_route=\/wp\/v2\/pages\/11437"}],"wp:attachment":[{"href":"https:\/\/fonasc-cbh.org.br\/index.php?rest_route=%2Fwp%2Fv2%2Fmedia&parent=14998"}],"curies":[{"name":"wp","href":"https:\/\/api.w.org\/{rel}","templated":true}]}}