{"id":14879,"date":"2015-12-14T20:52:33","date_gmt":"2015-12-14T20:52:33","guid":{"rendered":"http:\/\/fonasc-cbh.org.br\/?page_id=14879"},"modified":"2015-12-21T13:34:12","modified_gmt":"2015-12-21T13:34:12","slug":"boletim-66","status":"publish","type":"page","link":"https:\/\/fonasc-cbh.org.br\/?page_id=14879","title":{"rendered":"Boletim 66"},"content":{"rendered":"<table border=\"0\" cellspacing=\"0\" cellpadding=\"0\" align=\"center\">\n<tbody>\n<tr>\n<td><\/td>\n<\/tr>\n<tr>\n<td height=\"10\"><\/td>\n<\/tr>\n<tr valign=\"bottom\">\n<td><strong>INFORMATIVO FONASC.CBH LXVI &#8211; Ano II &#8211; Bras\u00edlia\/S\u00e3o Lu\u00eds, 15 de dezembro de 2015<\/strong><\/td>\n<\/tr>\n<tr>\n<td bgcolor=\"#ffffff\">\n<table border=\"0\" cellspacing=\"0\" cellpadding=\"0\">\n<tbody>\n<tr>\n<td align=\"left\" valign=\"top\" width=\"216\"><img loading=\"lazy\" decoding=\"async\" title=\"logo-fonasc.png\" src=\"http:\/\/www.k2mail-05.com.br\/admin\/temp\/newsletters\/3517\/logo-fonasc.png\" alt=\"logo-fonasc.png\" width=\"225\" height=\"77\" align=\"top\" \/><strong><\/strong><\/td>\n<td align=\"left\" valign=\"top\" width=\"384\"><img loading=\"lazy\" decoding=\"async\" title=\"fundoagua.jpg\" src=\"http:\/\/www.k2mail-05.com.br\/admin\/temp\/newsletters\/3517\/fundoagua.jpg\" alt=\"fundoagua.jpg\" width=\"408\" height=\"100\" \/><\/td>\n<\/tr>\n<\/tbody>\n<\/table>\n<\/td>\n<\/tr>\n<tr>\n<td bgcolor=\"#ffffff\">\n<table border=\"0\" cellspacing=\"0\" cellpadding=\"0\" bgcolor=\"#ffffff\">\n<tbody>\n<tr>\n<td valign=\"top\"><strong>Fonasc-MA &#8211; Conselheiros apresentam propostas para a minuta de decreto do Fundo Estadual de Recursos H\u00eddricos\u00a0 \u00a0\u00a0 <\/strong><img loading=\"lazy\" decoding=\"async\" title=\"gedc2292.jpg\" src=\"http:\/\/www.k2mail-05.com.br\/admin\/temp\/newsletters\/3517\/gedc2292.jpg\" alt=\"gedc2292.jpg\" width=\"254\" height=\"190\" align=\"left\" \/>Os conselheiros membros da C\u00e2mara T\u00e9cnica de Assuntos Institucionais Legais (CTIL) do Conselho Estadual de Recursos H\u00eddricos (CONERH) se reuniram na tarde da \u00faltima sexta-feira, 11, para apresentar as sugest\u00f5es\/emendas \u00e0 minuta de decreto do executivo que regulamenta o Fundo Estadual de Recursos H\u00eddricos.<br \/>\nBoa parte das altera\u00e7\u00f5es sugeridas pelos conselheiros \u00e9 para que as a\u00e7\u00f5es do conselho gestor do fundo sejam referendadas, ou seja, comunicadas ao CONERH e que este conselho gestor seja composto de forma parit\u00e1ria e com 4 (quatro) membros para cada segmento (poder p\u00fablico, usu\u00e1rios e sociedade civil organizada), ao inv\u00e9s de apenas 1 (um) membro por setor representativo.\u00a0 <a href=\"https:\/\/fonasc-cbh.org.br\/?p=14872\">Continue lendo<br \/>\n<\/a><\/p>\n<div><strong>Conselho Nacional de Recursos H\u00eddricos foge do seu principal papel na Pol\u00edtica de Gest\u00e3o das \u00c1guas- Relato da XXXVIII Plenaria \u00a0<\/strong><br \/>\n<strong><\/strong><\/div>\n<p>H\u00e1 pouco mais de um m\u00eas do desastre de Mariana e em meio \u00e0 penumbra que se abate sobre o Brasil, o Conselho Nacional de Recursos H\u00eddricos (CNRH) faz sua \u00faltima reuni\u00e3o do ano com aplausos a Samarco e sua turma.<br \/>\nIsso foi rid\u00edculo para n\u00e3o dizer grotesco. Estamos perplexos em ter que presenciar a falta de principio de realidade na condu\u00e7\u00e3o da pol\u00edtica das \u00e1guas que acomete inst\u00e2ncia de 3\u00ba escal\u00e3o de governo no Minist\u00e9rio do Meio Ambiente. Atolados numa conjuntura onde uma grave penumbra se abate sobre as conquistas da sociedade brasileira para afirma\u00e7\u00e3o do Estado de direito que hoje, no que tange esta pol\u00edtica p\u00fablica de gest\u00e3o das \u00e1guas, o CNRH est\u00e1 submetido a comportamentos t\u00edmidos e acuado dos agentes p\u00fablicos nessas inst\u00e2ncias, frente \u00e0s forcas que tradicionalmente corrompem e sabotam o Estado e a governan\u00e7a das \u00c1guas. <a href=\"https:\/\/fonasc-cbh.org.br\/?p=14854\">Continue lendo<\/a><\/p>\n<p>&nbsp;<\/p>\n<p><strong>onasc prop\u00f5e resolu\u00e7\u00e3o que cria GT para acompanhamento das a\u00e7\u00f5es na bacia do Rio Doce\u00a0 \u00a0<\/strong><\/p>\n<p><img loading=\"lazy\" decoding=\"async\" title=\"cnrh.jpg\" src=\"http:\/\/www.k2mail-05.com.br\/admin\/temp\/newsletters\/3517\/cnrh.jpg\" alt=\"cnrh.jpg\" width=\"223\" height=\"188\" align=\"right\" \/><\/p>\n<p>&nbsp;<\/p>\n<p>No in\u00edcio deste m\u00eas o Fonasc encaminhou para a secretaria executiva do Conselho Nacional de Recursos H\u00eddricos (CNRH) uma proposta de resolu\u00e7\u00e3o que cria o Grupo T\u00e9cnico de Acompanhamento das A\u00e7\u00f5es Mitigat\u00f3rias e Compensat\u00f3rias de Pol\u00edticas P\u00fablicas para Restaura\u00e7\u00e3o e Revitaliza\u00e7\u00e3o Integrada dos Corpos d\u2019\u00c1gua da Bacia do Rio Doce, bem como seus objetivos e composi\u00e7\u00e3o.<br \/>\nPara o coordenador nacional do Fonasc, Jo\u00e3o Cl\u00edmaco a relev\u00e2ncia dessa mat\u00e9ria se aplica uma vez que a sociedade brasileira est\u00e1 sobressaltada com o grau de insufici\u00eancia a que chegou o Estado e a legisla\u00e7\u00e3o de recursos h\u00eddricos e tamb\u00e9m com a incapacidade do SIHGREH de dar respostas frente\u00a0 as causas que provocaram a\u00a0 grave trag\u00e9dia que ceifou vidas e vitimou de maneira irrefut\u00e1vel no Rio Doce e seus afluentes. <a href=\"https:\/\/fonasc-cbh.org.br\/?p=14838\">Continue lendo<\/a><\/p>\n<table border=\"0\" align=\"center\">\n<tbody>\n<tr>\n<td>MAIS NOTICIAS<a href=\"https:\/\/fonasc-cbh.org.br\/?p=14868\">Minas Gerais &#8211; Fonasc participa de reuni\u00e3o da CT do CERH<br \/>\n<\/a><a href=\"https:\/\/fonasc-cbh.org.br\/?p=14850\"><br \/>\nRio de Janeiro &#8211; Fonasc participa de Assembleia e faz novas parcerias<\/a><a href=\"https:\/\/fonasc-cbh.org.br\/?p=14864\">Rio de <\/a><\/p>\n<p><a href=\"https:\/\/fonasc-cbh.org.br\/?p=14864\">Janeiro &#8211; Fonasc apoia semin\u00e1rio sobre colapso h\u00eddrico<\/a><\/p>\n<p>&nbsp;<\/td>\n<\/tr>\n<\/tbody>\n<\/table>\n<p><a title=\"ASD\" href=\"https:\/\/fonasc-cbh.org.br\/?page_id=11437\">NUMEROS ANTERIORES <\/a><\/p>\n<p>flash back &#8211;<span style=\"line-height: 19px;\">\u00a0<\/span><a style=\"line-height: 19px;\" title=\"kj\" href=\"https:\/\/fonasc-cbh.org.br\/?p=14223\" target=\"_blank\"><strong>ARTIGO EM RESPOSTA AO \u00a0PRESIDENTE \u00a0 \u00a0 DA\u00a0FEDERA\u00c7\u00c3O\u00a0DAS \u00a0 \u00a0 \u00a0 \u00a0 \u00a0 \u00a0 \u00a0INDUSTRIAS DE MINAS GERAIS QUE A\u00a0M\u00cdDIA\u00a0COMERCIAL SUBALTERNA\u00a0N\u00c3O\u00a0PUBLICOU<\/strong>\u00a0.<strong>Sobreviv\u00eancia amea\u00e7ada por um crescimento sem \u201ctravas\u201d<\/strong><\/a><\/td>\n<td valign=\"top\" width=\"180\">\n<table border=\"0\" cellspacing=\"0\" cellpadding=\"0\">\n<tbody>\n<tr>\n<td>\u00a0Fonasc ArtigoA \u00e1gua, t\u00e3o central na cultura amaz\u00f4nica, tem se transformado em um bem caro e at\u00e9 mesmo perigoso em S\u00e3o Jo\u00e3o do Araguaia, S\u00e3o Geraldo do Araguaia e Xinguara, no sudeste do [Estado do] Par\u00e1. O l\u00edquido que chega \u00e0s torneiras das casas est\u00e1 sob a responsabilidade da Odebrecht Ambiental, que det\u00e9m as concess\u00f5es do servi\u00e7o de abastecimento, nas tr\u00eas cidades e em outros sete munic\u00edpios paraenses. Moradores de baixa renda, que precisam do Bolsa Fam\u00edlia para sobreviverem, t\u00eam sentido dificuldade para pagarem as contas todo m\u00eas. Tamb\u00e9m existem reclama\u00e7\u00f5es de que a empresa usa cloro em excesso no tratamento, o que traz mal-estar para as crian\u00e7as. <a href=\"https:\/\/fonasc-cbh.org.br\/?p=14847\">Continue lendo<\/a><\/td>\n<td><\/td>\n<\/tr>\n<tr>\n<td><img loading=\"lazy\" decoding=\"async\" src=\"http:\/\/www.k2mail-05.com.br\/admin\/resources\/email_templates\/Family%20and%20Friends%202\/Crowds\/bottom3.gif\" alt=\"\" width=\"180\" height=\"6\" \/><\/td>\n<td><\/td>\n<\/tr>\n<tr>\n<td><img loading=\"lazy\" decoding=\"async\" src=\"http:\/\/www.k2mail-05.com.br\/admin\/resources\/email_templates\/Family%20and%20Friends%202\/Crowds\/top3.gif\" alt=\"\" width=\"180\" height=\"6\" \/><\/td>\n<td><\/td>\n<\/tr>\n<tr>\n<td>Dicion\u00e1rio H\u00eddrico<strong><br \/>\nMICROBACIA\u00a0<\/strong><br \/>\n<strong><\/strong>\u00c1rea pequena por onde escoa um curso de \u00e1gua, rio ou riacho, ou v\u00e1rios cursos que des\u00e1guam num mesmo rio.Fonte:Dicion\u00e1rio Ambiental B\u00e1sico &#8211; Inicia\u00e7o \u00e0 linguagem ambiental &#8211; 9\u00aa edi\u00e7\u00e3o<\/td>\n<td><\/td>\n<\/tr>\n<tr>\n<td><img loading=\"lazy\" decoding=\"async\" src=\"http:\/\/www.k2mail-05.com.br\/admin\/resources\/email_templates\/Family%20and%20Friends%202\/Crowds\/bottom3.gif\" alt=\"\" width=\"180\" height=\"6\" \/><\/td>\n<td><\/td>\n<\/tr>\n<tr>\n<td>\n<address><img loading=\"lazy\" decoding=\"async\" src=\"http:\/\/www.k2mail-05.com.br\/admin\/resources\/email_templates\/Family%20and%20Friends%202\/Crowds\/top3.gif\" alt=\"\" width=\"180\" height=\"6\" \/><\/address>\n<address><strong>\u00c1GUA NO MUNDO<\/strong><\/address>\n<p><strong>Su\u00e9cia <\/strong>&#8211;\u00a0O impacto humano na perda de \u00e1gua doce, com atividades como rega ou constru\u00e7\u00e3o de barragens, excede em 20% o calculado, mostra estudo divulgado pela revista Science. A tese do estudo \u00e9 que atividades como a rega e as barragens aumentaram consideravelmente o consumo total de \u00e1gua doce.<br \/>\nO trabalho concluiu que o aumento na perda de \u00e1gua doce para a atmosfera, por evapora\u00e7\u00e3o, \u00e9 4.370 quil\u00f4metros c\u00fabicos anuais, o que equivale a dois ter\u00e7os do fluxo anual do Rio Amazonas, o mais caudaloso do mundo. <a href=\"http:\/\/www.noticiasaominuto.com.br\/mundo\/163711\/impacto-humano-na-perda-de-agua-doce-e-superior-em-20-ao-estimado\">Leia a reportagem<\/a><\/p>\n<p><img loading=\"lazy\" decoding=\"async\" src=\"http:\/\/www.k2mail-05.com.br\/admin\/resources\/email_templates\/Family%20and%20Friends%202\/Crowds\/top3.gif\" alt=\"\" width=\"180\" height=\"6\" \/><br \/>\n<strong><span style=\"color: #ffffff;\">\u00a0\u00a0\u00a0\u00a0\u00a0\u00a0 EXPEDIENTE<\/span><\/strong><\/p>\n<p><strong><\/strong><a href=\"https:\/\/fonasc-cbh.org.br\/?page_id=2\">Quem somos<\/a><br \/>\n<a href=\"https:\/\/fonasc-cbh.org.br\/?page_id=1399\">Onde Estamos<\/a><br \/>\n<a href=\"https:\/\/fonasc-cbh.org.br\/?page_id=8706\">O que fazemos<br \/>\n<\/a><\/p>\n<p>&nbsp;<\/p>\n<p><img loading=\"lazy\" decoding=\"async\" src=\"http:\/\/www.k2mail-05.com.br\/admin\/resources\/email_templates\/Family%20and%20Friends%202\/Crowds\/top3.gif\" alt=\"\" width=\"180\" height=\"6\" \/><\/p>\n<p><strong>\u00c1GUAS PICANTES<\/strong><\/p>\n<p>Cada vez que acontece um grave problema ou desastre no \u00e2mbito da gest\u00e3o dos recursos h\u00eddricos, os principais envolvidos, respons\u00e1veis pelo problema, falam como analistas do problema e n\u00e3o como parte respons\u00e1vel pelo problema&#8230;.<\/td>\n<\/tr>\n<\/tbody>\n<\/table>\n<\/td>\n<\/tr>\n<\/tbody>\n<\/table>\n<\/td>\n<\/tr>\n<tr>\n<td><img loading=\"lazy\" decoding=\"async\" src=\"http:\/\/www.k2mail-05.com.br\/admin\/resources\/email_templates\/Family%20and%20Friends%202\/Crowds\/bottom1.gif\" alt=\"\" width=\"600\" height=\"6\" \/><\/td>\n<\/tr>\n<tr>\n<td height=\"10\"><\/td>\n<\/tr>\n<tr>\n<td>\n<table border=\"0\" cellspacing=\"0\" cellpadding=\"0\" bgcolor=\"#f7f7f2\">\n<tbody>\n<tr>\n<td><img decoding=\"async\" src=\"http:\/\/www.k2mail-05.com.br\/admin\/resources\/email_templates\/Family%20and%20Friends%202\/Crowds\/top2.gif\" alt=\"\" \/><\/td>\n<\/tr>\n<tr>\n<td height=\"10\"><strong><strong>ESTE \u00c9 UM INFORMATIVO DO FONASC.CBH E PARA MAIS NOT\u00cdCIAS ACESSE: <a href=\"https:\/\/fonasc-cbh.org.br\/?cat=8\">www.fonasc-cbh.org.br<\/a><br \/>\nAcompanhe o Fonasc nas redes sociais <a href=\"https:\/\/pt-br.facebook.com\/fonasc.cbh\">Facebook<\/a>\u00a0 <a href=\"https:\/\/twitter.com\/cuidandodosrios\">Twitter<\/a> <a href=\"https:\/\/www.youtube.com\/user\/fonasccbh10anos\">Youtube<\/a><br \/>\nParticipe das discuss\u00f5es em<a href=\"http:\/\/www.grupos.com.br\/group\/fonasc.cbh\/Messages.html\"> nosso grupo<\/a><\/strong><\/strong><\/td>\n<\/tr>\n<tr>\n<td><img decoding=\"async\" src=\"http:\/\/www.k2mail-05.com.br\/admin\/resources\/email_templates\/Family%20and%20Friends%202\/Crowds\/bottom2.gif\" alt=\"\" \/><\/td>\n<\/tr>\n<\/tbody>\n<\/table>\n<\/td>\n<\/tr>\n<\/tbody>\n<\/table>\n<p>&nbsp;<\/p>\n","protected":false},"excerpt":{"rendered":"<p>INFORMATIVO FONASC.CBH LXVI &#8211; Ano II &#8211; Bras\u00edlia\/S\u00e3o Lu\u00eds, 15 de dezembro de 2015 Fonasc-MA &#8211; Conselheiros apresentam propostas para&#8230;<\/p>\n","protected":false},"author":2,"featured_media":0,"parent":11437,"menu_order":0,"comment_status":"closed","ping_status":"open","template":"","meta":{"footnotes":""},"_links":{"self":[{"href":"https:\/\/fonasc-cbh.org.br\/index.php?rest_route=\/wp\/v2\/pages\/14879"}],"collection":[{"href":"https:\/\/fonasc-cbh.org.br\/index.php?rest_route=\/wp\/v2\/pages"}],"about":[{"href":"https:\/\/fonasc-cbh.org.br\/index.php?rest_route=\/wp\/v2\/types\/page"}],"author":[{"embeddable":true,"href":"https:\/\/fonasc-cbh.org.br\/index.php?rest_route=\/wp\/v2\/users\/2"}],"replies":[{"embeddable":true,"href":"https:\/\/fonasc-cbh.org.br\/index.php?rest_route=%2Fwp%2Fv2%2Fcomments&post=14879"}],"version-history":[{"count":8,"href":"https:\/\/fonasc-cbh.org.br\/index.php?rest_route=\/wp\/v2\/pages\/14879\/revisions"}],"predecessor-version":[{"id":14901,"href":"https:\/\/fonasc-cbh.org.br\/index.php?rest_route=\/wp\/v2\/pages\/14879\/revisions\/14901"}],"up":[{"embeddable":true,"href":"https:\/\/fonasc-cbh.org.br\/index.php?rest_route=\/wp\/v2\/pages\/11437"}],"wp:attachment":[{"href":"https:\/\/fonasc-cbh.org.br\/index.php?rest_route=%2Fwp%2Fv2%2Fmedia&parent=14879"}],"curies":[{"name":"wp","href":"https:\/\/api.w.org\/{rel}","templated":true}]}}