{"id":1484,"date":"2012-01-04T06:42:02","date_gmt":"2012-01-04T06:42:02","guid":{"rendered":"http:\/\/fonasc-cbh.org.br\/?page_id=1484"},"modified":"2015-01-21T13:55:03","modified_gmt":"2015-01-21T13:55:03","slug":"agua-e-corrupcao","status":"publish","type":"page","link":"https:\/\/fonasc-cbh.org.br\/?page_id=1484","title":{"rendered":"AGUA E CORRUP\u00c7\u00c3O"},"content":{"rendered":"<p>&nbsp;<\/p>\n<p style=\"text-align: justify;\">A CORRUP\u00c7\u00c3O NO BRASIL \u00c9 ENDEMICA E SE EVIDENCIA NA MEDIDA\u00a0 QUE CONSEGUIMOS INSTITUIR MECANISMOS QUE GARANTA DIREITOS COLETIVOS E INDIVIDUAIS A PARTIR DE\u00a0 PRESS\u00d5ES JUNTO AOS AGENTES P\u00daBLICOS,DAS MOBILIZA\u00c7\u00d5ES SOCIAIS, MANIFESTA\u00c7\u00c3O JUNTO AO JUDICI\u00c1RIO\u00a0 AINDA QUE ESTE TAMB\u00c9M ESTEJA PASSANDO POR S\u00c9RIOS QUESTIONAMENTOS. A CORRUP\u00c7\u00c3O COM \u00c1 \u00c1GUA \u00c9 CORRUP\u00c7\u00c3O COM A VIDA E COMO SEMPRE, TRAZ CONSEQUENCIAS NEFASTAS SOBRETUDOS PARA A POPULA\u00c7\u00c3O MAIS PROBRES.<\/p>\n<p style=\"text-align: justify;\"><a title=\"ASD\" href=\"https:\/\/fonasc-cbh.org.br\/?s=maranhao+\" target=\"_blank\">CORRUP\u00c7\u00c3O NO MARANH\u00c3O VEJA EM\u00a0https:\/\/fonasc-cbh.org.br\/?s=maranhao+<\/a><\/p>\n<p style=\"text-align: justify;\"><a title=\"CORRUP\u00c7\u00c3O E \u00c1GUA \" href=\"http:\/\/www.google.com.br\/search?q=AGUAS+E+CORRUP%C3%87%C3%83O+&amp;rls=com.microsoft:pt-br:IE-SearchBox&amp;ie=UTF-8&amp;oe=UTF-8&amp;sourceid=ie7&amp;rlz=1I7ADSA_pt-BR&amp;redir_esc=&amp;ei=a98HT87uKYiftwf7rpDPBg\" target=\"_blank\">veja <\/a><\/p>\n<p style=\"text-align: justify;\"><a title=\"corrup\" href=\"http:\/\/br.bing.com\/search?q=corrup%C3%A7%C3%A3o+no+Brasil&amp;src=IE-SearchBox&amp;Form=IE8SRC\" target=\"_blank\">veja<\/a><\/p>\n<p style=\"text-align: justify;\"><span style=\"color: #0000e0; font-family: Calibri; font-size: small;\">Me gustar\u00eda compartir con Uds. mi presentaci\u00f3n sobre &#8220;Corrupci\u00f3n en el sector de agua potable y saneamiento: sus formas y medidas de control&#8221;:<\/span><br \/>\n<a id=\"yui_3_2_0_1_1328751775601428\" href=\"http:\/\/www.eclac.cl\/drni\/noticias\/noticias\/0\/45150\/Cali_14_11_2007.pdf\" rel=\"nofollow\" target=\"_blank\"><span id=\"yui_3_2_0_1_1328751775601427\" style=\"color: #0000e0; font-family: Calibri; font-size: small;\">http:\/\/www.eclac.cl\/drni\/noticias\/noticias\/0\/45150\/Cali_14_11_2007.pdf<\/span><\/a><\/p>\n<p><span style=\"color: #0000e0; font-family: Calibri; font-size: small;\">Y adem\u00e1s un documento que se relaciona con este tema (ver cap\u00edtulo sobre &#8220;Medidas preventivas y sancionatorias de la corrupci\u00f3n&#8221;):<\/span><br \/>\n<a href=\"http:\/\/www.cepal.org\/publicaciones\/xml\/4\/42864\/Lcw381e.pdf\" rel=\"nofollow\" target=\"_blank\"><span style=\"color: #0000e0; font-family: Calibri; font-size: small;\">http:\/\/www.cepal.org\/publicaciones\/xml\/4\/42864\/Lcw381e.pdf<\/span><\/a><\/p>\n<p><span style=\"color: #0000e0; font-family: Calibri; font-size: small;\">Saludos cordiales,<\/span><\/p>\n<p><span style=\"color: #0000e0; font-family: Calibri; font-size: small;\">Andrei<\/span><\/p>\n<p style=\"text-align: justify;\">\n","protected":false},"excerpt":{"rendered":"<p>&nbsp; A CORRUP\u00c7\u00c3O NO BRASIL \u00c9 ENDEMICA E SE EVIDENCIA NA MEDIDA\u00a0 QUE CONSEGUIMOS INSTITUIR MECANISMOS QUE GARANTA DIREITOS COLETIVOS&#8230;<\/p>\n","protected":false},"author":3,"featured_media":0,"parent":386,"menu_order":0,"comment_status":"closed","ping_status":"open","template":"","meta":{"footnotes":""},"_links":{"self":[{"href":"https:\/\/fonasc-cbh.org.br\/index.php?rest_route=\/wp\/v2\/pages\/1484"}],"collection":[{"href":"https:\/\/fonasc-cbh.org.br\/index.php?rest_route=\/wp\/v2\/pages"}],"about":[{"href":"https:\/\/fonasc-cbh.org.br\/index.php?rest_route=\/wp\/v2\/types\/page"}],"author":[{"embeddable":true,"href":"https:\/\/fonasc-cbh.org.br\/index.php?rest_route=\/wp\/v2\/users\/3"}],"replies":[{"embeddable":true,"href":"https:\/\/fonasc-cbh.org.br\/index.php?rest_route=%2Fwp%2Fv2%2Fcomments&post=1484"}],"version-history":[{"count":15,"href":"https:\/\/fonasc-cbh.org.br\/index.php?rest_route=\/wp\/v2\/pages\/1484\/revisions"}],"predecessor-version":[{"id":1615,"href":"https:\/\/fonasc-cbh.org.br\/index.php?rest_route=\/wp\/v2\/pages\/1484\/revisions\/1615"}],"up":[{"embeddable":true,"href":"https:\/\/fonasc-cbh.org.br\/index.php?rest_route=\/wp\/v2\/pages\/386"}],"wp:attachment":[{"href":"https:\/\/fonasc-cbh.org.br\/index.php?rest_route=%2Fwp%2Fv2%2Fmedia&parent=1484"}],"curies":[{"name":"wp","href":"https:\/\/api.w.org\/{rel}","templated":true}]}}