{"id":1481,"date":"2012-01-04T06:40:12","date_gmt":"2012-01-04T06:40:12","guid":{"rendered":"http:\/\/fonasc-cbh.org.br\/?page_id=1481"},"modified":"2012-03-11T07:18:39","modified_gmt":"2012-03-11T07:18:39","slug":"blogs","status":"publish","type":"page","link":"https:\/\/fonasc-cbh.org.br\/?page_id=1481","title":{"rendered":"BLOGS"},"content":{"rendered":"<p><em><strong><a title=\"SOS RIOS \" href=\"http:\/\/sosriosdobrasil.blogspot.com\/2012\/01\/desbloquearam-as-postagens-da-pagina-do.html\" target=\"_blank\">SOS RIOS DO BRASIL <\/a><\/strong><\/em><\/p>\n<p><em><strong><a title=\"caatinga\" href=\"http:\/\/comitecaatingape.blogspot.com\/2009\/11\/mostra-de-cinema-bela-caatinga-chega-ao.html\" target=\"_blank\">BLOG DA CAATINGA\u00a0 <\/a><\/strong><\/em><\/p>\n<p><em><strong><a title=\"BAHIA \" href=\"http:\/\/almacks.blogspot.com\/2012\/01\/o-plano-da-bacia-hidrografica-do-rio.html \" target=\"_blank\">AVALIA\u00c7\u00c3O DA POL\u00cdTICA DE \u00c1GUA NO ESTADO DA BAHIA <\/a><\/strong><\/em><\/p>\n<p><em><strong><span style=\"color: #0000ff;\"><a title=\"blog joao climaco\" href=\"http:\/\/joaoclimacofilho.blogspot.com\/search?updated-min=2012-01-01T00:00:00-08:00&amp;updated-max=2013-01-01T00:00:00-08:00&amp;max-results=1\" target=\"_blank\">ANALISES E AVALIA\u00c7\u00d5ES SOBRE AS POL\u00cdTICAS DE \u00c1GUA\u00a0 ( NAC) <\/a>Jo\u00e3o Climaco<\/span><\/strong><\/em><\/p>\n<p><em><strong><\/strong><\/em><\/p>\n","protected":false},"excerpt":{"rendered":"<p>SOS RIOS DO BRASIL BLOG DA CAATINGA\u00a0 AVALIA\u00c7\u00c3O DA POL\u00cdTICA DE \u00c1GUA NO ESTADO DA BAHIA ANALISES E AVALIA\u00c7\u00d5ES SOBRE&#8230;<\/p>\n","protected":false},"author":3,"featured_media":0,"parent":386,"menu_order":0,"comment_status":"closed","ping_status":"open","template":"","meta":{"footnotes":""},"_links":{"self":[{"href":"https:\/\/fonasc-cbh.org.br\/index.php?rest_route=\/wp\/v2\/pages\/1481"}],"collection":[{"href":"https:\/\/fonasc-cbh.org.br\/index.php?rest_route=\/wp\/v2\/pages"}],"about":[{"href":"https:\/\/fonasc-cbh.org.br\/index.php?rest_route=\/wp\/v2\/types\/page"}],"author":[{"embeddable":true,"href":"https:\/\/fonasc-cbh.org.br\/index.php?rest_route=\/wp\/v2\/users\/3"}],"replies":[{"embeddable":true,"href":"https:\/\/fonasc-cbh.org.br\/index.php?rest_route=%2Fwp%2Fv2%2Fcomments&post=1481"}],"version-history":[{"count":10,"href":"https:\/\/fonasc-cbh.org.br\/index.php?rest_route=\/wp\/v2\/pages\/1481\/revisions"}],"predecessor-version":[{"id":2967,"href":"https:\/\/fonasc-cbh.org.br\/index.php?rest_route=\/wp\/v2\/pages\/1481\/revisions\/2967"}],"up":[{"embeddable":true,"href":"https:\/\/fonasc-cbh.org.br\/index.php?rest_route=\/wp\/v2\/pages\/386"}],"wp:attachment":[{"href":"https:\/\/fonasc-cbh.org.br\/index.php?rest_route=%2Fwp%2Fv2%2Fmedia&parent=1481"}],"curies":[{"name":"wp","href":"https:\/\/api.w.org\/{rel}","templated":true}]}}