{"id":1472,"date":"2012-01-04T06:34:05","date_gmt":"2012-01-04T06:34:05","guid":{"rendered":"http:\/\/fonasc-cbh.org.br\/?page_id=1472"},"modified":"2012-01-04T06:53:13","modified_gmt":"2012-01-04T06:53:13","slug":"orgao-governamentais-setor-publico","status":"publish","type":"page","link":"https:\/\/fonasc-cbh.org.br\/?page_id=1472","title":{"rendered":"\u00d3RG\u00c3O GOVERNAMENTAIS &#8211;"},"content":{"rendered":"<p>\u00d3RG\u00c3O GOVERNAMENTAIS &#8211; SETOR P\u00daBLICO<\/p>\n","protected":false},"excerpt":{"rendered":"<p>\u00d3RG\u00c3O GOVERNAMENTAIS &#8211; SETOR P\u00daBLICO<\/p>\n","protected":false},"author":3,"featured_media":0,"parent":386,"menu_order":0,"comment_status":"closed","ping_status":"open","template":"","meta":{"footnotes":""},"_links":{"self":[{"href":"https:\/\/fonasc-cbh.org.br\/index.php?rest_route=\/wp\/v2\/pages\/1472"}],"collection":[{"href":"https:\/\/fonasc-cbh.org.br\/index.php?rest_route=\/wp\/v2\/pages"}],"about":[{"href":"https:\/\/fonasc-cbh.org.br\/index.php?rest_route=\/wp\/v2\/types\/page"}],"author":[{"embeddable":true,"href":"https:\/\/fonasc-cbh.org.br\/index.php?rest_route=\/wp\/v2\/users\/3"}],"replies":[{"embeddable":true,"href":"https:\/\/fonasc-cbh.org.br\/index.php?rest_route=%2Fwp%2Fv2%2Fcomments&post=1472"}],"version-history":[{"count":4,"href":"https:\/\/fonasc-cbh.org.br\/index.php?rest_route=\/wp\/v2\/pages\/1472\/revisions"}],"predecessor-version":[{"id":1491,"href":"https:\/\/fonasc-cbh.org.br\/index.php?rest_route=\/wp\/v2\/pages\/1472\/revisions\/1491"}],"up":[{"embeddable":true,"href":"https:\/\/fonasc-cbh.org.br\/index.php?rest_route=\/wp\/v2\/pages\/386"}],"wp:attachment":[{"href":"https:\/\/fonasc-cbh.org.br\/index.php?rest_route=%2Fwp%2Fv2%2Fmedia&parent=1472"}],"curies":[{"name":"wp","href":"https:\/\/api.w.org\/{rel}","templated":true}]}}