{"id":14670,"date":"2015-11-24T14:12:34","date_gmt":"2015-11-24T14:12:34","guid":{"rendered":"http:\/\/fonasc-cbh.org.br\/?page_id=14670"},"modified":"2015-11-24T14:33:56","modified_gmt":"2015-11-24T14:33:56","slug":"picadinhas-hidricas-conteporaneas","status":"publish","type":"page","link":"https:\/\/fonasc-cbh.org.br\/?page_id=14670","title":{"rendered":"CNRH &#8211; PICADINHAS HIDRICAS CONTEPORANEAS"},"content":{"rendered":"<p style=\"text-align: left;\"><strong>PICADINHAS H\u00cdDRICAS S\u00c3O PEQUENAS FRASES E AFIRMA\u00c7\u00d5ES A PARTIR\u00a0DE FATOS E EXPERIENCIAS<\/strong><\/p>\n<p>&nbsp;<\/p>\n<p>&nbsp;<\/p>\n","protected":false},"excerpt":{"rendered":"<p>PICADINHAS H\u00cdDRICAS S\u00c3O PEQUENAS FRASES E AFIRMA\u00c7\u00d5ES A PARTIR\u00a0DE FATOS E EXPERIENCIAS &nbsp; &nbsp;<\/p>\n","protected":false},"author":2,"featured_media":0,"parent":1475,"menu_order":0,"comment_status":"closed","ping_status":"open","template":"","meta":{"footnotes":""},"_links":{"self":[{"href":"https:\/\/fonasc-cbh.org.br\/index.php?rest_route=\/wp\/v2\/pages\/14670"}],"collection":[{"href":"https:\/\/fonasc-cbh.org.br\/index.php?rest_route=\/wp\/v2\/pages"}],"about":[{"href":"https:\/\/fonasc-cbh.org.br\/index.php?rest_route=\/wp\/v2\/types\/page"}],"author":[{"embeddable":true,"href":"https:\/\/fonasc-cbh.org.br\/index.php?rest_route=\/wp\/v2\/users\/2"}],"replies":[{"embeddable":true,"href":"https:\/\/fonasc-cbh.org.br\/index.php?rest_route=%2Fwp%2Fv2%2Fcomments&post=14670"}],"version-history":[{"count":5,"href":"https:\/\/fonasc-cbh.org.br\/index.php?rest_route=\/wp\/v2\/pages\/14670\/revisions"}],"predecessor-version":[{"id":14673,"href":"https:\/\/fonasc-cbh.org.br\/index.php?rest_route=\/wp\/v2\/pages\/14670\/revisions\/14673"}],"up":[{"embeddable":true,"href":"https:\/\/fonasc-cbh.org.br\/index.php?rest_route=\/wp\/v2\/pages\/1475"}],"wp:attachment":[{"href":"https:\/\/fonasc-cbh.org.br\/index.php?rest_route=%2Fwp%2Fv2%2Fmedia&parent=14670"}],"curies":[{"name":"wp","href":"https:\/\/api.w.org\/{rel}","templated":true}]}}