{"id":14556,"date":"2015-11-17T21:06:45","date_gmt":"2015-11-17T21:06:45","guid":{"rendered":"http:\/\/fonasc-cbh.org.br\/?page_id=14556"},"modified":"2015-11-17T21:06:45","modified_gmt":"2015-11-17T21:06:45","slug":"boletim-63","status":"publish","type":"page","link":"https:\/\/fonasc-cbh.org.br\/?page_id=14556","title":{"rendered":"boletim 63"},"content":{"rendered":"<table border=\"0\" cellspacing=\"0\" cellpadding=\"0\" align=\"center\">\n<tbody>\n<tr>\n<td height=\"10\"><\/td>\n<\/tr>\n<tr valign=\"bottom\">\n<td><strong>INFORMATIVO FONASC.CBH LXIII &#8211; Ano II &#8211; Bras\u00edlia\/S\u00e3o Lu\u00eds, 17 de novembro de 2015<\/strong><\/td>\n<\/tr>\n<tr>\n<td bgcolor=\"#ffffff\">\n<table border=\"0\" cellspacing=\"0\" cellpadding=\"0\">\n<tbody>\n<tr>\n<td align=\"left\" valign=\"top\" width=\"216\"><img loading=\"lazy\" decoding=\"async\" title=\"logo-fonasc.png\" src=\"http:\/\/www.k2mail-05.com.br\/admin\/temp\/newsletters\/3377\/logo-fonasc.png\" alt=\"logo-fonasc.png\" width=\"225\" height=\"77\" align=\"top\" \/><strong><\/strong><\/td>\n<td align=\"left\" valign=\"top\" width=\"384\"><img loading=\"lazy\" decoding=\"async\" title=\"fundoagua.jpg\" src=\"http:\/\/www.k2mail-05.com.br\/admin\/temp\/newsletters\/3377\/fundoagua.jpg\" alt=\"fundoagua.jpg\" width=\"408\" height=\"100\" \/><\/td>\n<\/tr>\n<\/tbody>\n<\/table>\n<\/td>\n<\/tr>\n<tr>\n<td bgcolor=\"#ffffff\">\n<table border=\"0\" cellspacing=\"0\" cellpadding=\"0\" bgcolor=\"#ffffff\">\n<tbody>\n<tr>\n<td valign=\"top\">Fonasc-MA vai participar da terceira audi\u00eancia p\u00fablica para cria\u00e7\u00e3o do CBH Parna\u00edba no munic\u00edpio de Timon<\/p>\n<p><img loading=\"lazy\" decoding=\"async\" title=\"delta2.jpg\" src=\"http:\/\/www.k2mail-05.com.br\/admin\/temp\/newsletters\/3377\/delta2.jpg\" alt=\"delta2.jpg\" width=\"285\" height=\"179\" align=\"left\" \/>A vice coordenadora nacional do Fonasc, Thereza Christina Pereira Castro vai participar da terceira audi\u00eancia p\u00fablica maranhense para cria\u00e7\u00e3o do Comit\u00ea da Bacia Hidrogr\u00e1fica do Rio Parna\u00edba que acontece nesta quinta-feira, dia 19, no Centro de Treinamento Professor Wall Ferraz, em Timon-MA. Com esta audi\u00eancia, o Maranh\u00e3o encerra os trabalhos de mobiliza\u00e7\u00e3o, cujo principal objetivo era de recolher assinaturas de prefeitos, usu\u00e1rios e da sociedade civil para o termo de subinscri\u00e7\u00e3o de cria\u00e7\u00e3o do CBH do Rio Parna\u00edba.<br \/>\nAp\u00f3s a audi\u00eancia a subcomiss\u00e3o do Maranh\u00e3o do pr\u00f3 Comit\u00ea do Parna\u00edba, do qual Thereza Christina faz parte, deve se reunir para avaliar o documento e indicar membros para a Comiss\u00e3o Interinstitucional do CBH Parna\u00edba. <a href=\"https:\/\/fonasc-cbh.org.br\/?p=14537\">Continue lendo<\/a><\/p>\n<div>\n<p>Fonasc CNRH &#8211; Relat\u00f3rio sobre seguran\u00e7a de barragens est\u00e1 sendo discutido e analisado no Conselho<br \/>\n<strong><\/strong><\/div>\n<p>Os dirigentes da ANA, DO SRHU, MMA e principalmente os representantes do segmento da minera\u00e7\u00e3o, est\u00e3o incomodados com a atual conjuntura, pelo fato de que, certamente, todos\u00a0 foram omissos nos encaminhamentos sobre a legisla\u00e7\u00e3o abaixo que foi promulgada atrav\u00e9s do Congresso Nacional e empurrou goela abaixo uma miss\u00e3o \u00e1rdua ao CNRH que ele por si, nunca teria encaminhado e aceitado.<br \/>\nQuando os representantes da Consultoria T\u00e9cnica da C\u00e2mara dos Deputados levaram a plen\u00e1ria do CNRH essa proposta de lei prestes a ser aprovada, foi vis\u00edvel o mal estar. Pediu-se a esses representantes para que fossem embora antes da plen\u00e1ria e que o CNRH votassem uma resolu\u00e7\u00e3o a ser encaminhada para C\u00e2mara, pedindo para essa lei n\u00e3o ser aprovada.<br \/>\nNo pr\u00f3ximo dia 03 de dezembro o CNRH estar\u00e1 em pauta o RSB &#8211; Relat\u00f3rio de Seguran\u00e7a de Barragens que \u00e9 um documento legal que tem que ter parecer do CNRH antes de ser encaminhado ao Congresso Nacional.\u00a0 Vejam a pertin\u00eancia dessa legisla\u00e7\u00e3o acessando o LINK<\/p>\n<p>&nbsp;<\/p>\n<p>Fonasc-MA &#8211; Juventude se prepara para receber confer\u00eancia livre<\/p>\n<p><img loading=\"lazy\" decoding=\"async\" title=\"logo_conferencialivre copia quad.jpg\" src=\"http:\/\/www.k2mail-05.com.br\/admin\/temp\/newsletters\/3377\/logo_conferencialivre%20copia%20quad.jpg\" alt=\"logo_conferencialivre copia quad.jpg\" width=\"168\" height=\"205\" align=\"right\" \/>O Fonasc e as nove escolas comunit\u00e1rias que fazem parte do\u00a0 projeto do Comit\u00ea Infanto Juvenil da Bacia Hidrogr\u00e1fica do Rio Jeniparana se preparam para receber no dia 30 de novembro uma Confer\u00eancia Livre da Juventude e Meio Ambiente.<br \/>\nO evento acontecer\u00e1 no audit\u00f3rio jornalista Neiva Moreira, no Complexo de Comunica\u00e7\u00e3o da Assembleia Legislativa do Estado do Maranh\u00e3o, das 8h \u00e0s 14h.<br \/>\nA realiza\u00e7\u00e3o desta confer\u00eancia no Maranh\u00e3o s\u00f3 foi poss\u00edvel gra\u00e7as a apresenta\u00e7\u00e3o do projeto do Comit\u00ea Infanto Juvenil do Rio Jeniparana, durante evento em S\u00e3o Paulo, no m\u00eas de setembro. O projeto do comit\u00ea foi premiado como a melhor pr\u00e1tica. <a href=\"https:\/\/fonasc-cbh.org.br\/?p=14325\">Leia mais<\/a><\/p>\n<p>Trag\u00e9dia de Mariana &#8211; Quanto VALE tudo isso?<\/p>\n<p>Desde o acidente em Bento Rodrigues e em toda a bacia do Rio Doce muitas not\u00edcias e manifestos da sociedade e de diversas representa\u00e7\u00f5es civis est\u00e3o circulando na rede.\u00a0 <a href=\"https:\/\/fonasc-cbh.org.br\/?p=14509\">Veja aqui os v\u00eddeos e mais informa\u00e7\u00f5es<\/a> sobre essa que j\u00e1 considerada pelo IBAMA como o maior desastre ambiental brasileiro.<\/p>\n<p><a href=\"https:\/\/fonasc-cbh.org.br\/?page_id=11437\"><br \/>\n<\/a><\/p>\n<p><a href=\"https:\/\/fonasc-cbh.org.br\/?page_id=11437\">Veja os boletins anteriores<\/a><\/p>\n<p>&nbsp;<\/td>\n<td valign=\"top\" width=\"180\">\n<table border=\"0\" cellspacing=\"0\" cellpadding=\"0\">\n<tbody>\n<tr>\n<td>\u00daltima do Fonasc<\/p>\n<p>Est\u00e1 marcada para o dia 10 de dezembro a \u00faltima reuni\u00e3o ordin\u00e1ria do Conselho Estadual de Recursos H\u00eddricos do Maranh\u00e3o (CONERH\/MA). O ponto de pauta mais importante a ser debatido ser\u00e1 sobre a regulamenta\u00e7\u00e3o do Fundo Estadual de Recursos H\u00eddricos. Outro ponto de pauta ser\u00e1 o parecer da CTIL sobre a dispensa de outorga para capta\u00e7\u00e3o de \u00e1guas pluviais.<\/td>\n<td><\/td>\n<\/tr>\n<tr>\n<td><img loading=\"lazy\" decoding=\"async\" src=\"http:\/\/www.k2mail-05.com.br\/admin\/resources\/email_templates\/Family%20and%20Friends%202\/Crowds\/bottom3.gif\" alt=\"\" width=\"180\" height=\"6\" \/><\/td>\n<td><\/td>\n<\/tr>\n<tr>\n<td><img loading=\"lazy\" decoding=\"async\" src=\"http:\/\/www.k2mail-05.com.br\/admin\/resources\/email_templates\/Family%20and%20Friends%202\/Crowds\/top3.gif\" alt=\"\" width=\"180\" height=\"6\" \/><\/td>\n<td><\/td>\n<\/tr>\n<tr>\n<td>Dicion\u00e1rio H\u00eddrico<strong><br \/>\nAFLUENTE\u00a0<\/strong><br \/>\n<strong><\/strong><\/p>\n<p>Qualquer curso d&#8217;\u00e1gua que des\u00e1gua em outro maior, num lago ou lagoa.<\/p>\n<p>Fonte:Dicion\u00e1rio Ambiental B\u00e1sico &#8211; Inicia\u00e7o \u00e0 linguagem ambiental &#8211; 9\u00aa edi\u00e7\u00e3o<\/td>\n<td><\/td>\n<\/tr>\n<tr>\n<td><img loading=\"lazy\" decoding=\"async\" src=\"http:\/\/www.k2mail-05.com.br\/admin\/resources\/email_templates\/Family%20and%20Friends%202\/Crowds\/bottom3.gif\" alt=\"\" width=\"180\" height=\"6\" \/><\/td>\n<td><\/td>\n<\/tr>\n<tr>\n<td>\n<address><img loading=\"lazy\" decoding=\"async\" src=\"http:\/\/www.k2mail-05.com.br\/admin\/resources\/email_templates\/Family%20and%20Friends%202\/Crowds\/top3.gif\" alt=\"\" width=\"180\" height=\"6\" \/><\/address>\n<address><strong>\u00c1GUA NO MUNDO<\/strong><\/address>\n<p><strong>Brasil <\/strong>&#8211;\u00a0Uma tecnologia produzida no Rio Grande do Sul ajuda a acelerar o processo de purifica\u00e7\u00e3o da \u00e1gua em Governador Valadares \u2014 munic\u00edpio mineiro do Vale do Rio Doce que foi atingido pelos rejeitos das barragens de Fund\u00e3o e Santar\u00e9m. \u00c9 o pol\u00edmero de ac\u00e1cia negra, um coagulante l\u00edquido que acelera em at\u00e9 40 segundos o processo de decanta\u00e7\u00e3o da lama presente na \u00e1gua. <a href=\"http:\/\/zh.clicrbs.com.br\/rs\/noticias\/noticia\/2015\/11\/produto-desenvolvido-no-rs-acelera-limpeza-da-agua-do-rio-doce-4905728.html\">Saiba mais<\/a><\/p>\n<p><img loading=\"lazy\" decoding=\"async\" src=\"http:\/\/www.k2mail-05.com.br\/admin\/resources\/email_templates\/Family%20and%20Friends%202\/Crowds\/top3.gif\" alt=\"\" width=\"180\" height=\"6\" \/><br \/>\n<strong><span style=\"color: #ffffff;\">\u00a0\u00a0\u00a0\u00a0\u00a0\u00a0 EXPEDIENTE<\/span><\/strong><\/p>\n<p><strong><\/strong><a href=\"https:\/\/fonasc-cbh.org.br\/?page_id=2\">Quem somos<\/a><br \/>\n<a href=\"https:\/\/fonasc-cbh.org.br\/?page_id=1399\">Onde Estamos<\/a><br \/>\n<a href=\"https:\/\/fonasc-cbh.org.br\/?page_id=8706\">O que fazemos<br \/>\n<\/a><\/p>\n<p>&nbsp;<\/p>\n<p><img loading=\"lazy\" decoding=\"async\" src=\"http:\/\/www.k2mail-05.com.br\/admin\/resources\/email_templates\/Family%20and%20Friends%202\/Crowds\/top3.gif\" alt=\"\" width=\"180\" height=\"6\" \/><\/p>\n<p><strong>AGENDA<\/strong><\/p>\n<p>Dia 03 de dezembro acontece em Bras\u00edlia mais uma reuni\u00e3o do Conselho Nacional de Recursos H\u00eddricos. A trag\u00e9dia de Mariana dever\u00e1 ser a t\u00f4nica da pauta do colegiado. O Fonasc se prepara para essa discuss\u00e3o bem como para a an\u00e1lise do relat\u00f3rio sobre barragens.<\/td>\n<\/tr>\n<\/tbody>\n<\/table>\n<\/td>\n<\/tr>\n<\/tbody>\n<\/table>\n<\/td>\n<\/tr>\n<tr>\n<td><img loading=\"lazy\" decoding=\"async\" src=\"http:\/\/www.k2mail-05.com.br\/admin\/resources\/email_templates\/Family%20and%20Friends%202\/Crowds\/bottom1.gif\" alt=\"\" width=\"600\" height=\"6\" \/><\/td>\n<\/tr>\n<tr>\n<td height=\"10\"><\/td>\n<\/tr>\n<tr>\n<td>\n<table border=\"0\" cellspacing=\"0\" cellpadding=\"0\" bgcolor=\"#f7f7f2\">\n<tbody>\n<tr>\n<td><img decoding=\"async\" src=\"http:\/\/www.k2mail-05.com.br\/admin\/resources\/email_templates\/Family%20and%20Friends%202\/Crowds\/top2.gif\" alt=\"\" \/><\/td>\n<\/tr>\n<tr>\n<td height=\"10\"><strong>ESTE \u00c9 UM INFORMATIVO DO FONASC.CBH E PARA MAIS NOT\u00cdCIAS ACESSE: <a href=\"https:\/\/fonasc-cbh.org.br\/?cat=8\">www.fonasc-cbh.org.br<\/a><br \/>\nAcompanhe o Fonasc nas redes sociais <a href=\"https:\/\/pt-br.facebook.com\/fonasc.cbh\">Facebook<\/a>\u00a0 <a href=\"https:\/\/twitter.com\/cuidandodosrios\">Twitter<\/a> <a href=\"https:\/\/www.youtube.com\/user\/fonasccbh10anos\">Youtube<\/a><br \/>\nParticipe das discuss\u00f5es em<a href=\"http:\/\/www.grupos.com.br\/group\/fonasc.cbh\/Messages.html\"> nosso grupo<\/a><\/p>\n<p><\/strong><\/td>\n<\/tr>\n<tr>\n<td><img decoding=\"async\" src=\"http:\/\/www.k2mail-05.com.br\/admin\/resources\/email_templates\/Family%20and%20Friends%202\/Crowds\/bottom2.gif\" alt=\"\" \/><\/td>\n<\/tr>\n<\/tbody>\n<\/table>\n<\/td>\n<\/tr>\n<\/tbody>\n<\/table>\n","protected":false},"excerpt":{"rendered":"<p>INFORMATIVO FONASC.CBH LXIII &#8211; Ano II &#8211; Bras\u00edlia\/S\u00e3o Lu\u00eds, 17 de novembro de 2015 Fonasc-MA vai participar da terceira audi\u00eancia&#8230;<\/p>\n","protected":false},"author":2,"featured_media":0,"parent":11437,"menu_order":0,"comment_status":"closed","ping_status":"open","template":"","meta":{"footnotes":""},"_links":{"self":[{"href":"https:\/\/fonasc-cbh.org.br\/index.php?rest_route=\/wp\/v2\/pages\/14556"}],"collection":[{"href":"https:\/\/fonasc-cbh.org.br\/index.php?rest_route=\/wp\/v2\/pages"}],"about":[{"href":"https:\/\/fonasc-cbh.org.br\/index.php?rest_route=\/wp\/v2\/types\/page"}],"author":[{"embeddable":true,"href":"https:\/\/fonasc-cbh.org.br\/index.php?rest_route=\/wp\/v2\/users\/2"}],"replies":[{"embeddable":true,"href":"https:\/\/fonasc-cbh.org.br\/index.php?rest_route=%2Fwp%2Fv2%2Fcomments&post=14556"}],"version-history":[{"count":2,"href":"https:\/\/fonasc-cbh.org.br\/index.php?rest_route=\/wp\/v2\/pages\/14556\/revisions"}],"predecessor-version":[{"id":17276,"href":"https:\/\/fonasc-cbh.org.br\/index.php?rest_route=\/wp\/v2\/pages\/14556\/revisions\/17276"}],"up":[{"embeddable":true,"href":"https:\/\/fonasc-cbh.org.br\/index.php?rest_route=\/wp\/v2\/pages\/11437"}],"wp:attachment":[{"href":"https:\/\/fonasc-cbh.org.br\/index.php?rest_route=%2Fwp%2Fv2%2Fmedia&parent=14556"}],"curies":[{"name":"wp","href":"https:\/\/api.w.org\/{rel}","templated":true}]}}