{"id":14548,"date":"2015-11-17T20:43:29","date_gmt":"2015-11-17T20:43:29","guid":{"rendered":"http:\/\/fonasc-cbh.org.br\/?page_id=14548"},"modified":"2015-11-17T20:43:29","modified_gmt":"2015-11-17T20:43:29","slug":"boletim-62","status":"publish","type":"page","link":"https:\/\/fonasc-cbh.org.br\/?page_id=14548","title":{"rendered":"boletim 62"},"content":{"rendered":"<table id=\"yui_3_16_0_1_1447792295625_3534\" border=\"0\" cellspacing=\"0\" cellpadding=\"0\" align=\"center\">\n<tbody id=\"yui_3_16_0_1_1447792295625_3533\">\n<tr>\n<td><\/td>\n<\/tr>\n<tr id=\"yui_3_16_0_1_1447792295625_3550\">\n<td id=\"yui_3_16_0_1_1447792295625_3549\" height=\"10\"><\/td>\n<\/tr>\n<tr id=\"yui_3_16_0_1_1447792295625_3544\" valign=\"bottom\">\n<td id=\"yui_3_16_0_1_1447792295625_3543\"><strong id=\"yui_3_16_0_1_1447792295625_3542\">INFORMATIVO FONASC.CBH LXII &#8211; Ano II &#8211; Bras\u00edlia\/S\u00e3o Lu\u00eds, 13 de novembro de 2015<\/strong><\/td>\n<\/tr>\n<tr id=\"yui_3_16_0_1_1447792295625_3532\">\n<td id=\"yui_3_16_0_1_1447792295625_3531\" bgcolor=\"#ffffff\">\n<table id=\"yui_3_16_0_1_1447792295625_3530\" border=\"0\" cellspacing=\"0\" cellpadding=\"0\">\n<tbody id=\"yui_3_16_0_1_1447792295625_3529\">\n<tr id=\"yui_3_16_0_1_1447792295625_3528\">\n<td id=\"yui_3_16_0_1_1447792295625_3527\" align=\"left\" valign=\"top\" width=\"216\"><img loading=\"lazy\" decoding=\"async\" id=\"yui_3_16_0_1_1447792295625_3540\" title=\"logo-fonasc.png\" src=\"http:\/\/www.k2mail-05.com.br\/admin\/temp\/newsletters\/3368\/logo-fonasc.png\" alt=\"logo-fonasc.png\" width=\"225\" height=\"77\" align=\"top\" \/><strong><\/strong><\/td>\n<td align=\"left\" valign=\"top\" width=\"384\"><img loading=\"lazy\" decoding=\"async\" title=\"fundoagua.jpg\" src=\"http:\/\/www.k2mail-05.com.br\/admin\/temp\/newsletters\/3368\/fundoagua.jpg\" alt=\"fundoagua.jpg\" width=\"408\" height=\"100\" \/><\/td>\n<\/tr>\n<\/tbody>\n<\/table>\n<\/td>\n<\/tr>\n<tr id=\"yui_3_16_0_1_1447792295625_3558\">\n<td id=\"yui_3_16_0_1_1447792295625_3557\" bgcolor=\"#ffffff\">\n<table id=\"yui_3_16_0_1_1447792295625_3556\" border=\"0\" cellspacing=\"0\" cellpadding=\"0\" bgcolor=\"#ffffff\">\n<tbody id=\"yui_3_16_0_1_1447792295625_3555\">\n<tr id=\"yui_3_16_0_1_1447792295625_3554\">\n<td id=\"yui_3_16_0_1_1447792295625_3553\" valign=\"top\">Fonasc-MA &#8211; \u00a0Sociedade civil participa de mais uma audi\u00eancia p\u00fablica para cria\u00e7\u00e3o do CBH Parna\u00edba em Araioses<\/p>\n<p id=\"yui_3_16_0_1_1447792295625_3552\">\n<img loading=\"lazy\" decoding=\"async\" id=\"yui_3_16_0_1_1447792295625_3551\" title=\"audienciacbh_protesto.jpg\" src=\"http:\/\/www.k2mail-05.com.br\/admin\/temp\/newsletters\/3368\/audiencia%20cbh_protesto.jpg\" alt=\"audiencia cbh_protesto.jpg\" width=\"291\" height=\"194\" align=\"left\" \/>A sociedade civil mais uma vez marcou forte presen\u00e7a na segunda audi\u00eancia p\u00fablica para discutir a cria\u00e7\u00e3o do Comit\u00ea da Bacia Hidrogr\u00e1fica do Rio Parna\u00edba, realizada na \u00faltima quinta-feira, dia 5, no munic\u00edpio de Araioses, a 464 Km de S\u00e3o Lu\u00eds. Com a presen\u00e7a do conselheiro estadual de recursos h\u00eddricos, Manoel Ara\u00fajo, de deputados, prefeitos e da secret\u00e1ria adjunta de sustentabilidade da SEMA a popula\u00e7\u00e3o listou os diversos problemas que atingem os munic\u00edpios banhados pelo Parna\u00edba como: assoreamento, despejo de lixo e agrot\u00f3xico, saliniza\u00e7\u00e3o da \u00e1gua, desmatamento e queimadas.<br \/>\nReconhecendo os problemas existentes ao longo do Parna\u00edba e seus afluentes, os deputados membros da Comiss\u00e3o de Meio Ambiente da Assembleia Legislativa tiveram que explicar ao p\u00fablico, que lotou o audit\u00f3rio da escola municipal Tudes Jos\u00e9 Cardoso, o objetivo da audi\u00eancia e a import\u00e2ncia da cria\u00e7\u00e3o do Comit\u00ea. <a href=\"http:\/\/www.k2mail-05.com.br\/link.php?M=14978307&amp;N=6225&amp;L=16110&amp;F=H\" rel=\"nofollow\" target=\"_blank\">Continue lendo<\/a><\/p>\n<div>\n<p>Fonasc Pantanal &#8211; Membros do Fonasc encaminham of\u00edcio solicitando a suspens\u00e3o das audi\u00eancias p\u00fablicas sobre as PCHs na regi\u00e3o e encaminham temas para pauta da pr\u00f3xima reuni\u00e3o do GAP<br \/>\n<strong><\/strong><\/div>\n<p id=\"yui_3_16_0_1_1447792295625_3559\">Na semana passada, a coordena\u00e7\u00e3o do Fonasc para a regi\u00e3o do Pantanal e entidades ambientalistas encaminharam of\u00edcio ao Minist\u00e9rio P\u00fablico Federal solicitando a suspens\u00e3o das audi\u00eancias p\u00fablicas sobre PCHs previstas e tamb\u00e9m dos demais licenciamentos de hidrel\u00e9tricas na Bacia do Alto Paraguai (BAP) at\u00e9 que o Plano de Bacia fique pronto.<br \/>\nCom base nos princ\u00edpios da Precau\u00e7\u00e3o e da Preven\u00e7\u00e3o e com base na Lei de Recursos H\u00eddricos, o documento solicita ao Procurador da Rep\u00fablica do Minist\u00e9rio P\u00fablico Federal do Mato Grosso, Marco Ant\u00f4nio Ghannage Barbosa que suspenda as Audi\u00eancias P\u00fablicas e determine a suspens\u00e3o dos processos de licenciamento dos empreendimentos hidrel\u00e9tricos previstos at\u00e9 que o Plano de Bacia seja finalizado e devidamente aprovado pelo Conselho Nacional de Recursos H\u00eddricos. <a href=\"http:\/\/www.k2mail-05.com.br\/link.php?M=14978307&amp;N=6225&amp;L=16349&amp;F=H\" rel=\"nofollow\" target=\"_blank\">Saiba mais sobre as audi\u00eancias<\/a><\/p>\n<p id=\"yui_3_16_0_1_1447792295625_3560\">Para a pr\u00f3xima reuni\u00e3o do Grupo de Acompanhamento do Plano de Recursos H\u00eddricos da Regi\u00e3o Hidrogr\u00e1fica do Rio Paraguai (GAP) a ser realizada nos dias 02 e 03 de dezembro, a representa\u00e7\u00e3o do Fonasc faz sugest\u00f5es de inclus\u00e3o de itens na pauta, bem como a palestra de especialistas em recursos h\u00eddricos e \u00e1reas \u00famidas.<br \/>\nUma das sugest\u00f5es \u00e9 a de reavaliar a recomposi\u00e7\u00e3o do GAP, com o objetivo de reparar os equ\u00edvocos, uma vez que funcion\u00e1rias da secretaria de meio ambiente s\u00e3o representantes do segmento da sociedade civil dentro do Grupo. <a id=\"yui_3_16_0_1_1447792295625_3561\" href=\"http:\/\/www.k2mail-05.com.br\/link.php?M=14978307&amp;N=6225&amp;L=16348&amp;F=H\" rel=\"nofollow\" target=\"_blank\">Saiba quais os outros pontos de pauta<\/a><\/p>\n<p id=\"yui_3_16_0_1_1447792295625_3562\">\n<p id=\"yui_3_16_0_1_1447792295625_3564\">Fonasc-MG &#8211; Representantes da sociedade civil lotam plen\u00e1rio da Assembleia Legislativa na audii\u00eancia contra o PL 2946\/2015<\/p>\n<p id=\"yui_3_16_0_1_1447792295625_3566\"><img loading=\"lazy\" decoding=\"async\" id=\"yui_3_16_0_1_1447792295625_3565\" title=\"almg.jpg\" src=\"http:\/\/www.k2mail-05.com.br\/admin\/temp\/newsletters\/3368\/almg.jpg\" alt=\"almg.jpg\" width=\"275\" height=\"181\" align=\"right\" \/>O pol\u00eamico Projeto de Lei n\u00ba 2.946\/2015, j\u00e1 chamado de \u201cAI-5 Ambiental do Pimentel\u201d, prop\u00f5e diversas modifica\u00e7\u00f5es no Sistema Estadual de Meio Ambiente \u2013 SISEMA, dentre elas o enfraquecimento institucional do Conselho Estadual de Pol\u00edtica Ambiental \u2013 COPAM, exclus\u00e3o da Pol\u00edcia Militar de Meio Ambiente \u2013 PMMA do SISEMA, concentra\u00e7\u00e3o do poder nas m\u00e3os do Executivo e do Conselho de Desenvolvimento Econ\u00f4mico e Social, constitu\u00eddo por secretarias e entidades que representam os setores econ\u00f4micos do Estado, e remessa a detalhamento de pontos fundamentais por decreto, s\u00e3o alguns dos pontos de disc\u00f3rdia. O PL joga por terra conquistas democr\u00e1ticas de mais de 30 anos, retrocedendo ao tempo em que o Poder Executivo decidia qualquer coisa que quisesse a portas fechadas.<br \/>\nDurante a audi\u00eancia uma das cr\u00edticas feitas foi com rela\u00e7\u00e3o ao regime de urg\u00eancia na tramita\u00e7\u00e3o do projeto na Assembl\u00e9ia, processo que foi considerado um meio de afastar a sociedade das discuss\u00f5es sobre a mat\u00e9ria. <a href=\"http:\/\/www.k2mail-05.com.br\/link.php?M=14978307&amp;N=6225&amp;L=16113&amp;F=H\" rel=\"nofollow\" target=\"_blank\">Continue lendo<\/a><\/p>\n<p id=\"yui_3_16_0_1_1447792295625_3568\">Trag\u00e9dia de Mariana &#8211; representa\u00e7\u00e3o da sociedade civil faz manifesto<\/p>\n<p>Desde a reuni\u00e3o realizada na \u00faltima sexta feira em Mariana, com cerca de 15 entidades\/movimentos, nos incumbimos de propor e debater com o grupo, ent\u00e3o articulado em Minas Gerais, um documento de an\u00e1lise, indigna\u00e7\u00e3o e chamamento aos cidad\u00e3os e organiza\u00e7oes sociais diante do grave momento de indigna\u00e7\u00e3o frente \u00e0 tentativa de libera\u00e7\u00e3o legal do licenciamento ambiental no Brasil, situa\u00e7\u00e3o agravada pelos fatos do dia 5 de novembro em Mariana.<br \/>\nO desastre em Bento Rodrigues e toda a bacia do rio Doce veio refor\u00e7ar um esfor\u00e7o de cr\u00edtica e den\u00fancia que vimos fazendo h\u00e1 v\u00e1rios anos, contra o conluio de governos e empresas em favor da expropria\u00e7\u00e3o da natureza e de modos de vida e conv\u00edvio de diferentes comunidades no pa\u00eds. <a href=\"http:\/\/www.k2mail-05.com.br\/link.php?M=14978307&amp;N=6225&amp;L=16350&amp;F=H\" rel=\"nofollow\" target=\"_blank\">Leia o manifesto<\/a><br \/>\n<a href=\"http:\/\/www.k2mail-05.com.br\/link.php?M=14978307&amp;N=6225&amp;L=16347&amp;F=H\" rel=\"nofollow\" target=\"_blank\">Integrante do Fonasc concede entrevista \u00e0 Revista F\u00f3rum e fala sobre a trag\u00e9dia de Mariana-MG<br \/>\n<\/a><\/p>\n<p>&nbsp;<\/td>\n<td valign=\"top\" width=\"180\">\n<table border=\"0\" cellspacing=\"0\" cellpadding=\"0\">\n<tbody>\n<tr>\n<td>\u00daltima do Fonasc<\/p>\n<p>A coordena\u00e7\u00e3o do Fonasc apoia campanha de boicote ao agroneg\u00f3cio em Mato Grosso do Sul e assina o manifesto conjuntamente com v\u00e1rias organiza\u00e7\u00f5es da sociedade civil. Ind\u00edgenas lan\u00e7aram oficialmente a campanha do Boicote ao Agronegocio de Mato Grosso do Sul e utilizam as m\u00eddias sociais e apoio de entidades para assinarem a nota. Esta \u00e9 uma campanha para que os organismos internacionais embarguem os produtos do agroneg\u00f3cio at\u00e9 que o governo brasileiro resolva definitivamente esta quest\u00e3o, demarcando e homologando as terras ind\u00edgenas, indenizando os propriet\u00e1rios das \u00e1reas cujos t\u00edtulos foram adquiridos de boa f\u00e9, cessando todos os ataques e atos de viol\u00eancia contra os povos ind\u00edgenas. \u00c9 uma campanha pela paz.<a href=\"http:\/\/www.k2mail-05.com.br\/link.php?M=14978307&amp;N=6225&amp;L=16112&amp;F=H\" rel=\"nofollow\" target=\"_blank\">Essa nota voc\u00ea confere na \u00edntegra<\/a><\/td>\n<td><\/td>\n<\/tr>\n<tr>\n<td><img loading=\"lazy\" decoding=\"async\" src=\"http:\/\/www.k2mail-05.com.br\/admin\/resources\/email_templates\/Family%20and%20Friends%202\/Crowds\/bottom3.gif\" alt=\"\" width=\"180\" height=\"6\" \/><\/td>\n<td><\/td>\n<\/tr>\n<tr>\n<td><img loading=\"lazy\" decoding=\"async\" src=\"http:\/\/www.k2mail-05.com.br\/admin\/resources\/email_templates\/Family%20and%20Friends%202\/Crowds\/top3.gif\" alt=\"\" width=\"180\" height=\"6\" \/><\/td>\n<td><\/td>\n<\/tr>\n<tr>\n<td>Dicion\u00e1rio H\u00eddrico<strong><br \/>\nHIDROSFERA<\/strong><br \/>\n<strong><\/strong><\/p>\n<p>O componente do sistema clim\u00e1tico composto de superf\u00edcie l\u00edquida e \u00e1gua subterr\u00e2nea, tais como oceanos, mares, rios, lagos de \u00e1gua doce, \u00e1gua subterr\u00e2nea, etc..<\/p>\n<p>Fonte:Dicion\u00e1rio Ambiental B\u00e1sico &#8211; Inicia\u00e7o \u00e0 linguagem ambiental &#8211; 9\u00aa edi\u00e7\u00e3o<\/td>\n<td><\/td>\n<\/tr>\n<tr>\n<td><img loading=\"lazy\" decoding=\"async\" src=\"http:\/\/www.k2mail-05.com.br\/admin\/resources\/email_templates\/Family%20and%20Friends%202\/Crowds\/bottom3.gif\" alt=\"\" width=\"180\" height=\"6\" \/><\/td>\n<td><\/td>\n<\/tr>\n<tr>\n<td>\n<address><img loading=\"lazy\" decoding=\"async\" src=\"http:\/\/www.k2mail-05.com.br\/admin\/resources\/email_templates\/Family%20and%20Friends%202\/Crowds\/top3.gif\" alt=\"\" width=\"180\" height=\"6\" \/><\/address>\n<address><strong>\u00c1GUA NO MUNDO<\/strong><\/address>\n<p><strong>Mundo<\/strong> &#8211;\u00a0Lidar com os\u00a0 desafios\u00a0 atuais\u00a0 e\u00a0 futuros\u00a0 requer\u00a0 pol\u00edticas\u00a0 p\u00fablicas mais robustas,\u00a0 visando\u00a0 objetivos mensur\u00e1veis\u00a0 de\u00a0 acordo\u00a0 com\u00a0 calend\u00e1rios\u00a0 pr\u00e9-determinados e \u00e0\u00a0 escala\u00a0 adequada,\u00a0 baseadas\u00a0 numa\u00a0 clara atribui\u00e7\u00e3o\u00a0 de\u00a0 compet\u00eancias\u00a0 a\u00a0 todas\u00a0 as\u00a0 autoridades\u00a0 respons\u00e1veis\u00a0 e\u00a0 sujeitas a\u00a0 monitoriza\u00e7\u00e3o\u00a0 e\u00a0 avalia\u00e7\u00e3o peri\u00f3dicas. Desde\u00a0 2010,\u00a0 a\u00a0 OCDE\u00a0 tem\u00a0 apresentado\u00a0 evid\u00eancia emp\u00edrica sobre\u00a0 as\u00a0 principais\u00a0 falhas\u00a0 de\u00a0 governan\u00e7a que dificultam a formula\u00e7\u00e3o e a implementa\u00e7\u00e3o de pol\u00edticas da \u00e1gua, e sugeriu um conjunto de respostas e boas pr\u00e1ticas para super\u00e1-las. <a href=\"http:\/\/www.k2mail-05.com.br\/link.php?M=14978307&amp;N=6225&amp;L=16346&amp;F=H\" rel=\"nofollow\" target=\"_blank\">Conhe\u00e7a aqui os princ\u00edpios da OCDE para governan\u00e7a das \u00e1guas.<br \/>\n<\/a><br \/>\n<img loading=\"lazy\" decoding=\"async\" src=\"http:\/\/www.k2mail-05.com.br\/admin\/resources\/email_templates\/Family%20and%20Friends%202\/Crowds\/top3.gif\" alt=\"\" width=\"180\" height=\"6\" \/><br \/>\n<strong><span style=\"color: #ffffff;\">\u00a0\u00a0\u00a0\u00a0\u00a0\u00a0 EXPEDIENTE<\/span><\/strong><\/p>\n<p><strong><\/strong><a href=\"http:\/\/www.k2mail-05.com.br\/link.php?M=14978307&amp;N=6225&amp;L=10814&amp;F=H\" rel=\"nofollow\" target=\"_blank\">Quem somos<\/a><br \/>\n<a href=\"http:\/\/www.k2mail-05.com.br\/link.php?M=14978307&amp;N=6225&amp;L=10815&amp;F=H\" rel=\"nofollow\" target=\"_blank\">Onde Estamos<\/a><br \/>\n<a href=\"http:\/\/www.k2mail-05.com.br\/link.php?M=14978307&amp;N=6225&amp;L=10813&amp;F=H\" rel=\"nofollow\" target=\"_blank\">O que fazemos<br \/>\n<\/a><\/p>\n<p>&nbsp;<\/p>\n<p><img loading=\"lazy\" decoding=\"async\" src=\"http:\/\/www.k2mail-05.com.br\/admin\/resources\/email_templates\/Family%20and%20Friends%202\/Crowds\/top3.gif\" alt=\"\" width=\"180\" height=\"6\" \/><\/p>\n<p><strong>AGENDA<\/strong><\/p>\n<p>O Fonasc Maranh\u00e3o est\u00e1 nos preparativos para receber a Confer\u00eancia Livre da Juventude e Meio Ambiente a ser realizada no fim deste m\u00eas em S\u00e3o Lu\u00eds. O evento dever\u00e1 reunir mais de 100 jovens com 14 a 27 anos que estar\u00e3o aptos a colaborem com o Plano Nacional da Juventude, cuja confer\u00eancia acontece em dezembro. Os membros do Comit\u00ea Infanto Juvenil da bacia Hidrogr\u00e1fica do Rio Jeniparana v\u00e3o participar do evento mostrando a experi\u00eancia de seu projeto no rio que corta a regi\u00e3o metropolitana de S\u00e3o Lu\u00eds.<\/td>\n<\/tr>\n<\/tbody>\n<\/table>\n<\/td>\n<\/tr>\n<\/tbody>\n<\/table>\n<\/td>\n<\/tr>\n<tr>\n<td><img loading=\"lazy\" decoding=\"async\" src=\"http:\/\/www.k2mail-05.com.br\/admin\/resources\/email_templates\/Family%20and%20Friends%202\/Crowds\/bottom1.gif\" alt=\"\" width=\"600\" height=\"6\" \/><\/td>\n<\/tr>\n<tr>\n<td height=\"10\"><\/td>\n<\/tr>\n<tr id=\"yui_3_16_0_1_1447792295625_3576\">\n<td id=\"yui_3_16_0_1_1447792295625_3575\">\n<table id=\"yui_3_16_0_1_1447792295625_3574\" border=\"0\" cellspacing=\"0\" cellpadding=\"0\" bgcolor=\"#f7f7f2\">\n<tbody id=\"yui_3_16_0_1_1447792295625_3573\">\n<tr>\n<td><img decoding=\"async\" src=\"http:\/\/www.k2mail-05.com.br\/admin\/resources\/email_templates\/Family%20and%20Friends%202\/Crowds\/top2.gif\" alt=\"\" \/><\/td>\n<\/tr>\n<tr id=\"yui_3_16_0_1_1447792295625_3572\">\n<td id=\"yui_3_16_0_1_1447792295625_3571\" height=\"10\"><strong id=\"yui_3_16_0_1_1447792295625_3570\">ESTE \u00c9 UM INFORMATIVO DO FONASC.CBH E PARA MAIS NOT\u00cdCIAS ACESSE: <a href=\"http:\/\/www.k2mail-05.com.br\/link.php?M=14978307&amp;N=6225&amp;L=2939&amp;F=H\" rel=\"nofollow\" target=\"_blank\">www.fonasc-cbh.org.br<\/a><br \/>\nAcompanhe o Fonasc nas redes sociais <a href=\"http:\/\/www.k2mail-05.com.br\/link.php?M=14978307&amp;N=6225&amp;L=6093&amp;F=H\" rel=\"nofollow\" target=\"_blank\">Facebook<\/a>\u00a0 <a href=\"http:\/\/www.k2mail-05.com.br\/link.php?M=14978307&amp;N=6225&amp;L=6092&amp;F=H\" rel=\"nofollow\" target=\"_blank\">Twitter<\/a> <a href=\"http:\/\/www.k2mail-05.com.br\/link.php?M=14978307&amp;N=6225&amp;L=10929&amp;F=H\" rel=\"nofollow\" target=\"_blank\">Youtube<\/a><br \/>\nParticipe das discuss\u00f5es em<a href=\"http:\/\/www.k2mail-05.com.br\/link.php?M=14978307&amp;N=6225&amp;L=6544&amp;F=H\" rel=\"nofollow\" target=\"_blank\"> nosso grupo<\/a><br \/>\n<\/strong><\/td>\n<\/tr>\n<\/tbody>\n<\/table>\n<\/td>\n<\/tr>\n<\/tbody>\n<\/table>\n","protected":false},"excerpt":{"rendered":"<p>INFORMATIVO FONASC.CBH LXII &#8211; Ano II &#8211; Bras\u00edlia\/S\u00e3o Lu\u00eds, 13 de novembro de 2015 Fonasc-MA &#8211; \u00a0Sociedade civil participa de&#8230;<\/p>\n","protected":false},"author":2,"featured_media":0,"parent":11437,"menu_order":0,"comment_status":"closed","ping_status":"open","template":"","meta":{"footnotes":""},"_links":{"self":[{"href":"https:\/\/fonasc-cbh.org.br\/index.php?rest_route=\/wp\/v2\/pages\/14548"}],"collection":[{"href":"https:\/\/fonasc-cbh.org.br\/index.php?rest_route=\/wp\/v2\/pages"}],"about":[{"href":"https:\/\/fonasc-cbh.org.br\/index.php?rest_route=\/wp\/v2\/types\/page"}],"author":[{"embeddable":true,"href":"https:\/\/fonasc-cbh.org.br\/index.php?rest_route=\/wp\/v2\/users\/2"}],"replies":[{"embeddable":true,"href":"https:\/\/fonasc-cbh.org.br\/index.php?rest_route=%2Fwp%2Fv2%2Fcomments&post=14548"}],"version-history":[{"count":1,"href":"https:\/\/fonasc-cbh.org.br\/index.php?rest_route=\/wp\/v2\/pages\/14548\/revisions"}],"predecessor-version":[{"id":14549,"href":"https:\/\/fonasc-cbh.org.br\/index.php?rest_route=\/wp\/v2\/pages\/14548\/revisions\/14549"}],"up":[{"embeddable":true,"href":"https:\/\/fonasc-cbh.org.br\/index.php?rest_route=\/wp\/v2\/pages\/11437"}],"wp:attachment":[{"href":"https:\/\/fonasc-cbh.org.br\/index.php?rest_route=%2Fwp%2Fv2%2Fmedia&parent=14548"}],"curies":[{"name":"wp","href":"https:\/\/api.w.org\/{rel}","templated":true}]}}