{"id":118,"date":"2011-10-07T17:46:47","date_gmt":"2011-10-07T17:46:47","guid":{"rendered":"http:\/\/fonasc-cbh.org.br\/?page_id=118"},"modified":"2024-08-02T20:47:23","modified_gmt":"2024-08-02T20:47:23","slug":"filie-se","status":"publish","type":"page","link":"https:\/\/fonasc-cbh.org.br\/?page_id=118","title":{"rendered":"ASSOCIE-SE"},"content":{"rendered":"<p><img loading=\"lazy\" decoding=\"async\" class=\"alignnone size-full wp-image-121\" title=\"filie-se-Destaque\" src=\"https:\/\/fonasc-cbh.org.br\/wp-content\/uploads\/filie-se-Destaque.png\" alt=\"\" width=\"276\" height=\"113\" \/><\/p>\n<p>Fa\u00e7a parte deste grupo.<\/p>\n<p>Fa\u00e7a j\u00e1 sua inscri\u00e7\u00e3o com cadastro de documento e clique em<\/p>\n<p>Para fazer sua associa\u00e7\u00e3o ao Fonasc.CBH use<a title=\"asd\" href=\"https:\/\/fonasc-cbh.org.br\/?page_id=8028\">\u00a0<\/a>abaixo e o envio de documento para contato@fonasc-cbh.org.br<\/p>\n<p>ASSOCIE-SE AO FONASC E PARTICIPE ATIVAMENTE DA POL\u00cdTICA NACIONAL DE RECURSOS H\u00cdDRICOS AJUDANDO A DEFENDER A CIDADANIA AS \u00c1GUAS E RIOS DO BRASIL E RECEBER INFORMA\u00c7\u00d5ES SOBRE NOSSAS ATIVIDADES<br \/>\ncom envio de documentos<\/p>\n<div class=\"entry-content\">\n<p><strong>ASSOCIE-SE AO FONASC E PARTICIPE ATIVAMENTE DA POL\u00cdTICA NACIONAL DE RECURSOS H\u00cdDRICOS TAMBEM EM NIVEL LOCAL E ESTADUAL PARTICIPANDO E APOIANDO AS ORGANIZA\u00c7\u00d5ES SOCIAIS NOS COLEGIADOS ( COMITES DE DE BACIAS E CONSELHOS E NAS \u00a0COMUNIDADES) \u00a0AJUDANDO A DEFENDER A CIDADANIA AS \u00c1GUAS E RIOS DO BRASIL OU\u00a0 RECEBENDO\u00a0 INFORMA\u00c7\u00d5ES SOBRE NOSSAS ATIVIDADES<br \/>\n<\/strong><\/p>\n<\/div>\n","protected":false},"excerpt":{"rendered":"<p>Fa\u00e7a parte deste grupo. Fa\u00e7a j\u00e1 sua inscri\u00e7\u00e3o com cadastro de documento e clique em Para fazer sua associa\u00e7\u00e3o ao&#8230;<\/p>\n","protected":false},"author":1,"featured_media":0,"parent":0,"menu_order":0,"comment_status":"closed","ping_status":"closed","template":"","meta":{"footnotes":""},"_links":{"self":[{"href":"https:\/\/fonasc-cbh.org.br\/index.php?rest_route=\/wp\/v2\/pages\/118"}],"collection":[{"href":"https:\/\/fonasc-cbh.org.br\/index.php?rest_route=\/wp\/v2\/pages"}],"about":[{"href":"https:\/\/fonasc-cbh.org.br\/index.php?rest_route=\/wp\/v2\/types\/page"}],"author":[{"embeddable":true,"href":"https:\/\/fonasc-cbh.org.br\/index.php?rest_route=\/wp\/v2\/users\/1"}],"replies":[{"embeddable":true,"href":"https:\/\/fonasc-cbh.org.br\/index.php?rest_route=%2Fwp%2Fv2%2Fcomments&post=118"}],"version-history":[{"count":21,"href":"https:\/\/fonasc-cbh.org.br\/index.php?rest_route=\/wp\/v2\/pages\/118\/revisions"}],"predecessor-version":[{"id":27578,"href":"https:\/\/fonasc-cbh.org.br\/index.php?rest_route=\/wp\/v2\/pages\/118\/revisions\/27578"}],"wp:attachment":[{"href":"https:\/\/fonasc-cbh.org.br\/index.php?rest_route=%2Fwp%2Fv2%2Fmedia&parent=118"}],"curies":[{"name":"wp","href":"https:\/\/api.w.org\/{rel}","templated":true}]}}