{"id":11558,"date":"2015-01-22T14:30:15","date_gmt":"2015-01-22T14:30:15","guid":{"rendered":"http:\/\/fonasc-cbh.org.br\/?page_id=11558"},"modified":"2015-06-22T15:33:57","modified_gmt":"2015-06-22T15:33:57","slug":"eleicao-cnrh-2015","status":"publish","type":"page","link":"https:\/\/fonasc-cbh.org.br\/?page_id=11558","title":{"rendered":"ELEI\u00c7\u00c3O  CNRH  2015"},"content":{"rendered":"<p style=\"text-align: center;\"><a title=\"asd\" href=\"https:\/\/fonasc-cbh.org.br\/?wpfb_dl=462\" target=\"_blank\">ata da plen\u00e1ria da elei\u00e7\u00e3o<\/a><\/p>\n<p style=\"text-align: center;\"><a title=\"ASD\" href=\"https:\/\/fonasc-cbh.org.br\/?s=eleicao\" target=\"_blank\">VEJA<\/a>\u00a0<a title=\"ASD\" href=\"https:\/\/fonasc-cbh.org.br\/?wpfb_dl=462\" target=\"_blank\">TODAS AS NOTICIAS E O RESULTADO ELEITORAL SOBRE A PARTICIPACAO DO FONASC NO PROCESSO ELEITORAL PARA REPRESENTACAO \u00a0DA SOCIEDADE CIVIL NO CNRH<\/a><\/p>\n<p style=\"text-align: center;\">0<a title=\"asd\" href=\"https:\/\/fonasc-cbh.org.br\/?p=12540\" target=\"_blank\">8.04- MMA publica edital com novos prazos e nova lista preliminar de entidades habilitadas e inabilitadas para o CNRH apos recurso com questionamento do FONASC quanto a insufici\u00eancia de transpar\u00eancia e publicidade quanto ao certame<\/a>.<\/p>\n<p style=\"text-align: center;\">2<a title=\"ASD\" href=\"https:\/\/fonasc-cbh.org.br\/?p=12428\" target=\"_blank\">8.03 &#8211; MMA SRHU PUBLICA 1A LISTA DE ENTIDADES HABILITADAS PARA ELEICAO DA REPRESENTACAO NO CNRH -CPONSELHO NACIONAL DE RECURSOS HIDRICOS<\/a><\/p>\n<p style=\"text-align: center;\"><strong>DOCUMENTOS DO PROCESSO ELEITORAL CNRH 2015<\/strong><\/p>\n<p style=\"text-align: center;\"><strong>NOVA DATA PARA REMESSA DAS INSCRI\u00c7\u00d5ES<\/strong><\/p>\n<div align=\"center\"><img loading=\"lazy\" decoding=\"async\" src=\"https:\/\/mail.google.com\/mail\/u\/0\/?ui=2&amp;ik=b00caaed29&amp;view=fimg&amp;th=14bdaa9d1bbc7cef&amp;attid=0.1.1&amp;disp=emb&amp;attbid=ANGjdJ8gp46E6vZxdDOqWEJWR4ZHGyTgczZKDXfe-iFP8yIZAy6cDPqVW3rk_ori2y6vh3UfpL-rPOeZ_SD1rS8AZoImgw7j0humWJ4fnaC4oI5jhpzQO6VpEE5QWcc&amp;sz=w426-h142&amp;ats=1425360514332&amp;rm=14bdaa9d1bbc7cef&amp;zw&amp;atsh=1\" alt=\"\" width=\"213\" height=\"71\" \/><\/div>\n<div align=\"center\"><span style=\"color: #000000; font-family: Arial; font-size: x-small;\"><strong>Minist\u00e9rio do Meio Ambiente<\/strong><\/span><\/div>\n<div align=\"center\"><span style=\"color: #000000; font-family: Arial; font-size: x-small;\"><strong>Conselho Nacional de Recursos H\u00eddricos<\/strong><\/span><\/div>\n<div align=\"center\"><span style=\"color: #000000; font-family: Arial; font-size: x-small;\">SECRETARIA EXECUTIVA<\/span><\/div>\n<p style=\"text-align: center;\"><span style=\"font-family: Arial; font-size: x-small;\"><span style=\"color: #000000;\">\u00a0\u00a0 Senhores<span style=\"font-size: x-small;\">,<\/span><\/span><\/span><\/p>\n<p><span style=\"font-size: x-small;\">Informamos que foi publicad<span style=\"font-size: x-small;\">a<\/span>\u00a0a prorroga\u00e7\u00e3o de prazo do edital para as Assembleias Deliberativas para indica\u00e7\u00e3o dos representates dos\u00a0<\/span><span style=\"font-family: Arial; font-size: x-small;\"><span style=\"color: #000000;\"><span style=\"font-size: x-small;\"><span style=\"font-size: x-small;\"><span style=\"font-family: 'Times New Roman', serif;\"><span style=\"font-size: small;\"><strong>usu\u00e1rios e organiza\u00e7\u00f5es civis de recursos h\u00eddricos\u00a0<\/strong>no CNRH, para mandato\u00a0<span style=\"font-size: small;\">de 2015 a\u00a0 2018.<\/span><\/span><\/span><\/span><\/span><\/span><\/span><\/p>\n<p>&nbsp;<\/p>\n<div>\n<p align=\"CENTER\"><span style=\"font-family: 'Times New Roman', serif;\"><span style=\"font-size: small;\">SECRETARIA DE RECURSOS H\u00cdDRICOS E AMBIENTE URBANO<\/span><\/span><\/p>\n<p align=\"CENTER\"><span style=\"font-family: 'Times New Roman', serif;\"><span style=\"font-size: small;\">EDITAL DE 27 DE FEVEREIRO DE 2015<\/span><\/span><\/p>\n<p align=\"CENTER\"><span style=\"font-family: 'Times New Roman', serif;\"><span style=\"font-size: small;\">PRORROGA\u00c7\u00c3O<\/span><\/span><\/p>\n<p align=\"CENTER\"><span style=\"font-family: 'Times New Roman', serif;\"><span style=\"font-size: small;\">CONSELHO NACIONAL DE RECURSOS H\u00cdDRICOS<\/span><\/span><\/p>\n<p align=\"CENTER\"><span style=\"font-family: 'Times New Roman', serif;\"><span style=\"font-size: small;\">SECRETARIA EXECUTIVA CNRH<\/span><\/span><\/p>\n<p align=\"CENTER\"><span style=\"font-family: 'Times New Roman', serif;\"><span style=\"font-size: small;\">(DOU de 2\/3\/2015, Se\u00e7\u00e3o 3, p\u00e1g. 123)<\/span><\/span><\/p>\n<p align=\"JUSTIFY\"><span style=\"font-family: 'Times New Roman', serif;\"><span style=\"font-size: small;\">O Secret\u00e1rio Executivo do Conselho Nacional de Recursos H\u00eddricos &#8211; CNRH, no uso de suas atribui\u00e7\u00f5es legais, resolve:<\/span><\/span><\/p>\n<p align=\"JUSTIFY\"><span style=\"font-family: 'Times New Roman', serif;\"><span style=\"font-size: small;\">1. Prorrogar at\u00e9 o dia 13\/3\/2015 o prazo de envio das inscri\u00e7\u00f5es para habilita\u00e7\u00e3o de usu\u00e1rios e organiza\u00e7\u00f5es civis de recursos h\u00eddricos para participarem das Assembleias Deliberativas, que ter\u00e3o por finalidade indicar seus representantes, titulares e suplentes, no CNRH;<\/span><\/span><\/p>\n<p align=\"JUSTIFY\"><span style=\"font-family: 'Times New Roman', serif;\"><span style=\"font-size: small;\">2. Alterar as seguintes datas constantes do Edital publicado no Di\u00e1rio Oficial da Uni\u00e3o, em 4\/2\/2015, Se\u00e7\u00e3o 3, p\u00e1gina 129: divulga\u00e7\u00e3o da rela\u00e7\u00e3o dos habilitados: 27\/3\/2015; recurso junto \u00e0 Secretaria Executiva do CNRH: 8\/4\/2015; e divulga\u00e7\u00e3o da rela\u00e7\u00e3o final dos habilitados: 15\/4\/2015.<\/span><\/span><\/p>\n<p align=\"JUSTIFY\"><span style=\"font-family: 'Times New Roman', serif;\"><span style=\"font-size: small;\">3. Manter todas as demais disposi\u00e7\u00f5es constantes do edital de 4\/2\/2015, publicado no DOU e no endere\u00e7o eletr\u00f4nico w w w. c n r h . g o v. b r.<\/span><\/span><\/p>\n<p align=\"CENTER\"><span style=\"font-family: 'Times New Roman', serif;\"><span style=\"font-size: small;\">Bras\u00edlia, 27 de fevereiro de 2015<\/span><\/span><\/p>\n<\/div>\n<p>Endereco para remessa dos documentos &#8211;<\/p>\n<p>Secretaria Executiva do CNRH, no SEPN 505 &#8211; Lote 2 &#8211; Edif\u00edcio Marie Prendi Cruz &#8211; unidade do Minist\u00e9rio do Meio Ambiente &#8211; 1\u00ba andar &#8211; Sala 108 &#8211; Bras\u00edlia\/DF &#8211; CEP: 70.730-542,<\/p>\n<p>&nbsp;<\/p>\n<p><strong>EDITAL<\/strong><\/p>\n<div id=\"yui_3_16_0_1_1423232099934_12491\" align=\"CENTER\"><strong><span id=\"yui_3_16_0_1_1423232099934_12489\" style=\"color: #000000;\"><span id=\"yui_3_16_0_1_1423232099934_12488\" style=\"font-family: 'Times New Roman', serif;\"><span id=\"yui_3_16_0_1_1423232099934_12487\" style=\"font-size: small;\">SECRETARIA DE RECURSOS H\u00cdDRICOS E AMBIENTE URBANO\/MMA<\/span><\/span><\/span><\/strong><\/div>\n<div align=\"CENTER\"><strong><span style=\"font-family: 'Times New Roman', serif;\"><span style=\"font-size: small;\">SECRETARIA EXECUTIVA CNRH<\/span><\/span><\/strong><\/div>\n<div id=\"yui_3_16_0_1_1423232099934_12509\" align=\"CENTER\"><strong><span id=\"yui_3_16_0_1_1423232099934_12508\" style=\"font-family: 'Times New Roman', serif;\"><span id=\"yui_3_16_0_1_1423232099934_12507\" style=\"font-size: small;\">EDITAL DE CONVOCA\u00c7\u00c3O<\/span><\/span><\/strong><\/div>\n<div id=\"yui_3_16_0_1_1423232099934_12513\" align=\"CENTER\"><span id=\"yui_3_16_0_1_1423232099934_12512\" style=\"font-family: 'Times New Roman', serif;\"><span id=\"yui_3_16_0_1_1423232099934_12511\" style=\"font-size: small;\">(DOU de 4\/2\/2015, Se\u00e7\u00e3o 3, p\u00e1g. 129)<\/span><\/span><\/div>\n<div id=\"yui_3_16_0_1_1423232099934_12518\"><span style=\"font-family: 'Times New Roman', serif;\"><span style=\"font-size: small;\">O Secret\u00e1rio Executivo do Conselho Nacional de Recursos H\u00eddricos &#8211; CNRH vem, pelo presente Edital,\u00a0<\/span><\/span><span id=\"yui_3_16_0_1_1423232099934_12517\" style=\"font-family: 'Times New Roman', serif;\"><span id=\"yui_3_16_0_1_1423232099934_12516\" style=\"font-size: small;\"><strong id=\"yui_3_16_0_1_1423232099934_12515\">convocar os usu\u00e1rios e as organiza\u00e7\u00f5es civis de recursos h\u00eddricos<\/strong><\/span><\/span><span style=\"font-family: 'Times New Roman', serif;\"><span style=\"font-size: small;\">, em conformidade com o Decreto n\u00ba 4.613, de 11\/03\/2003, com a Portaria MMA n\u00ba 437, de 8\/11\/2013, e com as normas estabelecidas pelo CNRH, em especial a Resolu\u00e7\u00e3o CNRH n\u00ba 159, de 23\/9\/2014, para participarem das\u00a0<\/span><\/span><span style=\"font-family: 'Times New Roman', serif;\"><span style=\"font-size: small;\"><strong>Assembleias Deliberativas que ter\u00e3o por finalidade indicar os representantes dos respectivos setores, titulares e suplentes, no CNRH<\/strong><\/span><\/span><span id=\"yui_3_16_0_1_1423232099934_12521\" style=\"font-family: 'Times New Roman', serif;\"><span id=\"yui_3_16_0_1_1423232099934_12520\" style=\"font-size: small;\">. A inscri\u00e7\u00e3o para habilita\u00e7\u00e3o, instru\u00edda na forma da Resolu\u00e7\u00e3o CNRH n\u00ba 159, especialmente seu art. 9\u00ba, dever\u00e1 ser encaminhada \u00e0 Secretaria Executiva do CNRH, no SEPN 505 &#8211; Lote 2 &#8211; Edif\u00edcio Marie Prendi Cruz &#8211; unidade do Minist\u00e9rio do Meio Ambiente &#8211; 1\u00ba andar &#8211; Sala 108 &#8211; Bras\u00edlia\/DF &#8211; CEP: 70.730-542,\u00a0<\/span><\/span><span style=\"font-family: 'Times New Roman', serif;\"><span style=\"font-size: small;\"><strong>at\u00e9 as 18h do dia 27\/2\/2015<\/strong><\/span><\/span><span id=\"yui_3_16_0_1_1423232099934_12524\" style=\"font-family: 'Times New Roman', serif;\"><span id=\"yui_3_16_0_1_1423232099934_12523\" style=\"font-size: small;\">. A rela\u00e7\u00e3o dos habilitados ser\u00e1 afixada na Secretaria Executiva do CNRH e divulgada na p\u00e1gina eletr\u00f4nica\u00a0<a href=\"http:\/\/www.cnrh.gov.br\/\" rel=\"nofollow\" shape=\"rect\" target=\"_blank\">http:\/\/www.cnrh.gov.br<\/a>, no dia 11\/3\/2015. Do resultado da habilita\u00e7\u00e3o, caber\u00e1 recurso junto \u00e0 Secretaria Executiva do CNRH at\u00e9 as 18h do dia 23\/3\/2015, sendo a rela\u00e7\u00e3o final dos habilitados afixada na Secretaria Executiva do CNRH e tamb\u00e9m divulgada na p\u00e1gina eletr\u00f4nica do CNRH, no dia 1\u00ba\/4\/2015. Ser\u00e3o desconsideradas as inscri\u00e7\u00f5es e recursos para habilita\u00e7\u00e3o enviados por correio que apresentarem carimbo de postagem com data posterior aos prazos estabelecidos. As Assembleias Deliberativas ter\u00e3o in\u00edcio \u00e0s 9h, em Bras\u00edlia\/DF, no SEPN 505 (acesso pela W2) &#8211; Lote 2 &#8211; Edif\u00edcio Marie Prendi Cruz (unidade do Minist\u00e9rio do Meio Ambiente) &#8211; T\u00e9rreo &#8211; Sala T13, nas seguintes datas: a) irrigantes, em 4\/5\/2015; b) institui\u00e7\u00f5es encarregadas da presta\u00e7\u00e3o de servi\u00e7o p\u00fablico de abastecimento de \u00e1gua e esgotamento sanit\u00e1rio, em 5\/5\/2015; c) concession\u00e1rias e autorizadas de gera\u00e7\u00e3o hidrel\u00e9trica, em 6\/5\/2015; d) setor hidrovi\u00e1rio, em 7\/5\/2015; e) ind\u00fastria, em 8\/5\/2015; f) pescadores e usu\u00e1rios de recursos h\u00eddricos com finalidade de lazer e turismo, em 11\/5\/2015; g) comit\u00eas, cons\u00f3rcios e associa\u00e7\u00f5es intermunicipais de bacias hidrogr\u00e1ficas, em 12\/5\/2015; h) organiza\u00e7\u00f5es t\u00e9cnicas de ensino e pesquisa, com interesse e atua\u00e7\u00e3o comprovada na \u00e1rea de recursos h\u00eddricos, em 13\/5\/2015; i) organiza\u00e7\u00f5es n\u00e3o-governamentais, com objetivos, interesses e atua\u00e7\u00e3o comprovada na \u00e1rea de recursos h\u00eddricos, em 14\/5\/2015. As atas das Assembleias, com a indica\u00e7\u00e3o dos novos representantes no CNRH, dever\u00e3o ser entregues \u00e0 Secretaria Executiva do CNRH at\u00e9 as 19h do dia da respectiva Assembleia. O formul\u00e1rio para habilita\u00e7\u00e3o estar\u00e1 dispon\u00edvel na p\u00e1gina eletr\u00f4nica\u00a0<a href=\"http:\/\/www.cnrh.gov.br\/\" rel=\"nofollow\" shape=\"rect\" target=\"_blank\">www.cnrh.gov.br<\/a>. Informa\u00e7\u00f5es: (61) 2028-2076 \/ 2028-2082 \/ 2028-2676 \/ 2028-2346.<\/span><\/span><\/div>\n<div align=\"CENTER\"><span style=\"font-family: 'Times New Roman', serif;\"><span style=\"font-size: small;\">Bras\u00edlia, 28 de janeiro de 2015<\/span><\/span><\/div>\n<div align=\"CENTER\"><span style=\"font-family: 'Times New Roman', serif;\"><span style=\"font-size: small;\">NEY MARANH\u00c3O<\/span><\/span><\/div>\n<div id=\"yui_3_16_0_1_1423232099934_12548\" align=\"CENTER\"><span style=\"font-family: 'Times New Roman', serif;\"><span style=\"font-size: small;\"><br clear=\"none\" \/><\/span><\/span><\/div>\n<p>&nbsp;<\/p>\n<p>&nbsp;<\/p>\n<p><a title=\"ASD\" href=\"https:\/\/drive.google.com\/a\/fonasc-cbh.org.br\/file\/d\/0B0AbQ_bvecHER1gxMTNUTk55bkU\/view?usp=sharing\" target=\"_blank\">MODELO DE FICHA DE INSCRI\u00c7\u00c3O NO PROCESDSO ELEIORAL PARA SER ENCAMINHADA AO FONASC OU SRHU-MMA<\/a><\/p>\n<p>https:\/\/drive.google.com\/a\/fonasc-cbh.org.br\/file\/d\/0B0AbQ_bvecHER1gxMTNUTk55bkU\/view<\/p>\n<p>&nbsp;<\/p>\n<p>&nbsp;<\/p>\n<p><a title=\"AQSD\" href=\"https:\/\/fonasc-cbh.org.br\/?wpfb_dl=431\" target=\"_blank\">RES. 159 &#8211; QUE REGULAMENTA E ESTABELECE AS CONDI\u00c7\u00d5ES PARA PARTICIPA\u00c7\u00c3O NO PROCESSO ELEITORAL \u00a0QUE DEFINE A REPRESENTA\u00c7\u00c3O DAS ORG CIVIS NO CNRH<\/a><\/p>\n<p>&nbsp;<\/p>\n<p><a title=\"asd\" href=\"https:\/\/drive.google.com\/a\/fonasc-cbh.org.br\/file\/d\/0B0AbQ_bvecHEeW1XRDZEbzFEbjg\/view?usp=sharing\" target=\"_blank\">RELA\u00c7\u00c3O DAS ENTIDADES DE TODOS OS SEGMENTOS QUE PARTICIPARAM DO ULTIMO PROCESSO ELEITORAL<\/a> EM 2012 ( esses s\u00f3 necessitam apresentar ficha de inscri\u00e7\u00e3o preenchida com ata de altera\u00e7\u00e3o estatut\u00e1ria da ultima dire\u00e7\u00e3o eleita) \u00a0 VEJA TAMBEM EM<a title=\"ASD\" href=\"https:\/\/fonasc-cbh.org.br\/?page_id=289\" target=\"_blank\"> DOCUMENTOS<\/a><\/p>\n<p>&nbsp;<\/p>\n<p>&nbsp;<\/p>\n<p>foines bsb 61 99996191o<\/p>\n<p>email: \u00a0fonasc-cbh@fonasc-cbh.org.br<\/p>\n<p>&nbsp;<\/p>\n<p>&nbsp;<\/p>\n<p>&nbsp;<\/p>\n<p>&nbsp;<\/p>\n<p>&nbsp;<\/p>\n<p>&nbsp;<\/p>\n<p>&nbsp;<\/p>\n<p>&nbsp;<\/p>\n<p>&nbsp;<\/p>\n","protected":false},"excerpt":{"rendered":"<p>ata da plen\u00e1ria da elei\u00e7\u00e3o VEJA\u00a0TODAS AS NOTICIAS E O RESULTADO ELEITORAL SOBRE A PARTICIPACAO DO FONASC NO PROCESSO ELEITORAL&#8230;<\/p>\n","protected":false},"author":2,"featured_media":0,"parent":1698,"menu_order":0,"comment_status":"closed","ping_status":"open","template":"","meta":{"footnotes":""},"_links":{"self":[{"href":"https:\/\/fonasc-cbh.org.br\/index.php?rest_route=\/wp\/v2\/pages\/11558"}],"collection":[{"href":"https:\/\/fonasc-cbh.org.br\/index.php?rest_route=\/wp\/v2\/pages"}],"about":[{"href":"https:\/\/fonasc-cbh.org.br\/index.php?rest_route=\/wp\/v2\/types\/page"}],"author":[{"embeddable":true,"href":"https:\/\/fonasc-cbh.org.br\/index.php?rest_route=\/wp\/v2\/users\/2"}],"replies":[{"embeddable":true,"href":"https:\/\/fonasc-cbh.org.br\/index.php?rest_route=%2Fwp%2Fv2%2Fcomments&post=11558"}],"version-history":[{"count":31,"href":"https:\/\/fonasc-cbh.org.br\/index.php?rest_route=\/wp\/v2\/pages\/11558\/revisions"}],"predecessor-version":[{"id":11572,"href":"https:\/\/fonasc-cbh.org.br\/index.php?rest_route=\/wp\/v2\/pages\/11558\/revisions\/11572"}],"up":[{"embeddable":true,"href":"https:\/\/fonasc-cbh.org.br\/index.php?rest_route=\/wp\/v2\/pages\/1698"}],"wp:attachment":[{"href":"https:\/\/fonasc-cbh.org.br\/index.php?rest_route=%2Fwp%2Fv2%2Fmedia&parent=11558"}],"curies":[{"name":"wp","href":"https:\/\/api.w.org\/{rel}","templated":true}]}}