{"id":11437,"date":"2015-01-12T21:00:24","date_gmt":"2015-01-12T21:00:24","guid":{"rendered":"http:\/\/fonasc-cbh.org.br\/?page_id=11437"},"modified":"2025-07-11T21:10:29","modified_gmt":"2025-07-11T21:10:29","slug":"boletins-fonasc","status":"publish","type":"page","link":"https:\/\/fonasc-cbh.org.br\/?page_id=11437","title":{"rendered":"BOLETINS  DO  FONASC"},"content":{"rendered":"<p>[vc_row][vc_column][vc_column_text]<\/p>\n<blockquote>\n<h3><a href=\"https:\/\/drive.google.com\/drive\/folders\/1g7DNtl1RcbPLxVMcqf07caXwTXq7xlfE\" target=\"_blank\" rel=\"noopener\"><img loading=\"lazy\" decoding=\"async\" class=\"alignnone size-full wp-image-24845\" src=\"https:\/\/fonasc-cbh.org.br\/wp-content\/uploads\/PASTA.png\" alt=\"\" width=\"48\" height=\"48\" \/>\u00a0 CLIQUE AQUI para ver o diret\u00f3rio com todos os Boletins.<\/a><\/h3>\n<pre style=\"text-align: center;\">Obs: Arquivos est\u00e3o na plataforma Google Drive.\u00a0 Os links, em sua maioria, abrir\u00e1 em uma nova aba.<\/pre>\n<\/blockquote>\n<h4><span style=\"color: #0000ff;\"><a href=\"https:\/\/drive.google.com\/drive\/u\/0\/folders\/1TdAE9itealJhNOeQcL4yKsMJ_hUXqsNr\" target=\"_blank\" rel=\"noopener\">\u00a0<img loading=\"lazy\" decoding=\"async\" class=\"alignnone size-full wp-image-24845\" src=\"https:\/\/fonasc-cbh.org.br\/wp-content\/uploads\/PASTA.png\" alt=\"\" width=\"48\" height=\"48\" \/> Todos os BOLETINS de 2025 &#8211; (Boletim 170)<\/a><\/span><\/h4>\n<p><a href=\"https:\/\/drive.google.com\/file\/d\/1bGnzyEK-wZTxQyYROm7OxctSt1pVESYn\/view?usp=sharing\">\u00a0 \u00a0 \u00a0 \u00a0 \u00a0 Boletim 170 &#8211; jan\/fev &#8211; Veja em PDF<\/a><\/p>\n<h4><span style=\"color: #0000ff;\"><a href=\"https:\/\/drive.google.com\/drive\/u\/0\/folders\/1TdAE9itealJhNOeQcL4yKsMJ_hUXqsNr\" target=\"_blank\" rel=\"noopener\"><img loading=\"lazy\" decoding=\"async\" class=\"alignnone size-full wp-image-24845\" src=\"https:\/\/fonasc-cbh.org.br\/wp-content\/uploads\/PASTA.png\" alt=\"\" width=\"48\" height=\"48\" \/>\u00a0 <\/a>\u00a0 <\/span><span style=\"color: #0000ff;\"><a href=\"https:\/\/drive.google.com\/drive\/u\/0\/folders\/1TdAE9itealJhNOeQcL4yKsMJ_hUXqsNr\" target=\"_blank\" rel=\"noopener\">BOLETINS de 2024 &#8211; (Boletim 154-163)<\/a><\/span><\/h4>\n<p><a href=\"https:\/\/drive.google.com\/file\/d\/1OeGdwa1LvG4RsDHTuMHulPc6vOtfxPfv\/view?usp=drive_link\">\u00a0 \u00a0 \u00a0 \u00a0 \u00a0 Boletim 169 &#8211; dezembro &#8211; Veja em PDF<\/a><\/p>\n<p><a href=\"https:\/\/drive.google.com\/file\/d\/1XWVny4M_XtyMd0qRcPZFboHkSR51to2H\/view?usp=drive_link\">\u00a0 \u00a0 \u00a0 \u00a0 \u00a0 Boletim 168 &#8211; outubro-novembro &#8211; Veja em PDF<\/a><\/p>\n<p><a href=\"https:\/\/drive.google.com\/file\/d\/1rKcAZMaSSGKBCDStRHy8_8gVbeLQQyWM\/view?usp=drive_link\">\u00a0 \u00a0 \u00a0 \u00a0 \u00a0 Boletim 167 &#8211; agosto-setembro &#8211; Veja em PDF<\/a><\/p>\n<p><a href=\"https:\/\/drive.google.com\/file\/d\/13RxDg8rUXGVF2E0ubII7ptFcJSsNcRXB\/view?usp=drive_link\">\u00a0 \u00a0 \u00a0 \u00a0 \u00a0 Boletim 166 &#8211; junho-julho- Veja em PDF<\/a><\/p>\n<p><a href=\"https:\/\/drive.google.com\/file\/d\/10uqg72p71UgosMj-i4aWXN_Rk9ZOztq3\/view?usp=drive_link\">\u00a0 \u00a0 \u00a0 \u00a0 \u00a0 Boletim 164\/165 &#8211; jan-fev-mar\u00e7o-abril-maio &#8211; Veja em PDF<\/a><\/p>\n<h4><span style=\"color: #0000ff;\"><a href=\"https:\/\/drive.google.com\/drive\/u\/0\/folders\/1TdAE9itealJhNOeQcL4yKsMJ_hUXqsNr\" target=\"_blank\" rel=\"noopener\">\u00a0<img loading=\"lazy\" decoding=\"async\" class=\"alignnone size-full wp-image-24845\" src=\"https:\/\/fonasc-cbh.org.br\/wp-content\/uploads\/PASTA.png\" alt=\"\" width=\"48\" height=\"48\" \/> Todos os BOLETINS de 2023 &#8211; (Boletim 154-163)<\/a><\/span><\/h4>\n<p><a href=\"https:\/\/drive.google.com\/file\/d\/1kRL7O1DZI0kWoHWCdBRt6NUfBpg2Oq4Y\/view?usp=drive_link\">\u00a0 \u00a0 \u00a0 \u00a0 \u00a0 Boletim 154-158 &#8211; naio &#8211; Veja em PDF<\/a><\/p>\n<p><a href=\"https:\/\/drive.google.com\/file\/d\/1A_90_R_o1GTyf7GGKyulwvSlro-r4vQm\/view?usp=drive_link\">\u00a0 \u00a0 \u00a0 \u00a0 \u00a0 Boletim 159 &#8211; junho &#8211; Veja em PDF<\/a><\/p>\n<p><a href=\"https:\/\/drive.google.com\/file\/d\/1naY8peHGoKe-pQQaUHjhyec2FnRQl2bn\/view?usp=drive_link\">\u00a0 \u00a0 \u00a0 \u00a0 \u00a0 Boletim 160\/161 &#8211; setembro &#8211; outubro &#8211; Veja em PDF<\/a><\/p>\n<p><a href=\"https:\/\/drive.google.com\/file\/d\/1gOxlUb84eTsK6GCtwvrrC0V2IZBhbPhC\/view?usp=drive_link\">\u00a0 \u00a0 \u00a0 \u00a0 \u00a0 Boletim 162\/163 &#8211; novembro-dezembro &#8211; Veja em PDF<\/a><\/p>\n<blockquote>\n<h4><span style=\"color: #0000ff;\"><a href=\"https:\/\/drive.google.com\/drive\/u\/0\/folders\/1TdAE9itealJhNOeQcL4yKsMJ_hUXqsNr\" target=\"_blank\" rel=\"noopener\"><img loading=\"lazy\" decoding=\"async\" class=\"alignnone size-full wp-image-24845\" src=\"https:\/\/fonasc-cbh.org.br\/wp-content\/uploads\/PASTA.png\" alt=\"\" width=\"48\" height=\"48\" \/> Todos os BOLETINS de 2022 &#8211; (Boletim 149&#8230;)<\/a><\/span><\/h4>\n<\/blockquote>\n<blockquote>\n<p style=\"text-align: center;\"><a href=\"https:\/\/drive.google.com\/file\/d\/154nhIZgLMgc4scgLBpBfptkgWZYOYXjb\/view?usp=sharing\" target=\"_blank\" rel=\"noopener\">\u00a0 \u00a0 \u00a0 \u00a0 \u00a0 \u00a0 \u00a0 \u00a0 \u00a0 \u00a0 \u00a0 \u00a0 \u00a0 \u00a0 \u00a0 \u00a0 \u00a0 \u00a0 \u00a0 \u00a0 \u00a0 \u00a0 \u00a0 \u00a0 \u00a0 \u00a0 \u00a0 \u00a0 \u00a0 \u00a0 \u00a0 \u00a0 \u00a0Boletim 149 &#8211; junho- Veja em PDF.<\/a><\/p>\n<p style=\"text-align: center;\">\u00a0 \u00a0 \u00a0 \u00a0 \u00a0 \u00a0 \u00a0 \u00a0 \u00a0 \u00a0 \u00a0 \u00a0 \u00a0 \u00a0 \u00a0 \u00a0 \u00a0 \u00a0 \u00a0 \u00a0 \u00a0 \u00a0 \u00a0 \u00a0 \u00a0 \u00a0 \u00a0 \u00a0 \u00a0 \u00a0 \u00a0 \u00a0 \u00a0<a href=\"https:\/\/drive.google.com\/file\/d\/1V69uFfjK9rSjBkaMV92sizYCQtZy56R4\/view?usp=sharing\" target=\"_blank\" rel=\"noopener\">Boletim 150 &#8211; julho &#8211; Veja em PDF.<\/a><\/p>\n<p style=\"text-align: center;\"><a href=\"https:\/\/drive.google.com\/file\/d\/1tr8Ij-8MeGKso_T8DhH-3uAnwe-dZ9Nj\/view?usp=share_link\" target=\"_blank\" rel=\"noopener\">\u00a0 \u00a0 \u00a0 \u00a0 \u00a0 \u00a0 \u00a0 \u00a0 \u00a0 \u00a0 \u00a0 \u00a0 \u00a0 \u00a0 \u00a0 \u00a0 \u00a0 \u00a0 \u00a0 \u00a0 \u00a0 \u00a0 \u00a0 \u00a0 \u00a0 \u00a0 \u00a0 \u00a0 \u00a0 \u00a0 \u00a0 \u00a0 Boletim 151 &#8211; agosto &#8211; Veja em PDF.<\/a><\/p>\n<p>\u00a0 \u00a0 \u00a0 \u00a0 \u00a0 \u00a0 \u00a0 \u00a0 \u00a0 \u00a0 \u00a0 \u00a0 \u00a0 \u00a0 \u00a0 \u00a0 <a href=\"https:\/\/drive.google.com\/file\/d\/1C87qJ0MpNtKWPU0WvR-SmKJ73o1Bvtad\/view?usp=sharing\" target=\"_blank\" rel=\"noopener\">\u00a0 \u00a0 \u00a0 \u00a0 \u00a0 \u00a0 \u00a0 \u00a0 \u00a0 \u00a0 \u00a0 \u00a0 \u00a0 \u00a0 \u00a0 \u00a0 \u00a0 \u00a0 \u00a0 \u00a0 \u00a0 \u00a0 \u00a0 \u00a0 \u00a0 \u00a0 \u00a0 \u00a0 \u00a0 \u00a0Boletim 152 &#8211; setembro &#8211; Veja em PDF.<\/a><\/p>\n<p><a href=\"https:\/\/drive.google.com\/file\/d\/1mQTtSE6fANujObN92hbdkixjiMxnGfPm\/view?usp=sharing\" target=\"_blank\" rel=\"noopener\">\u00a0 \u00a0 \u00a0 \u00a0 \u00a0 \u00a0 \u00a0 \u00a0 \u00a0 \u00a0 \u00a0 \u00a0 \u00a0 \u00a0 \u00a0 \u00a0 \u00a0 \u00a0 \u00a0 \u00a0 \u00a0 \u00a0 \u00a0 \u00a0 \u00a0 \u00a0 \u00a0 \u00a0 \u00a0 \u00a0 \u00a0 \u00a0 \u00a0 \u00a0 \u00a0 \u00a0 \u00a0 \u00a0 \u00a0 \u00a0 \u00a0 \u00a0 \u00a0 \u00a0 \u00a0 \u00a0 \u00a0 Boletim 153 &#8211; outubro &#8211; Veja em PDF.<\/a><\/p>\n<p><a href=\"https:\/\/drive.google.com\/file\/d\/10J_4ExxXd2XlH--1XYIFlozh_RZ4ym_b\/view?usp=share_link\" target=\"_blank\" rel=\"noopener\">\u00a0 \u00a0 \u00a0 \u00a0 \u00a0 \u00a0 \u00a0 \u00a0 \u00a0 \u00a0 \u00a0 \u00a0 \u00a0 \u00a0 \u00a0 \u00a0 \u00a0 \u00a0 \u00a0 \u00a0 \u00a0 \u00a0 \u00a0 \u00a0 \u00a0 \u00a0 \u00a0 \u00a0 \u00a0 \u00a0 \u00a0 \u00a0 \u00a0 \u00a0 \u00a0 \u00a0 \u00a0 \u00a0 \u00a0 \u00a0 \u00a0 \u00a0 \u00a0 \u00a0 \u00a0 \u00a0 \u00a0 Relat\u00f3rio CBH Guandu Fonasc.CBH 2022.<\/a><\/p>\n<p><a href=\"https:\/\/drive.google.com\/file\/d\/1jBP-_3k719TVay5sYE6QcD5sEXqeqlVU\/view?usp=share_link\" target=\"_blank\" rel=\"noopener\">\u00a0 \u00a0 \u00a0 \u00a0 \u00a0 \u00a0 \u00a0 \u00a0 \u00a0 \u00a0 \u00a0 \u00a0 \u00a0 \u00a0 \u00a0 \u00a0 \u00a0 \u00a0 \u00a0 \u00a0 \u00a0 \u00a0 \u00a0 \u00a0 \u00a0 \u00a0 \u00a0 \u00a0 \u00a0 \u00a0 \u00a0 \u00a0 \u00a0 \u00a0 \u00a0 \u00a0 \u00a0 \u00a0 \u00a0 \u00a0 \u00a0 \u00a0 \u00a0 \u00a0 \u00a0 \u00a0 \u00a0 Relat\u00f3rio CBH Turia\u00e7u Fonasc.CBH 2022.<\/a><\/p>\n<p><a href=\"https:\/\/drive.google.com\/file\/d\/16HQVB-YDC06d2aTR66G8KE_Gbu6aRltI\/view?usp=share_link\" target=\"_blank\" rel=\"noopener\">\u00a0 \u00a0 \u00a0 \u00a0 \u00a0 \u00a0 \u00a0 \u00a0 \u00a0 \u00a0 \u00a0 \u00a0 \u00a0 \u00a0 \u00a0 \u00a0 \u00a0 \u00a0 \u00a0 \u00a0 \u00a0 \u00a0 \u00a0 \u00a0 \u00a0 \u00a0 \u00a0 \u00a0 \u00a0 \u00a0 \u00a0 \u00a0 \u00a0 \u00a0 \u00a0 \u00a0 \u00a0 \u00a0 \u00a0 \u00a0 \u00a0 \u00a0 \u00a0 \u00a0 \u00a0 \u00a0 \u00a0 Boletim 154-158 &#8211; maio &#8211; Veja em PDF.<\/a><\/p><\/blockquote>\n<blockquote>\n<p style=\"text-align: center;\"><a href=\"https:\/\/drive.google.com\/file\/d\/1DSJHQoilW_Od6ebKHm4JKdoHKWVJO5HG\/view?usp=sharing\" target=\"_blank\" rel=\"noopener\">Boletim 128 &#8211; Especial Retrospectiva 2019 &#8211; Veja em PDF.<\/a><\/p>\n<\/blockquote>\n<blockquote>\n<h4 style=\"text-align: left;\"><span style=\"color: #0000ff;\"><a href=\"https:\/\/drive.google.com\/drive\/u\/0\/folders\/1Q6h5FtKpR6XVO_hLbjmKYHTuTvYpxEnb\" target=\"_blank\" rel=\"noopener\"><img loading=\"lazy\" decoding=\"async\" class=\"alignnone size-full wp-image-24845\" src=\"https:\/\/fonasc-cbh.org.br\/wp-content\/uploads\/PASTA.png\" alt=\"\" width=\"48\" height=\"48\" \/> BOLETINS 2018 &#8211; (Boletim 94 \u00e0 108)<\/a><strong><br \/>\n<\/strong><\/span><\/h4>\n<\/blockquote>\n<blockquote>\n<p style=\"text-align: left;\"><span style=\"color: #0000ff;\"><strong><img loading=\"lazy\" decoding=\"async\" class=\"alignnone size-full wp-image-24845\" src=\"https:\/\/fonasc-cbh.org.br\/wp-content\/uploads\/PASTA.png\" alt=\"\" width=\"48\" height=\"48\" \/> BOLETINS 2017<\/strong><\/span><\/p>\n<\/blockquote>\n<p style=\"text-align: left;\"><a href=\"https:\/\/fonasc-cbh.org.br\/?page_id=18782\"><img loading=\"lazy\" decoding=\"async\" class=\"alignnone size-full wp-image-24851\" src=\"https:\/\/fonasc-cbh.org.br\/wp-content\/uploads\/FILE-peq.png\" alt=\"\" width=\"30\" height=\"39\" \/>Boletim 93<\/a> &#8211; \u00a0<a href=\" https:\/\/fonasc-cbh.org.br\/?page_id=18567 \">Boletim 92<\/a> &#8211; <a href=\"https:\/\/fonasc-cbh.org.br\/?page_id=18097\">Boletim 91<\/a> &#8211; <a href=\" https:\/\/fonasc-cbh.org.br\/?page_id=17834\">Boletim 90<\/a> &#8211; <a title=\"jjj\" href=\"https:\/\/fonasc-cbh.org.br\/?page_id=17691\">Boletim 89<\/a> &#8211; <a href=\"https:\/\/fonasc-cbh.org.br\/?page_id=17579\">BOLETIM 88<\/a> &#8211; <a href=\"https:\/\/fonasc-cbh.org.br\/?page_id=17260\">BOLETIM 87<\/a><\/p>\n<blockquote>\n<h4><span style=\"color: #0000ff;\"><strong><img loading=\"lazy\" decoding=\"async\" class=\"alignnone size-full wp-image-24845\" src=\"https:\/\/fonasc-cbh.org.br\/wp-content\/uploads\/PASTA.png\" alt=\"\" width=\"48\" height=\"48\" \/><\/strong>BOLETINS 2016<\/span><\/h4>\n<\/blockquote>\n<p style=\"text-align: left;\"><a href=\"https:\/\/fonasc-cbh.org.br\/?page_id=16958\"><img loading=\"lazy\" decoding=\"async\" class=\"alignnone size-full wp-image-24851\" src=\"https:\/\/fonasc-cbh.org.br\/wp-content\/uploads\/FILE-peq.png\" alt=\"\" width=\"30\" height=\"39\" \/> BOLETIM 86<\/a> &#8211; <a href=\"https:\/\/fonasc-cbh.org.br\/?page_id=16965\">BOLETIM 85<\/a> &#8211;\u00a0<a href=\"https:\/\/fonasc-cbh.org.br\/?page_id=16773\">BOLETIM 84<\/a> &#8211; <a href=\" https:\/\/fonasc-cbh.org.br\/?page_id=16704\">BOLETIM 83<\/a> &#8211; <a href=\"https:\/\/fonasc-cbh.org.br\/?page_id=16620\">BOLETIM 82<\/a> &#8211; <a href=\"https:\/\/fonasc-cbh.org.br\/?page_id=16535\">BOLETIM 81<\/a> &#8211; <a href=\"https:\/\/fonasc-cbh.org.br\/?page_id=16419\">BOLETIM 80<\/a> &#8211; <a href=\"https:\/\/fonasc-cbh.org.br\/?page_id=16234\">BOLETIM 79<\/a> &#8211; <a title=\"asd\" href=\"https:\/\/fonasc-cbh.org.br\/?page_id=16110\" target=\"_blank\" rel=\"noopener\">BOLETIM 78<\/a> &#8211; <a href=\"https:\/\/fonasc-cbh.org.br\/?page_id=16031\">BOLETIM 77<\/a> &#8211; <span style=\"color: #0000ff;\"><a title=\"asd\" href=\"https:\/\/fonasc-cbh.org.br\/?page_id=15839\" target=\"_blank\" rel=\"noopener\">BOLETIM 76<\/a> &#8211; <\/span><span style=\"color: #0000ff;\"><a title=\"asd\" href=\"https:\/\/fonasc-cbh.org.br\/?page_id=15730\" target=\"_blank\" rel=\"noopener\">BOLETIM 75<\/a><strong> &#8211; <\/strong><\/span><a title=\"asd\" href=\"https:\/\/fonasc-cbh.org.br\/?page_id=15649\" target=\"_blank\" rel=\"noopener\">boletim \u00a0#74<\/a> &#8211; <a title=\"asd\" href=\"https:\/\/fonasc-cbh.org.br\/?page_id=15598\">Boletim 73<\/a><a href=\"https:\/\/fonasc-cbh.org.br\/?page_id=15598\"><br \/>\n<\/a>\u00a0&#8211; <a href=\"https:\/\/fonasc-cbh.org.br\/?page_id=15427\">Boletim Especial &#8211; Reginaldo Melo<\/a> &#8211; <a href=\"https:\/\/fonasc-cbh.org.br\/?page_id=15377\">Boletim #72<\/a> &#8211; <a href=\"https:\/\/fonasc-cbh.org.br\/?page_id=15295\">Boletim 71<\/a> &#8211; <a title=\"ASD\" href=\"https:\/\/fonasc-cbh.org.br\/?page_id=15161\" target=\"_blank\" rel=\"noopener\">BOLETIM 70<\/a> &#8211; <a title=\"asd\" href=\"https:\/\/fonasc-cbh.org.br\/?page_id=15099\" target=\"_blank\" rel=\"noopener\">Boletim 69<\/a> &#8211; <a href=\"https:\/\/fonasc-cbh.org.br\/?page_id=15029\">Boletim 68<\/a> &#8211; <span style=\"color: #0000ff;\"><a title=\"mkk\" href=\"https:\/\/fonasc-cbh.org.br\/?page_id=14998\" target=\"_blank\" rel=\"noopener\">Boletim 67<\/a><strong><br \/>\n<\/strong><\/span><\/p>\n<blockquote>\n<p style=\"text-align: left;\"><span style=\"color: #0000ff;\"><strong><img loading=\"lazy\" decoding=\"async\" class=\"alignnone size-full wp-image-24845\" src=\"https:\/\/fonasc-cbh.org.br\/wp-content\/uploads\/PASTA.png\" alt=\"\" width=\"48\" height=\"48\" \/> BOLETINS 2015<\/strong><\/span><\/p>\n<p style=\"text-align: left;\"><img loading=\"lazy\" decoding=\"async\" class=\"alignnone size-full wp-image-24851\" src=\"https:\/\/fonasc-cbh.org.br\/wp-content\/uploads\/FILE-peq.png\" alt=\"\" width=\"30\" height=\"39\" \/><a href=\"https:\/\/fonasc-cbh.org.br\/?page_id=14983\"> Boletim 66<\/a> &#8211; <a href=\" https:\/\/fonasc-cbh.org.br\/?page_id=14834\">Boletim 65<\/a> &#8211; <a href=\"https:\/\/fonasc-cbh.org.br\/?page_id=14636\">Boletim 64<\/a> &#8211; <a href=\"https:\/\/fonasc-cbh.org.br\/?page_id=14556\">Boletim 63<\/a> &#8211; <a href=\"https:\/\/fonasc-cbh.org.br\/?page_id=14548\">Boletim 62<\/a> &#8211; boletins 59 60 61 62<\/p>\n<\/blockquote>\n<blockquote>\n<h4><a href=\"https:\/\/drive.google.com\/drive\/u\/0\/folders\/1cp7UER4uSE8Ycdts0secOilBe-NfRxgV\" target=\"_blank\" rel=\"noopener\"><strong><img loading=\"lazy\" decoding=\"async\" class=\"alignnone size-full wp-image-24845\" src=\"https:\/\/fonasc-cbh.org.br\/wp-content\/uploads\/PASTA.png\" alt=\"\" width=\"48\" height=\"48\" \/><\/strong> BOLETINS 2015 Boletins Edi\u00e7\u00e3o 11 \u00e0 24 Clique aqui<\/a><\/h4>\n<\/blockquote>\n<blockquote><p><span style=\"color: #0000ff;\"><a href=\"https:\/\/drive.google.com\/drive\/u\/0\/folders\/1zzo3evGu9GbENB2ouQ2D0JXKF6X0YKw0\" target=\"_blank\" rel=\"noopener\"><img loading=\"lazy\" decoding=\"async\" class=\"alignnone size-full wp-image-24845\" src=\"https:\/\/fonasc-cbh.org.br\/wp-content\/uploads\/PASTA.png\" alt=\"\" width=\"48\" height=\"48\" \/> BOLETINS 2014 -Boletins Edi\u00e7\u00e3o 1 \u00e0 10 Clique aqui<\/a> <strong><br \/>\n<\/strong><\/span><\/p><\/blockquote>\n<pre id=\"line1\"><\/pre>\n<p>&#8212;&#8212;&#8212;&#8212;&#8212;&#8212;&#8212;&#8212;&#8212;&#8212;&#8212;&#8212;&#8212;&#8212;&#8212;&#8212;&#8212;&#8212;&#8212;&#8212;&#8212;&#8212;&#8212;&#8212;&#8212;&#8212;&#8212;&#8212;&#8212;&#8212;&#8212;&#8212;-<\/p>\n<p><a title=\"ASD\" href=\"https:\/\/drive.google.com\/file\/d\/1m1U8OZF0v-rw1WHxJgGVeib6dcC_fJWe\/view?usp=sharing\" target=\"_blank\" rel=\"noopener\"><img loading=\"lazy\" decoding=\"async\" class=\"alignnone size-full wp-image-24851\" src=\"https:\/\/fonasc-cbh.org.br\/wp-content\/uploads\/FILE-peq.png\" alt=\"\" width=\"30\" height=\"39\" \/>\u00a0BOLETIM 2010<\/a><\/p>\n<p><a title=\"ASD\" href=\"https:\/\/drive.google.com\/file\/d\/17sWweNxnut56EBONwvbKl5onhiYk2Hec\/view?usp=sharing\" target=\"_blank\" rel=\"noopener\"><img loading=\"lazy\" decoding=\"async\" class=\"alignnone size-full wp-image-24851\" src=\"https:\/\/fonasc-cbh.org.br\/wp-content\/uploads\/FILE-peq.png\" alt=\"\" width=\"30\" height=\"39\" \/> BOLETIM 2004 &#8211; Mar\u00e7o<\/a><\/p>\n<p><a title=\"MNN\" href=\"https:\/\/drive.google.com\/file\/d\/1LiTkmOHNDknFAQstwwdgak01f9Ec71Hr\/view?usp=sharing\" target=\"_blank\" rel=\"noopener\"><img loading=\"lazy\" decoding=\"async\" class=\"alignnone size-full wp-image-24851\" src=\"https:\/\/fonasc-cbh.org.br\/wp-content\/uploads\/FILE-peq.png\" alt=\"\" width=\"30\" height=\"39\" \/> BOLETIM 2004 &#8211; Outubro<\/a>[\/vc_column_text][\/vc_column][\/vc_row]<\/p>\n","protected":false},"excerpt":{"rendered":"<p>[vc_row][vc_column][vc_column_text] \u00a0 CLIQUE AQUI para ver o diret\u00f3rio com todos os Boletins. Obs: Arquivos est\u00e3o na plataforma Google Drive.\u00a0 Os&#8230;<\/p>\n","protected":false},"author":2,"featured_media":0,"parent":3001,"menu_order":0,"comment_status":"closed","ping_status":"open","template":"","meta":{"footnotes":""},"_links":{"self":[{"href":"https:\/\/fonasc-cbh.org.br\/index.php?rest_route=\/wp\/v2\/pages\/11437"}],"collection":[{"href":"https:\/\/fonasc-cbh.org.br\/index.php?rest_route=\/wp\/v2\/pages"}],"about":[{"href":"https:\/\/fonasc-cbh.org.br\/index.php?rest_route=\/wp\/v2\/types\/page"}],"author":[{"embeddable":true,"href":"https:\/\/fonasc-cbh.org.br\/index.php?rest_route=\/wp\/v2\/users\/2"}],"replies":[{"embeddable":true,"href":"https:\/\/fonasc-cbh.org.br\/index.php?rest_route=%2Fwp%2Fv2%2Fcomments&post=11437"}],"version-history":[{"count":247,"href":"https:\/\/fonasc-cbh.org.br\/index.php?rest_route=\/wp\/v2\/pages\/11437\/revisions"}],"predecessor-version":[{"id":28209,"href":"https:\/\/fonasc-cbh.org.br\/index.php?rest_route=\/wp\/v2\/pages\/11437\/revisions\/28209"}],"up":[{"embeddable":true,"href":"https:\/\/fonasc-cbh.org.br\/index.php?rest_route=\/wp\/v2\/pages\/3001"}],"wp:attachment":[{"href":"https:\/\/fonasc-cbh.org.br\/index.php?rest_route=%2Fwp%2Fv2%2Fmedia&parent=11437"}],"curies":[{"name":"wp","href":"https:\/\/api.w.org\/{rel}","templated":true}]}}